{"id":9866,"date":"2020-11-13T15:16:20","date_gmt":"2020-11-13T14:16:20","guid":{"rendered":"https:\/\/www.guara-outdoor.com\/produit\/camiseta-organica-guara-bleu-chine\/"},"modified":"2022-04-04T15:18:55","modified_gmt":"2022-04-04T13:18:55","slug":"camiseta-organica-guara-azul-porcelana","status":"publish","type":"product","link":"https:\/\/www.guara-outdoor.com\/es\/produit\/camiseta-organica-guara-azul-porcelana\/","title":{"rendered":"Camiseta org\u00e1nica &#8211; Guara &#8211; AZUL PORCELANA"},"content":{"rendered":"<h2 class=\"Corps\">CARACTER\u00cdSTICAS:<\/h2>\n<p><span id=\"s2_1\">Camiseta de corte mixto<\/span><\/p>\n<p><span id=\"s2_2\">dise\u00f1ado con un algod\u00f3n org\u00e1nico de calidad 180g\/m\u00b2<\/span><\/p>\n<p>&nbsp;<\/p>\n<h2 class=\"Corps\"><b>MATERIALES :<\/b><\/h2>\n<p>100% algod\u00f3n org\u00e1nico<\/p>\n<p>Color: AZUL PORCELANA<\/p>\n<h2 class=\"Corps\"><b>TALLAS :<\/b><\/h2>\n<p>De las tallas XS a 2XL<\/p>\n<p><img decoding=\"async\" class=\"alignnone wp-image-7812\" src=\"https:\/\/www.guara-outdoor.com\/wp-content\/uploads\/2020\/11\/vegan.png\" alt=\"\" width=\"130\" height=\"66\" srcset=\"https:\/\/www.guara-outdoor.com\/wp-content\/uploads\/2020\/11\/vegan.png 315w, https:\/\/www.guara-outdoor.com\/wp-content\/uploads\/2020\/11\/vegan-300x152.png 300w\" sizes=\"(max-width: 130px) 100vw, 130px\" \/> <img decoding=\"async\" class=\"alignnone wp-image-7809\" src=\"https:\/\/www.guara-outdoor.com\/wp-content\/uploads\/2020\/11\/organic-textile.png\" alt=\"\" width=\"171\" height=\"128\" \/> <img decoding=\"async\" class=\"alignnone wp-image-7806\" src=\"https:\/\/www.guara-outdoor.com\/wp-content\/uploads\/2020\/11\/oekotex-100.png\" alt=\"\" width=\"178\" height=\"57\" srcset=\"https:\/\/www.guara-outdoor.com\/wp-content\/uploads\/2020\/11\/oekotex-100.png 800w, https:\/\/www.guara-outdoor.com\/wp-content\/uploads\/2020\/11\/oekotex-100-400x128.png 400w, https:\/\/www.guara-outdoor.com\/wp-content\/uploads\/2020\/11\/oekotex-100-300x96.png 300w, https:\/\/www.guara-outdoor.com\/wp-content\/uploads\/2020\/11\/oekotex-100-768x246.png 768w\" sizes=\"(max-width: 178px) 100vw, 178px\" \/> <img loading=\"lazy\" decoding=\"async\" class=\"alignnone wp-image-7803\" src=\"https:\/\/www.guara-outdoor.com\/wp-content\/uploads\/2020\/11\/fair-wear.png\" alt=\"\" width=\"158\" height=\"76\" srcset=\"https:\/\/www.guara-outdoor.com\/wp-content\/uploads\/2020\/11\/fair-wear.png 324w, https:\/\/www.guara-outdoor.com\/wp-content\/uploads\/2020\/11\/fair-wear-300x144.png 300w\" sizes=\"(max-width: 158px) 100vw, 158px\" \/><\/p>\n<p>&nbsp;<\/p>\n<p>&nbsp;<\/p>\n","protected":false},"excerpt":{"rendered":"<p>Camiseta de manga corta de algod\u00f3n org\u00e1nico de calida GUARA<\/p>\n","protected":false},"featured_media":9811,"template":"","meta":[],"product_brand":[],"product_cat":[274],"product_tag":[282,281,284],"class_list":{"0":"post-9866","1":"product","2":"type-product","3":"status-publish","4":"has-post-thumbnail","6":"product_cat-camiseta-organica","7":"product_tag-algodon","8":"product_tag-camiseta","9":"product_tag-organico","11":"first","12":"instock","13":"taxable","14":"shipping-taxable","15":"purchasable","16":"product-type-variable","17":"has-default-attributes"},"acf":[],"yoast_head":"<!-- This site is optimized with the Yoast SEO plugin v27.0 - https:\/\/yoast.com\/product\/yoast-seo-wordpress\/ -->\n<title>Camiseta org\u00e1nica - Guara - AZUL PORCELANA - Guara Outdoor<\/title>\n<meta name=\"description\" content=\"Camiseta de manga corta de algod\u00f3n org\u00e1nico de calidad .\" \/>\n<meta name=\"robots\" content=\"index, follow, max-snippet:-1, max-image-preview:large, max-video-preview:-1\" \/>\n<link rel=\"canonical\" href=\"https:\/\/www.guara-outdoor.com\/es\/produit\/camiseta-organica-guara-azul-porcelana\/\" \/>\n<meta property=\"og:locale\" content=\"es_ES\" \/>\n<meta property=\"og:type\" content=\"article\" \/>\n<meta property=\"og:title\" content=\"Camiseta org\u00e1nica - Guara - AZUL PORCELANA - Guara Outdoor\" \/>\n<meta property=\"og:description\" content=\"Camiseta de manga corta de algod\u00f3n org\u00e1nico de calidad .\" \/>\n<meta property=\"og:url\" content=\"https:\/\/www.guara-outdoor.com\/es\/produit\/camiseta-organica-guara-azul-porcelana\/\" \/>\n<meta property=\"og:site_name\" content=\"Guara Outdoor\" \/>\n<meta property=\"article:modified_time\" content=\"2022-04-04T13:18:55+00:00\" \/>\n<meta property=\"og:image\" content=\"https:\/\/www.guara-outdoor.com\/wp-content\/uploads\/2021\/04\/t-shirt-bleu-chine.jpg\" \/>\n\t<meta property=\"og:image:width\" content=\"1000\" \/>\n\t<meta property=\"og:image:height\" content=\"1000\" \/>\n\t<meta property=\"og:image:type\" content=\"image\/jpeg\" \/>\n<meta name=\"twitter:card\" content=\"summary_large_image\" \/>\n<meta name=\"twitter:label1\" content=\"Tiempo de lectura\" \/>\n\t<meta name=\"twitter:data1\" content=\"1 minuto\" \/>\n<script type=\"application\/ld+json\" class=\"yoast-schema-graph\">{\"@context\":\"https:\/\/schema.org\",\"@graph\":[{\"@type\":\"WebPage\",\"@id\":\"https:\/\/www.guara-outdoor.com\/es\/produit\/camiseta-organica-guara-azul-porcelana\/\",\"url\":\"https:\/\/www.guara-outdoor.com\/es\/produit\/camiseta-organica-guara-azul-porcelana\/\",\"name\":\"Camiseta org\u00e1nica - Guara - AZUL PORCELANA - Guara Outdoor\",\"isPartOf\":{\"@id\":\"https:\/\/www.guara-outdoor.com\/es\/#website\"},\"primaryImageOfPage\":{\"@id\":\"https:\/\/www.guara-outdoor.com\/es\/produit\/camiseta-organica-guara-azul-porcelana\/#primaryimage\"},\"image\":{\"@id\":\"https:\/\/www.guara-outdoor.com\/es\/produit\/camiseta-organica-guara-azul-porcelana\/#primaryimage\"},\"thumbnailUrl\":\"https:\/\/www.guara-outdoor.com\/wp-content\/uploads\/2021\/04\/t-shirt-bleu-chine.jpg\",\"datePublished\":\"2020-11-13T14:16:20+00:00\",\"dateModified\":\"2022-04-04T13:18:55+00:00\",\"description\":\"Camiseta de manga corta de algod\u00f3n org\u00e1nico de calidad .\",\"breadcrumb\":{\"@id\":\"https:\/\/www.guara-outdoor.com\/es\/produit\/camiseta-organica-guara-azul-porcelana\/#breadcrumb\"},\"inLanguage\":\"es\",\"potentialAction\":[{\"@type\":\"ReadAction\",\"target\":[\"https:\/\/www.guara-outdoor.com\/es\/produit\/camiseta-organica-guara-azul-porcelana\/\"]}]},{\"@type\":\"ImageObject\",\"inLanguage\":\"es\",\"@id\":\"https:\/\/www.guara-outdoor.com\/es\/produit\/camiseta-organica-guara-azul-porcelana\/#primaryimage\",\"url\":\"https:\/\/www.guara-outdoor.com\/wp-content\/uploads\/2021\/04\/t-shirt-bleu-chine.jpg\",\"contentUrl\":\"https:\/\/www.guara-outdoor.com\/wp-content\/uploads\/2021\/04\/t-shirt-bleu-chine.jpg\",\"width\":1000,\"height\":1000,\"caption\":\"combinaison-canyoning-vetement--tshirt-ensemble-monopiece-chausette-homme-femme-neoprene-moniteur\"},{\"@type\":\"BreadcrumbList\",\"@id\":\"https:\/\/www.guara-outdoor.com\/es\/produit\/camiseta-organica-guara-azul-porcelana\/#breadcrumb\",\"itemListElement\":[{\"@type\":\"ListItem\",\"position\":1,\"name\":\"Accueil\",\"item\":\"https:\/\/www.guara-outdoor.com\/es\/\"},{\"@type\":\"ListItem\",\"position\":2,\"name\":\"Produits\",\"item\":\"https:\/\/www.guara-outdoor.com\/produits2\/\"},{\"@type\":\"ListItem\",\"position\":3,\"name\":\"Camiseta org\u00e1nica\",\"item\":\"https:\/\/www.guara-outdoor.com\/es\/product\/camiseta-organica\/\"},{\"@type\":\"ListItem\",\"position\":4,\"name\":\"Camiseta org\u00e1nica &#8211; Guara &#8211; AZUL PORCELANA\"}]},{\"@type\":\"WebSite\",\"@id\":\"https:\/\/www.guara-outdoor.com\/es\/#website\",\"url\":\"https:\/\/www.guara-outdoor.com\/es\/\",\"name\":\"Guara Outdoor\",\"description\":\"made for adventure\",\"potentialAction\":[{\"@type\":\"SearchAction\",\"target\":{\"@type\":\"EntryPoint\",\"urlTemplate\":\"https:\/\/www.guara-outdoor.com\/es\/?s={search_term_string}\"},\"query-input\":{\"@type\":\"PropertyValueSpecification\",\"valueRequired\":true,\"valueName\":\"search_term_string\"}}],\"inLanguage\":\"es\"}]}<\/script>\n<!-- \/ Yoast SEO plugin. -->","yoast_head_json":{"title":"Camiseta org\u00e1nica - Guara - AZUL PORCELANA - Guara Outdoor","description":"Camiseta de manga corta de algod\u00f3n org\u00e1nico de calidad .","robots":{"index":"index","follow":"follow","max-snippet":"max-snippet:-1","max-image-preview":"max-image-preview:large","max-video-preview":"max-video-preview:-1"},"canonical":"https:\/\/www.guara-outdoor.com\/es\/produit\/camiseta-organica-guara-azul-porcelana\/","og_locale":"es_ES","og_type":"article","og_title":"Camiseta org\u00e1nica - Guara - AZUL PORCELANA - Guara Outdoor","og_description":"Camiseta de manga corta de algod\u00f3n org\u00e1nico de calidad .","og_url":"https:\/\/www.guara-outdoor.com\/es\/produit\/camiseta-organica-guara-azul-porcelana\/","og_site_name":"Guara Outdoor","article_modified_time":"2022-04-04T13:18:55+00:00","og_image":[{"width":1000,"height":1000,"url":"https:\/\/www.guara-outdoor.com\/wp-content\/uploads\/2021\/04\/t-shirt-bleu-chine.jpg","type":"image\/jpeg"}],"twitter_card":"summary_large_image","twitter_misc":{"Tiempo de lectura":"1 minuto"},"schema":{"@context":"https:\/\/schema.org","@graph":[{"@type":"WebPage","@id":"https:\/\/www.guara-outdoor.com\/es\/produit\/camiseta-organica-guara-azul-porcelana\/","url":"https:\/\/www.guara-outdoor.com\/es\/produit\/camiseta-organica-guara-azul-porcelana\/","name":"Camiseta org\u00e1nica - Guara - AZUL PORCELANA - Guara Outdoor","isPartOf":{"@id":"https:\/\/www.guara-outdoor.com\/es\/#website"},"primaryImageOfPage":{"@id":"https:\/\/www.guara-outdoor.com\/es\/produit\/camiseta-organica-guara-azul-porcelana\/#primaryimage"},"image":{"@id":"https:\/\/www.guara-outdoor.com\/es\/produit\/camiseta-organica-guara-azul-porcelana\/#primaryimage"},"thumbnailUrl":"https:\/\/www.guara-outdoor.com\/wp-content\/uploads\/2021\/04\/t-shirt-bleu-chine.jpg","datePublished":"2020-11-13T14:16:20+00:00","dateModified":"2022-04-04T13:18:55+00:00","description":"Camiseta de manga corta de algod\u00f3n org\u00e1nico de calidad .","breadcrumb":{"@id":"https:\/\/www.guara-outdoor.com\/es\/produit\/camiseta-organica-guara-azul-porcelana\/#breadcrumb"},"inLanguage":"es","potentialAction":[{"@type":"ReadAction","target":["https:\/\/www.guara-outdoor.com\/es\/produit\/camiseta-organica-guara-azul-porcelana\/"]}]},{"@type":"ImageObject","inLanguage":"es","@id":"https:\/\/www.guara-outdoor.com\/es\/produit\/camiseta-organica-guara-azul-porcelana\/#primaryimage","url":"https:\/\/www.guara-outdoor.com\/wp-content\/uploads\/2021\/04\/t-shirt-bleu-chine.jpg","contentUrl":"https:\/\/www.guara-outdoor.com\/wp-content\/uploads\/2021\/04\/t-shirt-bleu-chine.jpg","width":1000,"height":1000,"caption":"combinaison-canyoning-vetement--tshirt-ensemble-monopiece-chausette-homme-femme-neoprene-moniteur"},{"@type":"BreadcrumbList","@id":"https:\/\/www.guara-outdoor.com\/es\/produit\/camiseta-organica-guara-azul-porcelana\/#breadcrumb","itemListElement":[{"@type":"ListItem","position":1,"name":"Accueil","item":"https:\/\/www.guara-outdoor.com\/es\/"},{"@type":"ListItem","position":2,"name":"Produits","item":"https:\/\/www.guara-outdoor.com\/produits2\/"},{"@type":"ListItem","position":3,"name":"Camiseta org\u00e1nica","item":"https:\/\/www.guara-outdoor.com\/es\/product\/camiseta-organica\/"},{"@type":"ListItem","position":4,"name":"Camiseta org\u00e1nica &#8211; Guara &#8211; AZUL PORCELANA"}]},{"@type":"WebSite","@id":"https:\/\/www.guara-outdoor.com\/es\/#website","url":"https:\/\/www.guara-outdoor.com\/es\/","name":"Guara Outdoor","description":"made for adventure","potentialAction":[{"@type":"SearchAction","target":{"@type":"EntryPoint","urlTemplate":"https:\/\/www.guara-outdoor.com\/es\/?s={search_term_string}"},"query-input":{"@type":"PropertyValueSpecification","valueRequired":true,"valueName":"search_term_string"}}],"inLanguage":"es"}]}},"_links":{"self":[{"href":"https:\/\/www.guara-outdoor.com\/es\/wp-json\/wp\/v2\/product\/9866","targetHints":{"allow":["GET"]}}],"collection":[{"href":"https:\/\/www.guara-outdoor.com\/es\/wp-json\/wp\/v2\/product"}],"about":[{"href":"https:\/\/www.guara-outdoor.com\/es\/wp-json\/wp\/v2\/types\/product"}],"wp:featuredmedia":[{"embeddable":true,"href":"https:\/\/www.guara-outdoor.com\/es\/wp-json\/wp\/v2\/media\/9811"}],"wp:attachment":[{"href":"https:\/\/www.guara-outdoor.com\/es\/wp-json\/wp\/v2\/media?parent=9866"}],"wp:term":[{"taxonomy":"product_brand","embeddable":true,"href":"https:\/\/www.guara-outdoor.com\/es\/wp-json\/wp\/v2\/product_brand?post=9866"},{"taxonomy":"product_cat","embeddable":true,"href":"https:\/\/www.guara-outdoor.com\/es\/wp-json\/wp\/v2\/product_cat?post=9866"},{"taxonomy":"product_tag","embeddable":true,"href":"https:\/\/www.guara-outdoor.com\/es\/wp-json\/wp\/v2\/product_tag?post=9866"}],"curies":[{"name":"wp","href":"https:\/\/api.w.org\/{rel}","templated":true}]}}