{"id":930,"date":"2017-11-22T09:13:33","date_gmt":"2017-11-22T08:13:33","guid":{"rendered":"https:\/\/www.guara-outdoor.com\/produit\/bacterless-wetsuit-cleaner-1l\/"},"modified":"2021-04-02T15:36:09","modified_gmt":"2021-04-02T13:36:09","slug":"bacterless-wetsuit-cleaner-1l","status":"publish","type":"product","link":"https:\/\/www.guara-outdoor.com\/es\/produit\/bacterless-wetsuit-cleaner-1l\/","title":{"rendered":"BACTERLESS Wetsuit Cleaner 1L"},"content":{"rendered":"<p><strong>Bacterless<\/strong>\u00a01 L es una soluci\u00f3n desinfectante para limpiar trajes y calc\u00e9tines en neopreno, lycra, casco \u2026 Para mantener eficazmente su material de barranquismo, es esencial realizar una limpieza y desinfecci\u00f3n regulares para eliminar bacterias potencialmente nocivas y \u00a0 indeseable. Biodegradable, al perfume \u201cEucalyptus\u201d, empape su traje de neopreno durante 15 minutos con la soluci\u00f3n diluida en el agua clara. No enjuagar despu\u00e9s del tratamiento.<\/p>\n<p>&nbsp;<\/p>\n<p>&nbsp;<\/p>\n<ul>\n<li>Limpia y desinfecta.<\/li>\n<li>Conserva el strech \u00a0del neopreno.<\/li>\n<li>Olor Eucalyptus.<\/li>\n<li>Biodegradable.<\/li>\n<li>Probado seg\u00fan EN1276.<\/li>\n<li>El tiempo de contacto que hay que respetar cerca de 15 minutos.<\/li>\n<li>Utilizar el biocides con precauciones, antes de usar, lea la etiqueta del producto cuidadosamente.<\/li>\n<\/ul>\n","protected":false},"excerpt":{"rendered":"<p>Bacterless es un limpiador que desinfecta para todo los trajes y los calc\u00e9tines en neopreno, lycra y materiales n\u00e1uticos. Ofrece m\u00e1s comodidad y respeta la higiene en todos los deportes de agua.<\/p>\n<p>&nbsp;<\/p>\n<p>&nbsp;<\/p>\n","protected":false},"featured_media":28023,"template":"","meta":[],"product_brand":[],"product_cat":[41],"product_tag":[60,61,62,63],"class_list":{"0":"post-930","1":"product","2":"type-product","3":"status-publish","4":"has-post-thumbnail","6":"product_cat-producto-limpieza","7":"product_tag-bactericide-es","8":"product_tag-bacterless-es","9":"product_tag-desinfectant-es","10":"product_tag-produit-dentretien-es","12":"first","13":"instock","14":"taxable","15":"shipping-taxable","16":"purchasable","17":"product-type-variable"},"acf":[],"yoast_head":"<!-- This site is optimized with the Yoast SEO plugin v27.0 - https:\/\/yoast.com\/product\/yoast-seo-wordpress\/ -->\n<title>Bacterless 1L d\u00e9sinfectant pour les combinaisons Guara-outdoor<\/title>\n<meta name=\"description\" content=\"Bacterless\u00a01 L est une solution d\u00e9sinfectante pour nettoyer les combinaisons et les chaussons en n\u00e9opr\u00e8ne de canyoning, lycra, casque... Pour entretenir efficacement votre mat\u00e9riel de canyoning, il est indispensable d\u2019effectuer r\u00e9guli\u00e8rement le nettoyage et la d\u00e9sinfection afin d&#039;\u00e9liminer les bact\u00e9ries nocives.\" \/>\n<meta name=\"robots\" content=\"index, follow, max-snippet:-1, max-image-preview:large, max-video-preview:-1\" \/>\n<link rel=\"canonical\" href=\"https:\/\/www.guara-outdoor.com\/es\/produit\/bacterless-wetsuit-cleaner-1l\/\" \/>\n<meta property=\"og:locale\" content=\"es_ES\" \/>\n<meta property=\"og:type\" content=\"article\" \/>\n<meta property=\"og:title\" content=\"Bacterless 1L d\u00e9sinfectant pour les combinaisons Guara-outdoor\" \/>\n<meta property=\"og:description\" content=\"Bacterless\u00a01 L est une solution d\u00e9sinfectante pour nettoyer les combinaisons et les chaussons en n\u00e9opr\u00e8ne de canyoning, lycra, casque... Pour entretenir efficacement votre mat\u00e9riel de canyoning, il est indispensable d\u2019effectuer r\u00e9guli\u00e8rement le nettoyage et la d\u00e9sinfection afin d&#039;\u00e9liminer les bact\u00e9ries nocives.\" \/>\n<meta property=\"og:url\" content=\"https:\/\/www.guara-outdoor.com\/es\/produit\/bacterless-wetsuit-cleaner-1l\/\" \/>\n<meta property=\"og:site_name\" content=\"Guara Outdoor\" \/>\n<meta property=\"article:modified_time\" content=\"2021-04-02T13:36:09+00:00\" \/>\n<meta property=\"og:image\" content=\"https:\/\/www.guara-outdoor.com\/wp-content\/uploads\/2019\/06\/new-bacterless-1l-1.jpg\" \/>\n\t<meta property=\"og:image:width\" content=\"1984\" \/>\n\t<meta property=\"og:image:height\" content=\"2126\" \/>\n\t<meta property=\"og:image:type\" content=\"image\/jpeg\" \/>\n<meta name=\"twitter:card\" content=\"summary_large_image\" \/>\n<meta name=\"twitter:label1\" content=\"Tiempo de lectura\" \/>\n\t<meta name=\"twitter:data1\" content=\"1 minuto\" \/>\n<script type=\"application\/ld+json\" class=\"yoast-schema-graph\">{\"@context\":\"https:\/\/schema.org\",\"@graph\":[{\"@type\":\"WebPage\",\"@id\":\"https:\/\/www.guara-outdoor.com\/es\/produit\/bacterless-wetsuit-cleaner-1l\/\",\"url\":\"https:\/\/www.guara-outdoor.com\/es\/produit\/bacterless-wetsuit-cleaner-1l\/\",\"name\":\"Bacterless 1L d\u00e9sinfectant pour les combinaisons Guara-outdoor\",\"isPartOf\":{\"@id\":\"https:\/\/www.guara-outdoor.com\/es\/#website\"},\"primaryImageOfPage\":{\"@id\":\"https:\/\/www.guara-outdoor.com\/es\/produit\/bacterless-wetsuit-cleaner-1l\/#primaryimage\"},\"image\":{\"@id\":\"https:\/\/www.guara-outdoor.com\/es\/produit\/bacterless-wetsuit-cleaner-1l\/#primaryimage\"},\"thumbnailUrl\":\"https:\/\/www.guara-outdoor.com\/wp-content\/uploads\/2025\/01\/packshot-sac-mc-face-copie.jpg\",\"datePublished\":\"2017-11-22T08:13:33+00:00\",\"dateModified\":\"2021-04-02T13:36:09+00:00\",\"description\":\"Bacterless\u00a01 L est une solution d\u00e9sinfectante pour nettoyer les combinaisons et les chaussons en n\u00e9opr\u00e8ne de canyoning, lycra, casque... Pour entretenir efficacement votre mat\u00e9riel de canyoning, il est indispensable d\u2019effectuer r\u00e9guli\u00e8rement le nettoyage et la d\u00e9sinfection afin d'\u00e9liminer les bact\u00e9ries nocives.\",\"breadcrumb\":{\"@id\":\"https:\/\/www.guara-outdoor.com\/es\/produit\/bacterless-wetsuit-cleaner-1l\/#breadcrumb\"},\"inLanguage\":\"es\",\"potentialAction\":[{\"@type\":\"ReadAction\",\"target\":[\"https:\/\/www.guara-outdoor.com\/es\/produit\/bacterless-wetsuit-cleaner-1l\/\"]}]},{\"@type\":\"ImageObject\",\"inLanguage\":\"es\",\"@id\":\"https:\/\/www.guara-outdoor.com\/es\/produit\/bacterless-wetsuit-cleaner-1l\/#primaryimage\",\"url\":\"https:\/\/www.guara-outdoor.com\/wp-content\/uploads\/2025\/01\/packshot-sac-mc-face-copie.jpg\",\"contentUrl\":\"https:\/\/www.guara-outdoor.com\/wp-content\/uploads\/2025\/01\/packshot-sac-mc-face-copie.jpg\",\"width\":1000,\"height\":1000},{\"@type\":\"BreadcrumbList\",\"@id\":\"https:\/\/www.guara-outdoor.com\/es\/produit\/bacterless-wetsuit-cleaner-1l\/#breadcrumb\",\"itemListElement\":[{\"@type\":\"ListItem\",\"position\":1,\"name\":\"Accueil\",\"item\":\"https:\/\/www.guara-outdoor.com\/es\/\"},{\"@type\":\"ListItem\",\"position\":2,\"name\":\"Produits\",\"item\":\"https:\/\/www.guara-outdoor.com\/produits2\/\"},{\"@type\":\"ListItem\",\"position\":3,\"name\":\"Producto de limpieza\",\"item\":\"https:\/\/www.guara-outdoor.com\/es\/product\/producto-limpieza\/\"},{\"@type\":\"ListItem\",\"position\":4,\"name\":\"BACTERLESS Wetsuit Cleaner 1L\"}]},{\"@type\":\"WebSite\",\"@id\":\"https:\/\/www.guara-outdoor.com\/es\/#website\",\"url\":\"https:\/\/www.guara-outdoor.com\/es\/\",\"name\":\"Guara Outdoor\",\"description\":\"made for adventure\",\"potentialAction\":[{\"@type\":\"SearchAction\",\"target\":{\"@type\":\"EntryPoint\",\"urlTemplate\":\"https:\/\/www.guara-outdoor.com\/es\/?s={search_term_string}\"},\"query-input\":{\"@type\":\"PropertyValueSpecification\",\"valueRequired\":true,\"valueName\":\"search_term_string\"}}],\"inLanguage\":\"es\"}]}<\/script>\n<!-- \/ Yoast SEO plugin. -->","yoast_head_json":{"title":"Bacterless 1L d\u00e9sinfectant pour les combinaisons Guara-outdoor","description":"Bacterless\u00a01 L est une solution d\u00e9sinfectante pour nettoyer les combinaisons et les chaussons en n\u00e9opr\u00e8ne de canyoning, lycra, casque... Pour entretenir efficacement votre mat\u00e9riel de canyoning, il est indispensable d\u2019effectuer r\u00e9guli\u00e8rement le nettoyage et la d\u00e9sinfection afin d'\u00e9liminer les bact\u00e9ries nocives.","robots":{"index":"index","follow":"follow","max-snippet":"max-snippet:-1","max-image-preview":"max-image-preview:large","max-video-preview":"max-video-preview:-1"},"canonical":"https:\/\/www.guara-outdoor.com\/es\/produit\/bacterless-wetsuit-cleaner-1l\/","og_locale":"es_ES","og_type":"article","og_title":"Bacterless 1L d\u00e9sinfectant pour les combinaisons Guara-outdoor","og_description":"Bacterless\u00a01 L est une solution d\u00e9sinfectante pour nettoyer les combinaisons et les chaussons en n\u00e9opr\u00e8ne de canyoning, lycra, casque... Pour entretenir efficacement votre mat\u00e9riel de canyoning, il est indispensable d\u2019effectuer r\u00e9guli\u00e8rement le nettoyage et la d\u00e9sinfection afin d'\u00e9liminer les bact\u00e9ries nocives.","og_url":"https:\/\/www.guara-outdoor.com\/es\/produit\/bacterless-wetsuit-cleaner-1l\/","og_site_name":"Guara Outdoor","article_modified_time":"2021-04-02T13:36:09+00:00","og_image":[{"width":1984,"height":2126,"url":"https:\/\/www.guara-outdoor.com\/wp-content\/uploads\/2019\/06\/new-bacterless-1l-1.jpg","type":"image\/jpeg"}],"twitter_card":"summary_large_image","twitter_misc":{"Tiempo de lectura":"1 minuto"},"schema":{"@context":"https:\/\/schema.org","@graph":[{"@type":"WebPage","@id":"https:\/\/www.guara-outdoor.com\/es\/produit\/bacterless-wetsuit-cleaner-1l\/","url":"https:\/\/www.guara-outdoor.com\/es\/produit\/bacterless-wetsuit-cleaner-1l\/","name":"Bacterless 1L d\u00e9sinfectant pour les combinaisons Guara-outdoor","isPartOf":{"@id":"https:\/\/www.guara-outdoor.com\/es\/#website"},"primaryImageOfPage":{"@id":"https:\/\/www.guara-outdoor.com\/es\/produit\/bacterless-wetsuit-cleaner-1l\/#primaryimage"},"image":{"@id":"https:\/\/www.guara-outdoor.com\/es\/produit\/bacterless-wetsuit-cleaner-1l\/#primaryimage"},"thumbnailUrl":"https:\/\/www.guara-outdoor.com\/wp-content\/uploads\/2025\/01\/packshot-sac-mc-face-copie.jpg","datePublished":"2017-11-22T08:13:33+00:00","dateModified":"2021-04-02T13:36:09+00:00","description":"Bacterless\u00a01 L est une solution d\u00e9sinfectante pour nettoyer les combinaisons et les chaussons en n\u00e9opr\u00e8ne de canyoning, lycra, casque... Pour entretenir efficacement votre mat\u00e9riel de canyoning, il est indispensable d\u2019effectuer r\u00e9guli\u00e8rement le nettoyage et la d\u00e9sinfection afin d'\u00e9liminer les bact\u00e9ries nocives.","breadcrumb":{"@id":"https:\/\/www.guara-outdoor.com\/es\/produit\/bacterless-wetsuit-cleaner-1l\/#breadcrumb"},"inLanguage":"es","potentialAction":[{"@type":"ReadAction","target":["https:\/\/www.guara-outdoor.com\/es\/produit\/bacterless-wetsuit-cleaner-1l\/"]}]},{"@type":"ImageObject","inLanguage":"es","@id":"https:\/\/www.guara-outdoor.com\/es\/produit\/bacterless-wetsuit-cleaner-1l\/#primaryimage","url":"https:\/\/www.guara-outdoor.com\/wp-content\/uploads\/2025\/01\/packshot-sac-mc-face-copie.jpg","contentUrl":"https:\/\/www.guara-outdoor.com\/wp-content\/uploads\/2025\/01\/packshot-sac-mc-face-copie.jpg","width":1000,"height":1000},{"@type":"BreadcrumbList","@id":"https:\/\/www.guara-outdoor.com\/es\/produit\/bacterless-wetsuit-cleaner-1l\/#breadcrumb","itemListElement":[{"@type":"ListItem","position":1,"name":"Accueil","item":"https:\/\/www.guara-outdoor.com\/es\/"},{"@type":"ListItem","position":2,"name":"Produits","item":"https:\/\/www.guara-outdoor.com\/produits2\/"},{"@type":"ListItem","position":3,"name":"Producto de limpieza","item":"https:\/\/www.guara-outdoor.com\/es\/product\/producto-limpieza\/"},{"@type":"ListItem","position":4,"name":"BACTERLESS Wetsuit Cleaner 1L"}]},{"@type":"WebSite","@id":"https:\/\/www.guara-outdoor.com\/es\/#website","url":"https:\/\/www.guara-outdoor.com\/es\/","name":"Guara Outdoor","description":"made for adventure","potentialAction":[{"@type":"SearchAction","target":{"@type":"EntryPoint","urlTemplate":"https:\/\/www.guara-outdoor.com\/es\/?s={search_term_string}"},"query-input":{"@type":"PropertyValueSpecification","valueRequired":true,"valueName":"search_term_string"}}],"inLanguage":"es"}]}},"_links":{"self":[{"href":"https:\/\/www.guara-outdoor.com\/es\/wp-json\/wp\/v2\/product\/930","targetHints":{"allow":["GET"]}}],"collection":[{"href":"https:\/\/www.guara-outdoor.com\/es\/wp-json\/wp\/v2\/product"}],"about":[{"href":"https:\/\/www.guara-outdoor.com\/es\/wp-json\/wp\/v2\/types\/product"}],"wp:featuredmedia":[{"embeddable":true,"href":"https:\/\/www.guara-outdoor.com\/es\/wp-json\/wp\/v2\/media\/28023"}],"wp:attachment":[{"href":"https:\/\/www.guara-outdoor.com\/es\/wp-json\/wp\/v2\/media?parent=930"}],"wp:term":[{"taxonomy":"product_brand","embeddable":true,"href":"https:\/\/www.guara-outdoor.com\/es\/wp-json\/wp\/v2\/product_brand?post=930"},{"taxonomy":"product_cat","embeddable":true,"href":"https:\/\/www.guara-outdoor.com\/es\/wp-json\/wp\/v2\/product_cat?post=930"},{"taxonomy":"product_tag","embeddable":true,"href":"https:\/\/www.guara-outdoor.com\/es\/wp-json\/wp\/v2\/product_tag?post=930"}],"curies":[{"name":"wp","href":"https:\/\/api.w.org\/{rel}","templated":true}]}}