{"id":5629,"date":"2020-03-05T17:12:24","date_gmt":"2020-03-05T16:12:24","guid":{"rendered":"https:\/\/www.guara-outdoor.com\/?post_type=product&#038;p=5629"},"modified":"2023-07-29T17:45:31","modified_gmt":"2023-07-29T15:45:31","slug":"corippo-chaqueta-nino","status":"publish","type":"product","link":"https:\/\/www.guara-outdoor.com\/es\/produit\/corippo-chaqueta-nino\/","title":{"rendered":"\u00abCorippo\u00bb chaqueta ni\u00f1o"},"content":{"rendered":"<h2 class=\"Corps\"><b>CARACTER\u00cdSTICAS:<\/b><\/h2>\n<p class=\"Corps\">Modelo ni\u00f1o.<\/p>\n<p class=\"Corps\">Cierre de cremallera que llega al lado de la barbilla para una mayor comodidad.<\/p>\n<p>Codos reforzados de kevlar y poliuretano muy resistente.<\/p>\n<p>Costuras cosidas pegadas (GBS) que no atraviesan el neopreno para limitar las entradas de agua y conservar el calor.<\/p>\n<p class=\"Corps\">Mangas c\u00f3modas\u00a0 para una libertad de movimiento.<\/p>\n<p class=\"Corps\">Capucha.<\/p>\n<p>Cierra de cremallera en los pu\u00f1os para facilitar el ensartado.<\/p>\n<p class=\"Corps\">Ciertas costuras son reforzadas por una banda adhesiva l\u00edquida para evitar abrasi\u00f3n demasiado r\u00e1pida de las costuras.<\/p>\n<p>Es posible asociar la chaqueta con el long-john de neopreno \u00abCorippo\u00bb (GLJ05).<\/p>\n<h2 class=\"Corps\"><b>MATERIALES :<\/b><\/h2>\n<p>&nbsp;<\/p>\n<p class=\"Corps\">Neopreno CR 5,5mm con forro s\u00faper el\u00e1stico por ambos lados.<\/p>\n<p class=\"Corps\">Reforzados en kevlar y poliuretano.<\/p>\n<p>Color: naranja &amp; negro<\/p>\n<p>&nbsp;<\/p>\n<h2 class=\"Corps\"><b>TALLAS :<\/b><\/h2>\n<p class=\"Corps\">De las tallas 8 a 12 a\u00f1os.<\/p>\n","protected":false},"excerpt":{"rendered":"<p>La chaqueta de barraquismo \u201cCorippo\u201d \u00a0esta confeccionado en neopreno de 5,5 mm s\u00faper el\u00e1stico \u00a0y resistente. Esta chaqueta es ideal para permitir que los ni\u00f1os disfruten de sus aventuras en el barranco y aguas vivas.<\/p>\n<p>&nbsp;<\/p>\n<p>&nbsp;<\/p>\n","protected":false},"featured_media":28866,"template":"","meta":[],"product_brand":[],"product_cat":[36],"product_tag":[96,97,98,240,99,100],"class_list":{"0":"post-5629","1":"product","2":"type-product","3":"status-publish","4":"has-post-thumbnail","6":"product_cat-trajes","7":"product_tag-combinaison-es","8":"product_tag-longjohn-es","9":"product_tag-neoprene-es","10":"product_tag-nino","11":"product_tag-pantalon-es","12":"product_tag-salopette-es","14":"first","15":"instock","16":"sale","17":"taxable","18":"shipping-taxable","19":"purchasable","20":"product-type-variable"},"acf":[],"yoast_head":"<!-- This site is optimized with the Yoast SEO plugin v27.0 - https:\/\/yoast.com\/product\/yoast-seo-wordpress\/ -->\n<title>CHAQUETA &quot;CORIPPO&quot; GUARA-OUTDOOR NI\u00d1O<\/title>\n<meta name=\"description\" content=\"La chaqueta de barraquismo \u201cCorippo\u201d \u00a0esta confeccionado en neopreno de 5,5 mm s\u00faper el\u00e1stico \u00a0y resistente. Esta chaqueta es ideal para permitir que los ni\u00f1os disfruten de sus aventuras en el barranco y aguas vivas.\" \/>\n<meta name=\"robots\" content=\"index, follow, max-snippet:-1, max-image-preview:large, max-video-preview:-1\" \/>\n<link rel=\"canonical\" href=\"https:\/\/www.guara-outdoor.com\/es\/produit\/corippo-chaqueta-nino\/\" \/>\n<meta property=\"og:locale\" content=\"es_ES\" \/>\n<meta property=\"og:type\" content=\"article\" \/>\n<meta property=\"og:title\" content=\"CHAQUETA &quot;CORIPPO&quot; GUARA-OUTDOOR NI\u00d1O\" \/>\n<meta property=\"og:description\" content=\"La chaqueta de barraquismo \u201cCorippo\u201d \u00a0esta confeccionado en neopreno de 5,5 mm s\u00faper el\u00e1stico \u00a0y resistente. Esta chaqueta es ideal para permitir que los ni\u00f1os disfruten de sus aventuras en el barranco y aguas vivas.\" \/>\n<meta property=\"og:url\" content=\"https:\/\/www.guara-outdoor.com\/es\/produit\/corippo-chaqueta-nino\/\" \/>\n<meta property=\"og:site_name\" content=\"Guara Outdoor\" \/>\n<meta property=\"article:modified_time\" content=\"2023-07-29T15:45:31+00:00\" \/>\n<meta property=\"og:image\" content=\"https:\/\/www.guara-outdoor.com\/wp-content\/uploads\/2020\/03\/corippo-v-dv.jpg\" \/>\n\t<meta property=\"og:image:width\" content=\"1000\" \/>\n\t<meta property=\"og:image:height\" content=\"1000\" \/>\n\t<meta property=\"og:image:type\" content=\"image\/jpeg\" \/>\n<meta name=\"twitter:card\" content=\"summary_large_image\" \/>\n<meta name=\"twitter:label1\" content=\"Tiempo de lectura\" \/>\n\t<meta name=\"twitter:data1\" content=\"1 minuto\" \/>\n<script type=\"application\/ld+json\" class=\"yoast-schema-graph\">{\"@context\":\"https:\/\/schema.org\",\"@graph\":[{\"@type\":\"WebPage\",\"@id\":\"https:\/\/www.guara-outdoor.com\/es\/produit\/corippo-chaqueta-nino\/\",\"url\":\"https:\/\/www.guara-outdoor.com\/es\/produit\/corippo-chaqueta-nino\/\",\"name\":\"CHAQUETA \\\"CORIPPO\\\" GUARA-OUTDOOR NI\u00d1O\",\"isPartOf\":{\"@id\":\"https:\/\/www.guara-outdoor.com\/es\/#website\"},\"primaryImageOfPage\":{\"@id\":\"https:\/\/www.guara-outdoor.com\/es\/produit\/corippo-chaqueta-nino\/#primaryimage\"},\"image\":{\"@id\":\"https:\/\/www.guara-outdoor.com\/es\/produit\/corippo-chaqueta-nino\/#primaryimage\"},\"thumbnailUrl\":\"https:\/\/www.guara-outdoor.com\/wp-content\/uploads\/2020\/03\/corippo-v-dv-2.jpg\",\"datePublished\":\"2020-03-05T16:12:24+00:00\",\"dateModified\":\"2023-07-29T15:45:31+00:00\",\"description\":\"La chaqueta de barraquismo \u201cCorippo\u201d \u00a0esta confeccionado en neopreno de 5,5 mm s\u00faper el\u00e1stico \u00a0y resistente. Esta chaqueta es ideal para permitir que los ni\u00f1os disfruten de sus aventuras en el barranco y aguas vivas.\",\"breadcrumb\":{\"@id\":\"https:\/\/www.guara-outdoor.com\/es\/produit\/corippo-chaqueta-nino\/#breadcrumb\"},\"inLanguage\":\"es\",\"potentialAction\":[{\"@type\":\"ReadAction\",\"target\":[\"https:\/\/www.guara-outdoor.com\/es\/produit\/corippo-chaqueta-nino\/\"]}]},{\"@type\":\"ImageObject\",\"inLanguage\":\"es\",\"@id\":\"https:\/\/www.guara-outdoor.com\/es\/produit\/corippo-chaqueta-nino\/#primaryimage\",\"url\":\"https:\/\/www.guara-outdoor.com\/wp-content\/uploads\/2020\/03\/corippo-v-dv-2.jpg\",\"contentUrl\":\"https:\/\/www.guara-outdoor.com\/wp-content\/uploads\/2020\/03\/corippo-v-dv-2.jpg\",\"width\":1000,\"height\":1000},{\"@type\":\"BreadcrumbList\",\"@id\":\"https:\/\/www.guara-outdoor.com\/es\/produit\/corippo-chaqueta-nino\/#breadcrumb\",\"itemListElement\":[{\"@type\":\"ListItem\",\"position\":1,\"name\":\"Accueil\",\"item\":\"https:\/\/www.guara-outdoor.com\/es\/\"},{\"@type\":\"ListItem\",\"position\":2,\"name\":\"Produits\",\"item\":\"https:\/\/www.guara-outdoor.com\/produits2\/\"},{\"@type\":\"ListItem\",\"position\":3,\"name\":\"Trajes\",\"item\":\"https:\/\/www.guara-outdoor.com\/es\/product\/trajes\/\"},{\"@type\":\"ListItem\",\"position\":4,\"name\":\"\u00ab\u00a0Corippo\u00a0\u00bb chaqueta ni\u00f1o\"}]},{\"@type\":\"WebSite\",\"@id\":\"https:\/\/www.guara-outdoor.com\/es\/#website\",\"url\":\"https:\/\/www.guara-outdoor.com\/es\/\",\"name\":\"Guara Outdoor\",\"description\":\"made for adventure\",\"potentialAction\":[{\"@type\":\"SearchAction\",\"target\":{\"@type\":\"EntryPoint\",\"urlTemplate\":\"https:\/\/www.guara-outdoor.com\/es\/?s={search_term_string}\"},\"query-input\":{\"@type\":\"PropertyValueSpecification\",\"valueRequired\":true,\"valueName\":\"search_term_string\"}}],\"inLanguage\":\"es\"}]}<\/script>\n<!-- \/ Yoast SEO plugin. -->","yoast_head_json":{"title":"CHAQUETA \"CORIPPO\" GUARA-OUTDOOR NI\u00d1O","description":"La chaqueta de barraquismo \u201cCorippo\u201d \u00a0esta confeccionado en neopreno de 5,5 mm s\u00faper el\u00e1stico \u00a0y resistente. Esta chaqueta es ideal para permitir que los ni\u00f1os disfruten de sus aventuras en el barranco y aguas vivas.","robots":{"index":"index","follow":"follow","max-snippet":"max-snippet:-1","max-image-preview":"max-image-preview:large","max-video-preview":"max-video-preview:-1"},"canonical":"https:\/\/www.guara-outdoor.com\/es\/produit\/corippo-chaqueta-nino\/","og_locale":"es_ES","og_type":"article","og_title":"CHAQUETA \"CORIPPO\" GUARA-OUTDOOR NI\u00d1O","og_description":"La chaqueta de barraquismo \u201cCorippo\u201d \u00a0esta confeccionado en neopreno de 5,5 mm s\u00faper el\u00e1stico \u00a0y resistente. Esta chaqueta es ideal para permitir que los ni\u00f1os disfruten de sus aventuras en el barranco y aguas vivas.","og_url":"https:\/\/www.guara-outdoor.com\/es\/produit\/corippo-chaqueta-nino\/","og_site_name":"Guara Outdoor","article_modified_time":"2023-07-29T15:45:31+00:00","og_image":[{"width":1000,"height":1000,"url":"https:\/\/www.guara-outdoor.com\/wp-content\/uploads\/2020\/03\/corippo-v-dv.jpg","type":"image\/jpeg"}],"twitter_card":"summary_large_image","twitter_misc":{"Tiempo de lectura":"1 minuto"},"schema":{"@context":"https:\/\/schema.org","@graph":[{"@type":"WebPage","@id":"https:\/\/www.guara-outdoor.com\/es\/produit\/corippo-chaqueta-nino\/","url":"https:\/\/www.guara-outdoor.com\/es\/produit\/corippo-chaqueta-nino\/","name":"CHAQUETA \"CORIPPO\" GUARA-OUTDOOR NI\u00d1O","isPartOf":{"@id":"https:\/\/www.guara-outdoor.com\/es\/#website"},"primaryImageOfPage":{"@id":"https:\/\/www.guara-outdoor.com\/es\/produit\/corippo-chaqueta-nino\/#primaryimage"},"image":{"@id":"https:\/\/www.guara-outdoor.com\/es\/produit\/corippo-chaqueta-nino\/#primaryimage"},"thumbnailUrl":"https:\/\/www.guara-outdoor.com\/wp-content\/uploads\/2020\/03\/corippo-v-dv-2.jpg","datePublished":"2020-03-05T16:12:24+00:00","dateModified":"2023-07-29T15:45:31+00:00","description":"La chaqueta de barraquismo \u201cCorippo\u201d \u00a0esta confeccionado en neopreno de 5,5 mm s\u00faper el\u00e1stico \u00a0y resistente. Esta chaqueta es ideal para permitir que los ni\u00f1os disfruten de sus aventuras en el barranco y aguas vivas.","breadcrumb":{"@id":"https:\/\/www.guara-outdoor.com\/es\/produit\/corippo-chaqueta-nino\/#breadcrumb"},"inLanguage":"es","potentialAction":[{"@type":"ReadAction","target":["https:\/\/www.guara-outdoor.com\/es\/produit\/corippo-chaqueta-nino\/"]}]},{"@type":"ImageObject","inLanguage":"es","@id":"https:\/\/www.guara-outdoor.com\/es\/produit\/corippo-chaqueta-nino\/#primaryimage","url":"https:\/\/www.guara-outdoor.com\/wp-content\/uploads\/2020\/03\/corippo-v-dv-2.jpg","contentUrl":"https:\/\/www.guara-outdoor.com\/wp-content\/uploads\/2020\/03\/corippo-v-dv-2.jpg","width":1000,"height":1000},{"@type":"BreadcrumbList","@id":"https:\/\/www.guara-outdoor.com\/es\/produit\/corippo-chaqueta-nino\/#breadcrumb","itemListElement":[{"@type":"ListItem","position":1,"name":"Accueil","item":"https:\/\/www.guara-outdoor.com\/es\/"},{"@type":"ListItem","position":2,"name":"Produits","item":"https:\/\/www.guara-outdoor.com\/produits2\/"},{"@type":"ListItem","position":3,"name":"Trajes","item":"https:\/\/www.guara-outdoor.com\/es\/product\/trajes\/"},{"@type":"ListItem","position":4,"name":"\u00ab\u00a0Corippo\u00a0\u00bb chaqueta ni\u00f1o"}]},{"@type":"WebSite","@id":"https:\/\/www.guara-outdoor.com\/es\/#website","url":"https:\/\/www.guara-outdoor.com\/es\/","name":"Guara Outdoor","description":"made for adventure","potentialAction":[{"@type":"SearchAction","target":{"@type":"EntryPoint","urlTemplate":"https:\/\/www.guara-outdoor.com\/es\/?s={search_term_string}"},"query-input":{"@type":"PropertyValueSpecification","valueRequired":true,"valueName":"search_term_string"}}],"inLanguage":"es"}]}},"_links":{"self":[{"href":"https:\/\/www.guara-outdoor.com\/es\/wp-json\/wp\/v2\/product\/5629","targetHints":{"allow":["GET"]}}],"collection":[{"href":"https:\/\/www.guara-outdoor.com\/es\/wp-json\/wp\/v2\/product"}],"about":[{"href":"https:\/\/www.guara-outdoor.com\/es\/wp-json\/wp\/v2\/types\/product"}],"wp:featuredmedia":[{"embeddable":true,"href":"https:\/\/www.guara-outdoor.com\/es\/wp-json\/wp\/v2\/media\/28866"}],"wp:attachment":[{"href":"https:\/\/www.guara-outdoor.com\/es\/wp-json\/wp\/v2\/media?parent=5629"}],"wp:term":[{"taxonomy":"product_brand","embeddable":true,"href":"https:\/\/www.guara-outdoor.com\/es\/wp-json\/wp\/v2\/product_brand?post=5629"},{"taxonomy":"product_cat","embeddable":true,"href":"https:\/\/www.guara-outdoor.com\/es\/wp-json\/wp\/v2\/product_cat?post=5629"},{"taxonomy":"product_tag","embeddable":true,"href":"https:\/\/www.guara-outdoor.com\/es\/wp-json\/wp\/v2\/product_tag?post=5629"}],"curies":[{"name":"wp","href":"https:\/\/api.w.org\/{rel}","templated":true}]}}