{"id":4832,"date":"2020-01-08T15:38:03","date_gmt":"2020-01-08T14:38:11","guid":{"rendered":"https:\/\/www.guara-outdoor.com\/?post_type=product&#038;p=4832"},"modified":"2023-01-18T11:11:03","modified_gmt":"2023-01-18T10:11:03","slug":"chaqueta-rapido","status":"publish","type":"product","link":"https:\/\/www.guara-outdoor.com\/es\/produit\/chaqueta-rapido\/","title":{"rendered":"Chaqueta \u00abRapid&#8217;O\u00bb"},"content":{"rendered":"<h2 class=\"Corps\"><b>CARACTER\u00cdSTICAS:<\/b><\/h2>\n<p class=\"Corps\">Modelo unisex<\/p>\n<p class=\"Corps\">Cierre de cremallera central \u00a0YKK.<\/p>\n<p>Axilas para facilitar los movimientos y la durabilidad.<\/p>\n<p class=\"Corps\">Costuras cosidas pegadas (GBS) que no atraviesan los neopreno para limitar las entradas de agua y conservar el calor.<\/p>\n<p class=\"Corps\">Mangas raglants para una libertad de movimiento.<\/p>\n<p class=\"Corps\">La chaqueta se puede combinar con el neopreno \u00abRapid&#8217;O\u00bb long-john (GLJ04).<\/p>\n<h2 class=\"Corps\"><b>MATERIALES :<\/b><\/h2>\n<p class=\"Corps\">Neopreno CR 4mm con forro s\u00faper el\u00e1stico por ambos lados.<\/p>\n<p>color: negro<\/p>\n<h2 class=\"Corps\"><b>TALLAS :<\/b><\/h2>\n<p class=\"Corps\">De la tallas 0 \u00e0 7<\/p>\n","protected":false},"excerpt":{"rendered":"<p>La chaqueta \u00abRapid&#8217;O\u00bb es ideal para rafting y baranquismo cuando las aguas son templados. Confeccionados en neopreno s\u00faper el\u00e1stico de 4 mm lo que garantiza una mayor comodidad.<\/p>\n","protected":false},"featured_media":28841,"template":"","meta":[],"product_brand":[],"product_cat":[36],"product_tag":[95,96,97,98,99,243,100],"class_list":{"0":"post-4832","1":"product","2":"type-product","3":"status-publish","4":"has-post-thumbnail","6":"product_cat-trajes","7":"product_tag-bas-neoprene-es","8":"product_tag-combinaison-es","9":"product_tag-longjohn-es","10":"product_tag-neoprene-es","11":"product_tag-pantalon-es","12":"product_tag-rafting-es","13":"product_tag-salopette-es","15":"first","16":"onbackorder","17":"sale","18":"featured","19":"taxable","20":"shipping-taxable","21":"purchasable","22":"product-type-variable"},"acf":[],"yoast_head":"<!-- This site is optimized with the Yoast SEO plugin v27.0 - https:\/\/yoast.com\/product\/yoast-seo-wordpress\/ -->\n<title>La chaqueta &quot;Rapid&#039;O&quot; es ideal para rafting y baranquismo cuando las aguas son templados. Confeccionados en neopreno s\u00faper el\u00e1stico de 4 mm lo que garantiza una mayor comodidad.<\/title>\n<meta name=\"description\" content=\"L&#039;ensemble en n\u00e9opr\u00e8ne 5.5mm de canyoning Guara est compos\u00e9 de la veste &quot;Taurynia&quot; et du long-john &quot;Galamus&quot;. Souple et r\u00e9sistante, cette combinaison est id\u00e9ale pour vous accompagner dans toutes vos aventures et satisfera les pratiquants les plus exigeants.\" \/>\n<meta name=\"robots\" content=\"index, follow, max-snippet:-1, max-image-preview:large, max-video-preview:-1\" \/>\n<link rel=\"canonical\" href=\"https:\/\/www.guara-outdoor.com\/es\/produit\/chaqueta-rapido\/\" \/>\n<meta property=\"og:locale\" content=\"es_ES\" \/>\n<meta property=\"og:type\" content=\"article\" \/>\n<meta property=\"og:title\" content=\"La chaqueta &quot;Rapid&#039;O&quot; es ideal para rafting y baranquismo cuando las aguas son templados. Confeccionados en neopreno s\u00faper el\u00e1stico de 4 mm lo que garantiza una mayor comodidad.\" \/>\n<meta property=\"og:description\" content=\"L&#039;ensemble en n\u00e9opr\u00e8ne 5.5mm de canyoning Guara est compos\u00e9 de la veste &quot;Taurynia&quot; et du long-john &quot;Galamus&quot;. Souple et r\u00e9sistante, cette combinaison est id\u00e9ale pour vous accompagner dans toutes vos aventures et satisfera les pratiquants les plus exigeants.\" \/>\n<meta property=\"og:url\" content=\"https:\/\/www.guara-outdoor.com\/es\/produit\/chaqueta-rapido\/\" \/>\n<meta property=\"og:site_name\" content=\"Guara Outdoor\" \/>\n<meta property=\"article:modified_time\" content=\"2023-01-18T10:11:03+00:00\" \/>\n<meta property=\"og:image\" content=\"https:\/\/www.guara-outdoor.com\/wp-content\/uploads\/2020\/03\/rapido-v-dv.jpg\" \/>\n\t<meta property=\"og:image:width\" content=\"1000\" \/>\n\t<meta property=\"og:image:height\" content=\"1000\" \/>\n\t<meta property=\"og:image:type\" content=\"image\/jpeg\" \/>\n<meta name=\"twitter:card\" content=\"summary_large_image\" \/>\n<meta name=\"twitter:label1\" content=\"Tiempo de lectura\" \/>\n\t<meta name=\"twitter:data1\" content=\"1 minuto\" \/>\n<script type=\"application\/ld+json\" class=\"yoast-schema-graph\">{\"@context\":\"https:\/\/schema.org\",\"@graph\":[{\"@type\":\"WebPage\",\"@id\":\"https:\/\/www.guara-outdoor.com\/es\/produit\/chaqueta-rapido\/\",\"url\":\"https:\/\/www.guara-outdoor.com\/es\/produit\/chaqueta-rapido\/\",\"name\":\"La chaqueta \\\"Rapid'O\\\" es ideal para rafting y baranquismo cuando las aguas son templados. Confeccionados en neopreno s\u00faper el\u00e1stico de 4 mm lo que garantiza una mayor comodidad.\",\"isPartOf\":{\"@id\":\"https:\/\/www.guara-outdoor.com\/es\/#website\"},\"primaryImageOfPage\":{\"@id\":\"https:\/\/www.guara-outdoor.com\/es\/produit\/chaqueta-rapido\/#primaryimage\"},\"image\":{\"@id\":\"https:\/\/www.guara-outdoor.com\/es\/produit\/chaqueta-rapido\/#primaryimage\"},\"thumbnailUrl\":\"https:\/\/www.guara-outdoor.com\/wp-content\/uploads\/2020\/01\/rapido-v-dv.jpg\",\"datePublished\":\"2020-01-08T14:38:11+00:00\",\"dateModified\":\"2023-01-18T10:11:03+00:00\",\"description\":\"L'ensemble en n\u00e9opr\u00e8ne 5.5mm de canyoning Guara est compos\u00e9 de la veste \\\"Taurynia\\\" et du long-john \\\"Galamus\\\". Souple et r\u00e9sistante, cette combinaison est id\u00e9ale pour vous accompagner dans toutes vos aventures et satisfera les pratiquants les plus exigeants.\",\"breadcrumb\":{\"@id\":\"https:\/\/www.guara-outdoor.com\/es\/produit\/chaqueta-rapido\/#breadcrumb\"},\"inLanguage\":\"es\",\"potentialAction\":[{\"@type\":\"ReadAction\",\"target\":[\"https:\/\/www.guara-outdoor.com\/es\/produit\/chaqueta-rapido\/\"]}]},{\"@type\":\"ImageObject\",\"inLanguage\":\"es\",\"@id\":\"https:\/\/www.guara-outdoor.com\/es\/produit\/chaqueta-rapido\/#primaryimage\",\"url\":\"https:\/\/www.guara-outdoor.com\/wp-content\/uploads\/2020\/01\/rapido-v-dv.jpg\",\"contentUrl\":\"https:\/\/www.guara-outdoor.com\/wp-content\/uploads\/2020\/01\/rapido-v-dv.jpg\",\"width\":1000,\"height\":1000},{\"@type\":\"BreadcrumbList\",\"@id\":\"https:\/\/www.guara-outdoor.com\/es\/produit\/chaqueta-rapido\/#breadcrumb\",\"itemListElement\":[{\"@type\":\"ListItem\",\"position\":1,\"name\":\"Accueil\",\"item\":\"https:\/\/www.guara-outdoor.com\/es\/\"},{\"@type\":\"ListItem\",\"position\":2,\"name\":\"Produits\",\"item\":\"https:\/\/www.guara-outdoor.com\/produits2\/\"},{\"@type\":\"ListItem\",\"position\":3,\"name\":\"Trajes\",\"item\":\"https:\/\/www.guara-outdoor.com\/es\/product\/trajes\/\"},{\"@type\":\"ListItem\",\"position\":4,\"name\":\"Chaqueta \u00ab\u00a0Rapid&rsquo;O\u00a0\u00bb\"}]},{\"@type\":\"WebSite\",\"@id\":\"https:\/\/www.guara-outdoor.com\/es\/#website\",\"url\":\"https:\/\/www.guara-outdoor.com\/es\/\",\"name\":\"Guara Outdoor\",\"description\":\"made for adventure\",\"potentialAction\":[{\"@type\":\"SearchAction\",\"target\":{\"@type\":\"EntryPoint\",\"urlTemplate\":\"https:\/\/www.guara-outdoor.com\/es\/?s={search_term_string}\"},\"query-input\":{\"@type\":\"PropertyValueSpecification\",\"valueRequired\":true,\"valueName\":\"search_term_string\"}}],\"inLanguage\":\"es\"}]}<\/script>\n<!-- \/ Yoast SEO plugin. -->","yoast_head_json":{"title":"La chaqueta \"Rapid'O\" es ideal para rafting y baranquismo cuando las aguas son templados. Confeccionados en neopreno s\u00faper el\u00e1stico de 4 mm lo que garantiza una mayor comodidad.","description":"L'ensemble en n\u00e9opr\u00e8ne 5.5mm de canyoning Guara est compos\u00e9 de la veste \"Taurynia\" et du long-john \"Galamus\". Souple et r\u00e9sistante, cette combinaison est id\u00e9ale pour vous accompagner dans toutes vos aventures et satisfera les pratiquants les plus exigeants.","robots":{"index":"index","follow":"follow","max-snippet":"max-snippet:-1","max-image-preview":"max-image-preview:large","max-video-preview":"max-video-preview:-1"},"canonical":"https:\/\/www.guara-outdoor.com\/es\/produit\/chaqueta-rapido\/","og_locale":"es_ES","og_type":"article","og_title":"La chaqueta \"Rapid'O\" es ideal para rafting y baranquismo cuando las aguas son templados. Confeccionados en neopreno s\u00faper el\u00e1stico de 4 mm lo que garantiza una mayor comodidad.","og_description":"L'ensemble en n\u00e9opr\u00e8ne 5.5mm de canyoning Guara est compos\u00e9 de la veste \"Taurynia\" et du long-john \"Galamus\". Souple et r\u00e9sistante, cette combinaison est id\u00e9ale pour vous accompagner dans toutes vos aventures et satisfera les pratiquants les plus exigeants.","og_url":"https:\/\/www.guara-outdoor.com\/es\/produit\/chaqueta-rapido\/","og_site_name":"Guara Outdoor","article_modified_time":"2023-01-18T10:11:03+00:00","og_image":[{"width":1000,"height":1000,"url":"https:\/\/www.guara-outdoor.com\/wp-content\/uploads\/2020\/03\/rapido-v-dv.jpg","type":"image\/jpeg"}],"twitter_card":"summary_large_image","twitter_misc":{"Tiempo de lectura":"1 minuto"},"schema":{"@context":"https:\/\/schema.org","@graph":[{"@type":"WebPage","@id":"https:\/\/www.guara-outdoor.com\/es\/produit\/chaqueta-rapido\/","url":"https:\/\/www.guara-outdoor.com\/es\/produit\/chaqueta-rapido\/","name":"La chaqueta \"Rapid'O\" es ideal para rafting y baranquismo cuando las aguas son templados. Confeccionados en neopreno s\u00faper el\u00e1stico de 4 mm lo que garantiza una mayor comodidad.","isPartOf":{"@id":"https:\/\/www.guara-outdoor.com\/es\/#website"},"primaryImageOfPage":{"@id":"https:\/\/www.guara-outdoor.com\/es\/produit\/chaqueta-rapido\/#primaryimage"},"image":{"@id":"https:\/\/www.guara-outdoor.com\/es\/produit\/chaqueta-rapido\/#primaryimage"},"thumbnailUrl":"https:\/\/www.guara-outdoor.com\/wp-content\/uploads\/2020\/01\/rapido-v-dv.jpg","datePublished":"2020-01-08T14:38:11+00:00","dateModified":"2023-01-18T10:11:03+00:00","description":"L'ensemble en n\u00e9opr\u00e8ne 5.5mm de canyoning Guara est compos\u00e9 de la veste \"Taurynia\" et du long-john \"Galamus\". Souple et r\u00e9sistante, cette combinaison est id\u00e9ale pour vous accompagner dans toutes vos aventures et satisfera les pratiquants les plus exigeants.","breadcrumb":{"@id":"https:\/\/www.guara-outdoor.com\/es\/produit\/chaqueta-rapido\/#breadcrumb"},"inLanguage":"es","potentialAction":[{"@type":"ReadAction","target":["https:\/\/www.guara-outdoor.com\/es\/produit\/chaqueta-rapido\/"]}]},{"@type":"ImageObject","inLanguage":"es","@id":"https:\/\/www.guara-outdoor.com\/es\/produit\/chaqueta-rapido\/#primaryimage","url":"https:\/\/www.guara-outdoor.com\/wp-content\/uploads\/2020\/01\/rapido-v-dv.jpg","contentUrl":"https:\/\/www.guara-outdoor.com\/wp-content\/uploads\/2020\/01\/rapido-v-dv.jpg","width":1000,"height":1000},{"@type":"BreadcrumbList","@id":"https:\/\/www.guara-outdoor.com\/es\/produit\/chaqueta-rapido\/#breadcrumb","itemListElement":[{"@type":"ListItem","position":1,"name":"Accueil","item":"https:\/\/www.guara-outdoor.com\/es\/"},{"@type":"ListItem","position":2,"name":"Produits","item":"https:\/\/www.guara-outdoor.com\/produits2\/"},{"@type":"ListItem","position":3,"name":"Trajes","item":"https:\/\/www.guara-outdoor.com\/es\/product\/trajes\/"},{"@type":"ListItem","position":4,"name":"Chaqueta \u00ab\u00a0Rapid&rsquo;O\u00a0\u00bb"}]},{"@type":"WebSite","@id":"https:\/\/www.guara-outdoor.com\/es\/#website","url":"https:\/\/www.guara-outdoor.com\/es\/","name":"Guara Outdoor","description":"made for adventure","potentialAction":[{"@type":"SearchAction","target":{"@type":"EntryPoint","urlTemplate":"https:\/\/www.guara-outdoor.com\/es\/?s={search_term_string}"},"query-input":{"@type":"PropertyValueSpecification","valueRequired":true,"valueName":"search_term_string"}}],"inLanguage":"es"}]}},"_links":{"self":[{"href":"https:\/\/www.guara-outdoor.com\/es\/wp-json\/wp\/v2\/product\/4832","targetHints":{"allow":["GET"]}}],"collection":[{"href":"https:\/\/www.guara-outdoor.com\/es\/wp-json\/wp\/v2\/product"}],"about":[{"href":"https:\/\/www.guara-outdoor.com\/es\/wp-json\/wp\/v2\/types\/product"}],"wp:featuredmedia":[{"embeddable":true,"href":"https:\/\/www.guara-outdoor.com\/es\/wp-json\/wp\/v2\/media\/28841"}],"wp:attachment":[{"href":"https:\/\/www.guara-outdoor.com\/es\/wp-json\/wp\/v2\/media?parent=4832"}],"wp:term":[{"taxonomy":"product_brand","embeddable":true,"href":"https:\/\/www.guara-outdoor.com\/es\/wp-json\/wp\/v2\/product_brand?post=4832"},{"taxonomy":"product_cat","embeddable":true,"href":"https:\/\/www.guara-outdoor.com\/es\/wp-json\/wp\/v2\/product_cat?post=4832"},{"taxonomy":"product_tag","embeddable":true,"href":"https:\/\/www.guara-outdoor.com\/es\/wp-json\/wp\/v2\/product_tag?post=4832"}],"curies":[{"name":"wp","href":"https:\/\/api.w.org\/{rel}","templated":true}]}}