{"id":4544,"date":"2019-09-13T12:10:21","date_gmt":"2019-09-13T10:10:21","guid":{"rendered":"https:\/\/www.guara-outdoor.com\/produits\/pyrenees-en-cascades\/"},"modified":"2021-04-02T15:35:13","modified_gmt":"2021-04-02T13:35:13","slug":"pyrenees-en-cascades","status":"publish","type":"product","link":"https:\/\/www.guara-outdoor.com\/es\/produit\/pyrenees-en-cascades\/","title":{"rendered":"Pyr\u00e9n\u00e9es en cascades"},"content":{"rendered":"<p>Les grandes verticales du canyonisme<\/p>\n<p>dans ce guide, le choix \u00e0 \u00e9t\u00e9 fait de privil\u00e9gier, parmi la tr\u00e8s grandes diversit\u00e9 de canyons possibles, ceux repr\u00e9sentant des longueurs de rappel importantes. ce sont verticalit\u00e9 et ses corollaires (mat\u00e9riel, man\u0153uvre, dangers sp\u00e9cifiques) qui retiennent l&#8217;attention et donnent le tondes descentes d\u00e9crites. Autant dire que ces propositions de parcours n\u00e9cessitent une bonne exp\u00e9rience du terrain et de l&#8217;\u00e9quipement utilis\u00e9.<\/p>\n<p>Afin de suivre une progression, les probl\u00e8mes allant g\u00e9n\u00e9ralement crescendo avec la hauteur, ces descentes de canyon sont class\u00e9es selon les longueurs standard -40m &#8211; 50m &#8211; 60m 80m &#8211; des codes de rappel que l&#8217;on trouve dans le commerce. La longueur des parcours est comprise entre 200 et 1300 m, les d\u00e9nivel\u00e9s s&#8217;\u00e9tagent entre 110 et 500 m , le plus long rappel fait 80 m et le nombre maximal de rappels sur un parcours est de 18!<\/p>\n<p>\u00abc&#8217;est faire honneur aux montagnes que de les connaitre dans leur entier, les parcourir en tous sens, connaitre leurs moindre recoins. Or, dans ce registre, notre discipline est reine, et un monde nouveau s&#8217;est r\u00e9v\u00e9l\u00e9 \u00e0 nous: vasques, cascades, chaos, \u00e9troits: que d&#8217;\u00e9motions et de sensations nouvelles nous ont \u00e9t\u00e9 offertes!\u00bb<\/p>\n","protected":false},"excerpt":{"rendered":"<p>dans ce guide, le choix \u00e0 \u00e9t\u00e9 fait de privil\u00e9gier, parmi la tr\u00e8s grandes diversit\u00e9 de canyons possibles, ceux repr\u00e9sentant des longueurs de rappel importantes<\/p>\n","protected":false},"featured_media":3962,"template":"","meta":[],"product_brand":[],"product_cat":[205],"product_tag":[206,208,207],"class_list":{"0":"post-4544","1":"product","2":"type-product","3":"status-publish","4":"has-post-thumbnail","6":"product_cat-libreria","7":"product_tag-canyon-es","8":"product_tag-librai-es","9":"product_tag-topoguide-es","11":"first","12":"instock","13":"taxable","14":"shipping-taxable","15":"purchasable","16":"product-type-simple"},"acf":[],"yoast_head":"<!-- This site is optimized with the Yoast SEO plugin v27.0 - https:\/\/yoast.com\/product\/yoast-seo-wordpress\/ -->\n<title>Pyr\u00e9n\u00e9es en cascades - Guara Outdoor<\/title>\n<meta name=\"robots\" content=\"index, follow, max-snippet:-1, max-image-preview:large, max-video-preview:-1\" \/>\n<link rel=\"canonical\" href=\"https:\/\/www.guara-outdoor.com\/es\/produit\/pyrenees-en-cascades\/\" \/>\n<meta property=\"og:locale\" content=\"es_ES\" \/>\n<meta property=\"og:type\" content=\"article\" \/>\n<meta property=\"og:title\" content=\"Pyr\u00e9n\u00e9es en cascades - Guara Outdoor\" \/>\n<meta property=\"og:description\" content=\"dans ce guide, le choix \u00e0 \u00e9t\u00e9 fait de privil\u00e9gier, parmi la tr\u00e8s grandes diversit\u00e9 de canyons possibles, ceux repr\u00e9sentant des longueurs de rappel importantes\" \/>\n<meta property=\"og:url\" content=\"https:\/\/www.guara-outdoor.com\/es\/produit\/pyrenees-en-cascades\/\" \/>\n<meta property=\"og:site_name\" content=\"Guara Outdoor\" \/>\n<meta property=\"article:modified_time\" content=\"2021-04-02T13:35:13+00:00\" \/>\n<meta property=\"og:image\" content=\"https:\/\/www.guara-outdoor.com\/wp-content\/uploads\/2019\/09\/pyrenees-cascades-scaled.jpg\" \/>\n\t<meta property=\"og:image:width\" content=\"1976\" \/>\n\t<meta property=\"og:image:height\" content=\"2560\" \/>\n\t<meta property=\"og:image:type\" content=\"image\/jpeg\" \/>\n<meta name=\"twitter:card\" content=\"summary_large_image\" \/>\n<meta name=\"twitter:label1\" content=\"Tiempo de lectura\" \/>\n\t<meta name=\"twitter:data1\" content=\"1 minuto\" \/>\n<script type=\"application\/ld+json\" class=\"yoast-schema-graph\">{\"@context\":\"https:\/\/schema.org\",\"@graph\":[{\"@type\":\"WebPage\",\"@id\":\"https:\/\/www.guara-outdoor.com\/es\/produit\/pyrenees-en-cascades\/\",\"url\":\"https:\/\/www.guara-outdoor.com\/es\/produit\/pyrenees-en-cascades\/\",\"name\":\"Pyr\u00e9n\u00e9es en cascades - Guara Outdoor\",\"isPartOf\":{\"@id\":\"https:\/\/www.guara-outdoor.com\/es\/#website\"},\"primaryImageOfPage\":{\"@id\":\"https:\/\/www.guara-outdoor.com\/es\/produit\/pyrenees-en-cascades\/#primaryimage\"},\"image\":{\"@id\":\"https:\/\/www.guara-outdoor.com\/es\/produit\/pyrenees-en-cascades\/#primaryimage\"},\"thumbnailUrl\":\"https:\/\/www.guara-outdoor.com\/wp-content\/uploads\/2019\/09\/pyrenees-cascades-scaled.jpg\",\"datePublished\":\"2019-09-13T10:10:21+00:00\",\"dateModified\":\"2021-04-02T13:35:13+00:00\",\"breadcrumb\":{\"@id\":\"https:\/\/www.guara-outdoor.com\/es\/produit\/pyrenees-en-cascades\/#breadcrumb\"},\"inLanguage\":\"es\",\"potentialAction\":[{\"@type\":\"ReadAction\",\"target\":[\"https:\/\/www.guara-outdoor.com\/es\/produit\/pyrenees-en-cascades\/\"]}]},{\"@type\":\"ImageObject\",\"inLanguage\":\"es\",\"@id\":\"https:\/\/www.guara-outdoor.com\/es\/produit\/pyrenees-en-cascades\/#primaryimage\",\"url\":\"https:\/\/www.guara-outdoor.com\/wp-content\/uploads\/2019\/09\/pyrenees-cascades-scaled.jpg\",\"contentUrl\":\"https:\/\/www.guara-outdoor.com\/wp-content\/uploads\/2019\/09\/pyrenees-cascades-scaled.jpg\",\"width\":1976,\"height\":2560,\"caption\":\"dav\"},{\"@type\":\"BreadcrumbList\",\"@id\":\"https:\/\/www.guara-outdoor.com\/es\/produit\/pyrenees-en-cascades\/#breadcrumb\",\"itemListElement\":[{\"@type\":\"ListItem\",\"position\":1,\"name\":\"Accueil\",\"item\":\"https:\/\/www.guara-outdoor.com\/es\/\"},{\"@type\":\"ListItem\",\"position\":2,\"name\":\"Produits\",\"item\":\"https:\/\/www.guara-outdoor.com\/produits2\/\"},{\"@type\":\"ListItem\",\"position\":3,\"name\":\"librer\u00eda\",\"item\":\"https:\/\/www.guara-outdoor.com\/es\/product\/libreria\/\"},{\"@type\":\"ListItem\",\"position\":4,\"name\":\"Pyr\u00e9n\u00e9es en cascades\"}]},{\"@type\":\"WebSite\",\"@id\":\"https:\/\/www.guara-outdoor.com\/es\/#website\",\"url\":\"https:\/\/www.guara-outdoor.com\/es\/\",\"name\":\"Guara Outdoor\",\"description\":\"made for adventure\",\"potentialAction\":[{\"@type\":\"SearchAction\",\"target\":{\"@type\":\"EntryPoint\",\"urlTemplate\":\"https:\/\/www.guara-outdoor.com\/es\/?s={search_term_string}\"},\"query-input\":{\"@type\":\"PropertyValueSpecification\",\"valueRequired\":true,\"valueName\":\"search_term_string\"}}],\"inLanguage\":\"es\"}]}<\/script>\n<!-- \/ Yoast SEO plugin. -->","yoast_head_json":{"title":"Pyr\u00e9n\u00e9es en cascades - Guara Outdoor","robots":{"index":"index","follow":"follow","max-snippet":"max-snippet:-1","max-image-preview":"max-image-preview:large","max-video-preview":"max-video-preview:-1"},"canonical":"https:\/\/www.guara-outdoor.com\/es\/produit\/pyrenees-en-cascades\/","og_locale":"es_ES","og_type":"article","og_title":"Pyr\u00e9n\u00e9es en cascades - Guara Outdoor","og_description":"dans ce guide, le choix \u00e0 \u00e9t\u00e9 fait de privil\u00e9gier, parmi la tr\u00e8s grandes diversit\u00e9 de canyons possibles, ceux repr\u00e9sentant des longueurs de rappel importantes","og_url":"https:\/\/www.guara-outdoor.com\/es\/produit\/pyrenees-en-cascades\/","og_site_name":"Guara Outdoor","article_modified_time":"2021-04-02T13:35:13+00:00","og_image":[{"width":1976,"height":2560,"url":"https:\/\/www.guara-outdoor.com\/wp-content\/uploads\/2019\/09\/pyrenees-cascades-scaled.jpg","type":"image\/jpeg"}],"twitter_card":"summary_large_image","twitter_misc":{"Tiempo de lectura":"1 minuto"},"schema":{"@context":"https:\/\/schema.org","@graph":[{"@type":"WebPage","@id":"https:\/\/www.guara-outdoor.com\/es\/produit\/pyrenees-en-cascades\/","url":"https:\/\/www.guara-outdoor.com\/es\/produit\/pyrenees-en-cascades\/","name":"Pyr\u00e9n\u00e9es en cascades - Guara Outdoor","isPartOf":{"@id":"https:\/\/www.guara-outdoor.com\/es\/#website"},"primaryImageOfPage":{"@id":"https:\/\/www.guara-outdoor.com\/es\/produit\/pyrenees-en-cascades\/#primaryimage"},"image":{"@id":"https:\/\/www.guara-outdoor.com\/es\/produit\/pyrenees-en-cascades\/#primaryimage"},"thumbnailUrl":"https:\/\/www.guara-outdoor.com\/wp-content\/uploads\/2019\/09\/pyrenees-cascades-scaled.jpg","datePublished":"2019-09-13T10:10:21+00:00","dateModified":"2021-04-02T13:35:13+00:00","breadcrumb":{"@id":"https:\/\/www.guara-outdoor.com\/es\/produit\/pyrenees-en-cascades\/#breadcrumb"},"inLanguage":"es","potentialAction":[{"@type":"ReadAction","target":["https:\/\/www.guara-outdoor.com\/es\/produit\/pyrenees-en-cascades\/"]}]},{"@type":"ImageObject","inLanguage":"es","@id":"https:\/\/www.guara-outdoor.com\/es\/produit\/pyrenees-en-cascades\/#primaryimage","url":"https:\/\/www.guara-outdoor.com\/wp-content\/uploads\/2019\/09\/pyrenees-cascades-scaled.jpg","contentUrl":"https:\/\/www.guara-outdoor.com\/wp-content\/uploads\/2019\/09\/pyrenees-cascades-scaled.jpg","width":1976,"height":2560,"caption":"dav"},{"@type":"BreadcrumbList","@id":"https:\/\/www.guara-outdoor.com\/es\/produit\/pyrenees-en-cascades\/#breadcrumb","itemListElement":[{"@type":"ListItem","position":1,"name":"Accueil","item":"https:\/\/www.guara-outdoor.com\/es\/"},{"@type":"ListItem","position":2,"name":"Produits","item":"https:\/\/www.guara-outdoor.com\/produits2\/"},{"@type":"ListItem","position":3,"name":"librer\u00eda","item":"https:\/\/www.guara-outdoor.com\/es\/product\/libreria\/"},{"@type":"ListItem","position":4,"name":"Pyr\u00e9n\u00e9es en cascades"}]},{"@type":"WebSite","@id":"https:\/\/www.guara-outdoor.com\/es\/#website","url":"https:\/\/www.guara-outdoor.com\/es\/","name":"Guara Outdoor","description":"made for adventure","potentialAction":[{"@type":"SearchAction","target":{"@type":"EntryPoint","urlTemplate":"https:\/\/www.guara-outdoor.com\/es\/?s={search_term_string}"},"query-input":{"@type":"PropertyValueSpecification","valueRequired":true,"valueName":"search_term_string"}}],"inLanguage":"es"}]}},"_links":{"self":[{"href":"https:\/\/www.guara-outdoor.com\/es\/wp-json\/wp\/v2\/product\/4544","targetHints":{"allow":["GET"]}}],"collection":[{"href":"https:\/\/www.guara-outdoor.com\/es\/wp-json\/wp\/v2\/product"}],"about":[{"href":"https:\/\/www.guara-outdoor.com\/es\/wp-json\/wp\/v2\/types\/product"}],"wp:featuredmedia":[{"embeddable":true,"href":"https:\/\/www.guara-outdoor.com\/es\/wp-json\/wp\/v2\/media\/3962"}],"wp:attachment":[{"href":"https:\/\/www.guara-outdoor.com\/es\/wp-json\/wp\/v2\/media?parent=4544"}],"wp:term":[{"taxonomy":"product_brand","embeddable":true,"href":"https:\/\/www.guara-outdoor.com\/es\/wp-json\/wp\/v2\/product_brand?post=4544"},{"taxonomy":"product_cat","embeddable":true,"href":"https:\/\/www.guara-outdoor.com\/es\/wp-json\/wp\/v2\/product_cat?post=4544"},{"taxonomy":"product_tag","embeddable":true,"href":"https:\/\/www.guara-outdoor.com\/es\/wp-json\/wp\/v2\/product_tag?post=4544"}],"curies":[{"name":"wp","href":"https:\/\/api.w.org\/{rel}","templated":true}]}}