{"id":3230,"date":"2019-03-04T14:40:47","date_gmt":"2019-03-04T13:40:47","guid":{"rendered":"https:\/\/www.guara-outdoor.com\/?post_type=product&#038;p=3230"},"modified":"2022-02-23T12:09:45","modified_gmt":"2022-02-23T11:09:45","slug":"chaqueta-taurinya","status":"publish","type":"product","link":"https:\/\/www.guara-outdoor.com\/es\/produit\/chaqueta-taurinya\/","title":{"rendered":"\u00abTaurinya\u00bb chaqueta"},"content":{"rendered":"<h2 class=\"Corps\"><b><span style=\"font-size: 12.0pt\">CARACTER\u00cdSTICAS:<\/span><\/b><\/h2>\n<p>Modelo unisex<\/p>\n<p>Cierre de cremallera que llega al lado de la barbilla para una mayor comodidad.<\/p>\n<p>Codos preformados y refuerzos de las axilas para facilitar los movimientos y la durabilidad.<\/p>\n<p>Codos reforzados de kevlar y poliuretano extremista resistente.<\/p>\n<p>Costuras cosidas pegadas (GBS) que no atraviesan los neopreno para limitar las entradas de agua y conservar el calor.<\/p>\n<p>Mangas raglants para una libertad de movimiento.<\/p>\n<p>Capucha.<\/p>\n<p>Ranuras en los pu\u00f1os para facilitar el vestir.<\/p>\n<p>Las costuras de los canes\u00faes son reforzadas por una banda adhesiva l\u00edquida para evitar abrasi\u00f3n demasiado r\u00e1pida de las costuras.<\/p>\n<p>Es posible asociar la chaqueta con el Long John de neopreno \u00abGalamus\u00bb (GLJO2).<\/p>\n<p>&nbsp;<\/p>\n<p class=\"Corps\"><b><span style=\"font-size: 12.0pt\">MATERIALES:<\/span><\/b><\/p>\n<p class=\"Corps\"><span style=\"font-size: 12.0pt\">Neopreno CR 5.5mm con forro s\u00faper el\u00e1stico por ambos lados.<\/span><\/p>\n<p class=\"Corps\"><span style=\"font-size: 12.0pt\">Refuerzos en kevlar y poliuretano.<\/span><\/p>\n<p>Color: naranja y negro<\/p>\n<h2 class=\"Corps\"><b><span style=\"font-size: 12.0pt\">TALLA:<\/span><\/b><\/h2>\n<p class=\"Corps\"><span style=\"font-size: 12.0pt\">De las tallas 0 a 7<\/span><\/p>\n<p>&nbsp;<\/p>\n<p>&nbsp;<\/p>\n<p>&nbsp;<\/p>\n<p>&nbsp;<\/p>\n<p>&nbsp;<\/p>\n<p>&nbsp;<\/p>\n<p>&nbsp;<\/p>\n<p>&nbsp;<\/p>\n<p>&nbsp;<\/p>\n<p>&nbsp;<\/p>\n","protected":false},"excerpt":{"rendered":"<p>La chaqueta \u00abTaurinya\u00bb est\u00e1 confeccionada en neopreno s\u00faper el\u00e1stico de 5,5 mm lo que garantiza una mayor comodidad siendo la vez muy resistente. Satisfar\u00e1 los profesionales como los aficionados en todos los ca\u00f1ones de aventura.<\/p>\n<p>&nbsp;<\/p>\n","protected":false},"featured_media":29232,"template":"","meta":[],"product_brand":[],"product_cat":[36],"product_tag":[96,108,109],"class_list":{"0":"post-3230","1":"product","2":"type-product","3":"status-publish","4":"has-post-thumbnail","6":"product_cat-trajes","7":"product_tag-combinaison-es","8":"product_tag-taurinya-es","9":"product_tag-veste-es","11":"first","12":"instock","13":"sale","14":"taxable","15":"shipping-taxable","16":"purchasable","17":"product-type-variable","18":"has-default-attributes"},"acf":[],"yoast_head":"<!-- This site is optimized with the Yoast SEO plugin v27.0 - https:\/\/yoast.com\/product\/yoast-seo-wordpress\/ -->\n<title>&quot;Taurinya&quot; chaqueta - Guara Outdoor<\/title>\n<meta name=\"robots\" content=\"index, follow, max-snippet:-1, max-image-preview:large, max-video-preview:-1\" \/>\n<link rel=\"canonical\" href=\"https:\/\/www.guara-outdoor.com\/es\/produit\/chaqueta-taurinya\/\" \/>\n<meta property=\"og:locale\" content=\"es_ES\" \/>\n<meta property=\"og:type\" content=\"article\" \/>\n<meta property=\"og:title\" content=\"&quot;Taurinya&quot; chaqueta - Guara Outdoor\" \/>\n<meta property=\"og:description\" content=\"La chaqueta &quot;Taurinya&quot; est\u00e1 confeccionada en neopreno s\u00faper el\u00e1stico de 5,5 mm lo que garantiza una mayor comodidad siendo la vez muy resistente. Satisfar\u00e1 los profesionales como los aficionados en todos los ca\u00f1ones de aventura.  &nbsp;\" \/>\n<meta property=\"og:url\" content=\"https:\/\/www.guara-outdoor.com\/es\/produit\/chaqueta-taurinya\/\" \/>\n<meta property=\"og:site_name\" content=\"Guara Outdoor\" \/>\n<meta property=\"article:modified_time\" content=\"2022-02-23T11:09:45+00:00\" \/>\n<meta property=\"og:image\" content=\"https:\/\/www.guara-outdoor.com\/wp-content\/uploads\/2019\/03\/veste-taurinya.jpg\" \/>\n\t<meta property=\"og:image:width\" content=\"1000\" \/>\n\t<meta property=\"og:image:height\" content=\"1000\" \/>\n\t<meta property=\"og:image:type\" content=\"image\/jpeg\" \/>\n<meta name=\"twitter:card\" content=\"summary_large_image\" \/>\n<meta name=\"twitter:label1\" content=\"Tiempo de lectura\" \/>\n\t<meta name=\"twitter:data1\" content=\"1 minuto\" \/>\n<script type=\"application\/ld+json\" class=\"yoast-schema-graph\">{\"@context\":\"https:\/\/schema.org\",\"@graph\":[{\"@type\":\"WebPage\",\"@id\":\"https:\/\/www.guara-outdoor.com\/es\/produit\/chaqueta-taurinya\/\",\"url\":\"https:\/\/www.guara-outdoor.com\/es\/produit\/chaqueta-taurinya\/\",\"name\":\"\\\"Taurinya\\\" chaqueta - Guara Outdoor\",\"isPartOf\":{\"@id\":\"https:\/\/www.guara-outdoor.com\/es\/#website\"},\"primaryImageOfPage\":{\"@id\":\"https:\/\/www.guara-outdoor.com\/es\/produit\/chaqueta-taurinya\/#primaryimage\"},\"image\":{\"@id\":\"https:\/\/www.guara-outdoor.com\/es\/produit\/chaqueta-taurinya\/#primaryimage\"},\"thumbnailUrl\":\"https:\/\/www.guara-outdoor.com\/wp-content\/uploads\/2019\/03\/gv002-veste-taurinya-solde2026.jpg\",\"datePublished\":\"2019-03-04T13:40:47+00:00\",\"dateModified\":\"2022-02-23T11:09:45+00:00\",\"breadcrumb\":{\"@id\":\"https:\/\/www.guara-outdoor.com\/es\/produit\/chaqueta-taurinya\/#breadcrumb\"},\"inLanguage\":\"es\",\"potentialAction\":[{\"@type\":\"ReadAction\",\"target\":[\"https:\/\/www.guara-outdoor.com\/es\/produit\/chaqueta-taurinya\/\"]}]},{\"@type\":\"ImageObject\",\"inLanguage\":\"es\",\"@id\":\"https:\/\/www.guara-outdoor.com\/es\/produit\/chaqueta-taurinya\/#primaryimage\",\"url\":\"https:\/\/www.guara-outdoor.com\/wp-content\/uploads\/2019\/03\/gv002-veste-taurinya-solde2026.jpg\",\"contentUrl\":\"https:\/\/www.guara-outdoor.com\/wp-content\/uploads\/2019\/03\/gv002-veste-taurinya-solde2026.jpg\",\"width\":750,\"height\":750},{\"@type\":\"BreadcrumbList\",\"@id\":\"https:\/\/www.guara-outdoor.com\/es\/produit\/chaqueta-taurinya\/#breadcrumb\",\"itemListElement\":[{\"@type\":\"ListItem\",\"position\":1,\"name\":\"Accueil\",\"item\":\"https:\/\/www.guara-outdoor.com\/es\/\"},{\"@type\":\"ListItem\",\"position\":2,\"name\":\"Produits\",\"item\":\"https:\/\/www.guara-outdoor.com\/produits2\/\"},{\"@type\":\"ListItem\",\"position\":3,\"name\":\"Trajes\",\"item\":\"https:\/\/www.guara-outdoor.com\/es\/product\/trajes\/\"},{\"@type\":\"ListItem\",\"position\":4,\"name\":\"\u00abTaurinya\u00bb chaqueta\"}]},{\"@type\":\"WebSite\",\"@id\":\"https:\/\/www.guara-outdoor.com\/es\/#website\",\"url\":\"https:\/\/www.guara-outdoor.com\/es\/\",\"name\":\"Guara Outdoor\",\"description\":\"made for adventure\",\"potentialAction\":[{\"@type\":\"SearchAction\",\"target\":{\"@type\":\"EntryPoint\",\"urlTemplate\":\"https:\/\/www.guara-outdoor.com\/es\/?s={search_term_string}\"},\"query-input\":{\"@type\":\"PropertyValueSpecification\",\"valueRequired\":true,\"valueName\":\"search_term_string\"}}],\"inLanguage\":\"es\"}]}<\/script>\n<!-- \/ Yoast SEO plugin. -->","yoast_head_json":{"title":"\"Taurinya\" chaqueta - Guara Outdoor","robots":{"index":"index","follow":"follow","max-snippet":"max-snippet:-1","max-image-preview":"max-image-preview:large","max-video-preview":"max-video-preview:-1"},"canonical":"https:\/\/www.guara-outdoor.com\/es\/produit\/chaqueta-taurinya\/","og_locale":"es_ES","og_type":"article","og_title":"\"Taurinya\" chaqueta - Guara Outdoor","og_description":"La chaqueta \"Taurinya\" est\u00e1 confeccionada en neopreno s\u00faper el\u00e1stico de 5,5 mm lo que garantiza una mayor comodidad siendo la vez muy resistente. Satisfar\u00e1 los profesionales como los aficionados en todos los ca\u00f1ones de aventura.  &nbsp;","og_url":"https:\/\/www.guara-outdoor.com\/es\/produit\/chaqueta-taurinya\/","og_site_name":"Guara Outdoor","article_modified_time":"2022-02-23T11:09:45+00:00","og_image":[{"width":1000,"height":1000,"url":"https:\/\/www.guara-outdoor.com\/wp-content\/uploads\/2019\/03\/veste-taurinya.jpg","type":"image\/jpeg"}],"twitter_card":"summary_large_image","twitter_misc":{"Tiempo de lectura":"1 minuto"},"schema":{"@context":"https:\/\/schema.org","@graph":[{"@type":"WebPage","@id":"https:\/\/www.guara-outdoor.com\/es\/produit\/chaqueta-taurinya\/","url":"https:\/\/www.guara-outdoor.com\/es\/produit\/chaqueta-taurinya\/","name":"\"Taurinya\" chaqueta - Guara Outdoor","isPartOf":{"@id":"https:\/\/www.guara-outdoor.com\/es\/#website"},"primaryImageOfPage":{"@id":"https:\/\/www.guara-outdoor.com\/es\/produit\/chaqueta-taurinya\/#primaryimage"},"image":{"@id":"https:\/\/www.guara-outdoor.com\/es\/produit\/chaqueta-taurinya\/#primaryimage"},"thumbnailUrl":"https:\/\/www.guara-outdoor.com\/wp-content\/uploads\/2019\/03\/gv002-veste-taurinya-solde2026.jpg","datePublished":"2019-03-04T13:40:47+00:00","dateModified":"2022-02-23T11:09:45+00:00","breadcrumb":{"@id":"https:\/\/www.guara-outdoor.com\/es\/produit\/chaqueta-taurinya\/#breadcrumb"},"inLanguage":"es","potentialAction":[{"@type":"ReadAction","target":["https:\/\/www.guara-outdoor.com\/es\/produit\/chaqueta-taurinya\/"]}]},{"@type":"ImageObject","inLanguage":"es","@id":"https:\/\/www.guara-outdoor.com\/es\/produit\/chaqueta-taurinya\/#primaryimage","url":"https:\/\/www.guara-outdoor.com\/wp-content\/uploads\/2019\/03\/gv002-veste-taurinya-solde2026.jpg","contentUrl":"https:\/\/www.guara-outdoor.com\/wp-content\/uploads\/2019\/03\/gv002-veste-taurinya-solde2026.jpg","width":750,"height":750},{"@type":"BreadcrumbList","@id":"https:\/\/www.guara-outdoor.com\/es\/produit\/chaqueta-taurinya\/#breadcrumb","itemListElement":[{"@type":"ListItem","position":1,"name":"Accueil","item":"https:\/\/www.guara-outdoor.com\/es\/"},{"@type":"ListItem","position":2,"name":"Produits","item":"https:\/\/www.guara-outdoor.com\/produits2\/"},{"@type":"ListItem","position":3,"name":"Trajes","item":"https:\/\/www.guara-outdoor.com\/es\/product\/trajes\/"},{"@type":"ListItem","position":4,"name":"\u00abTaurinya\u00bb chaqueta"}]},{"@type":"WebSite","@id":"https:\/\/www.guara-outdoor.com\/es\/#website","url":"https:\/\/www.guara-outdoor.com\/es\/","name":"Guara Outdoor","description":"made for adventure","potentialAction":[{"@type":"SearchAction","target":{"@type":"EntryPoint","urlTemplate":"https:\/\/www.guara-outdoor.com\/es\/?s={search_term_string}"},"query-input":{"@type":"PropertyValueSpecification","valueRequired":true,"valueName":"search_term_string"}}],"inLanguage":"es"}]}},"_links":{"self":[{"href":"https:\/\/www.guara-outdoor.com\/es\/wp-json\/wp\/v2\/product\/3230","targetHints":{"allow":["GET"]}}],"collection":[{"href":"https:\/\/www.guara-outdoor.com\/es\/wp-json\/wp\/v2\/product"}],"about":[{"href":"https:\/\/www.guara-outdoor.com\/es\/wp-json\/wp\/v2\/types\/product"}],"wp:featuredmedia":[{"embeddable":true,"href":"https:\/\/www.guara-outdoor.com\/es\/wp-json\/wp\/v2\/media\/29232"}],"wp:attachment":[{"href":"https:\/\/www.guara-outdoor.com\/es\/wp-json\/wp\/v2\/media?parent=3230"}],"wp:term":[{"taxonomy":"product_brand","embeddable":true,"href":"https:\/\/www.guara-outdoor.com\/es\/wp-json\/wp\/v2\/product_brand?post=3230"},{"taxonomy":"product_cat","embeddable":true,"href":"https:\/\/www.guara-outdoor.com\/es\/wp-json\/wp\/v2\/product_cat?post=3230"},{"taxonomy":"product_tag","embeddable":true,"href":"https:\/\/www.guara-outdoor.com\/es\/wp-json\/wp\/v2\/product_tag?post=3230"}],"curies":[{"name":"wp","href":"https:\/\/api.w.org\/{rel}","templated":true}]}}