{"id":3169,"date":"2019-03-04T14:18:00","date_gmt":"2019-03-04T13:18:00","guid":{"rendered":"https:\/\/www.guara-outdoor.com\/?post_type=product&#038;p=3169"},"modified":"2026-03-19T07:11:43","modified_gmt":"2026-03-19T06:11:43","slug":"long-john-galamus-2","status":"publish","type":"product","link":"https:\/\/www.guara-outdoor.com\/es\/produit\/long-john-galamus-2\/","title":{"rendered":"\u00ab Galamus \u00bb long John"},"content":{"rendered":"<h2 class=\"Corps\"><b><span style=\"font-size: 12.0pt\">CARACTERISTICAS :<\/span><\/b><\/h2>\n<p class=\"Corps\">Modelo unisex<\/p>\n<p class=\"Corps\">Rodillas preformadas y refuerzos del entrepiernas para facilitar los movimientos y la durabilidad.<\/p>\n<p class=\"Corps\">Rodillas reforzadas en kevlar et poliuretano extremista resistente.<\/p>\n<p class=\"Corps\">Nalgas reforzadas.<\/p>\n<p class=\"Corps\">Costuras cosidas pegadas (GBS) que no atraviesan los neopreno para limitar las entradas de agua y conservar el calor.<\/p>\n<p class=\"Corps\">Ranuras en los tobillos para facilitar el vestir.<\/p>\n<p class=\"Corps\">Las costuras de los canes\u00faes son reforzadas por una banda adhesiva l\u00edquida para evitar abrasi\u00f3n demasiado r\u00e1pida de las costuras.<\/p>\n<p class=\"Corps\">Es posible asociar el Long John con la chaqueta de neopreno \u00ab Taurinya \u00bb(GV02).<\/p>\n<h2 class=\"Corps\"><b><span style=\"font-size: 12.0pt\">MATERIALES :<\/span><\/b><\/h2>\n<p class=\"Corps\">Neopreno CR 5,5mm con forro s\u00faper el\u00e1stico por ambos lados.<\/p>\n<p class=\"Corps\">Refuerzos en kevlar y poliuretano.<\/p>\n<p class=\"Corps\">\n<h2 class=\"Corps\"><b><span style=\"font-size: 12.0pt\">TALLAS :<\/span><\/b><\/h2>\n<p class=\"Corps\">De las tallas 0 a 7<\/p>\n","protected":false},"excerpt":{"rendered":"<p>El Long John \u00ab Galamus \u00bb est\u00e1 confeccionado en neopreno s\u00faper el\u00e1stico de 5,5 mm lo que garantiza una mayor comodidad siendo a la vez muy resistente. Satisfar\u00e1 los profesionales como los aficionados en todos los ca\u00f1ones de aventura.<\/p>\n","protected":false},"featured_media":29224,"template":"","meta":[],"product_brand":[],"product_cat":[36],"product_tag":[95,96,97,98,99,100],"class_list":{"0":"post-3169","1":"product","2":"type-product","3":"status-publish","4":"has-post-thumbnail","6":"product_cat-trajes","7":"product_tag-bas-neoprene-es","8":"product_tag-combinaison-es","9":"product_tag-longjohn-es","10":"product_tag-neoprene-es","11":"product_tag-pantalon-es","12":"product_tag-salopette-es","14":"first","15":"instock","16":"sale","17":"taxable","18":"shipping-taxable","19":"purchasable","20":"product-type-variable"},"acf":[],"yoast_head":"<!-- This site is optimized with the Yoast SEO plugin v27.0 - https:\/\/yoast.com\/product\/yoast-seo-wordpress\/ -->\n<title>Long john de canyoning &quot;Galamus&quot; en n\u00e9opr\u00e8ne 5,5 mm Guara-outdoor<\/title>\n<meta name=\"description\" content=\"Le pantalon de canyoning &quot;Galamus&quot; con\u00e7u par Guara est \u00e9tudi\u00e9 pour \u00eatre confortable et r\u00e9sistant gr\u00e2ce \u00e0 son n\u00e9opr\u00e8ne super stretch de 5,5 mm d&#039;\u00e9paisseur et ses renforts en kevlar. Associ\u00e9 \u00e0 la veste &quot;Taurinya&quot;, vous aurez la combinaison id\u00e9ale pour vous accompagner dans vos aventures en canyon.\" \/>\n<meta name=\"robots\" content=\"index, follow, max-snippet:-1, max-image-preview:large, max-video-preview:-1\" \/>\n<link rel=\"canonical\" href=\"https:\/\/www.guara-outdoor.com\/es\/produit\/long-john-galamus-2\/\" \/>\n<meta property=\"og:locale\" content=\"es_ES\" \/>\n<meta property=\"og:type\" content=\"article\" \/>\n<meta property=\"og:title\" content=\"Long john de canyoning &quot;Galamus&quot; en n\u00e9opr\u00e8ne 5,5 mm Guara-outdoor\" \/>\n<meta property=\"og:description\" content=\"Le pantalon de canyoning &quot;Galamus&quot; con\u00e7u par Guara est \u00e9tudi\u00e9 pour \u00eatre confortable et r\u00e9sistant gr\u00e2ce \u00e0 son n\u00e9opr\u00e8ne super stretch de 5,5 mm d&#039;\u00e9paisseur et ses renforts en kevlar. Associ\u00e9 \u00e0 la veste &quot;Taurinya&quot;, vous aurez la combinaison id\u00e9ale pour vous accompagner dans vos aventures en canyon.\" \/>\n<meta property=\"og:url\" content=\"https:\/\/www.guara-outdoor.com\/es\/produit\/long-john-galamus-2\/\" \/>\n<meta property=\"og:site_name\" content=\"Guara Outdoor\" \/>\n<meta property=\"article:modified_time\" content=\"2026-03-19T06:11:43+00:00\" \/>\n<meta property=\"og:image\" content=\"https:\/\/www.guara-outdoor.com\/wp-content\/uploads\/2019\/03\/lj-galamus.jpg\" \/>\n\t<meta property=\"og:image:width\" content=\"1000\" \/>\n\t<meta property=\"og:image:height\" content=\"1000\" \/>\n\t<meta property=\"og:image:type\" content=\"image\/jpeg\" \/>\n<meta name=\"twitter:card\" content=\"summary_large_image\" \/>\n<meta name=\"twitter:label1\" content=\"Tiempo de lectura\" \/>\n\t<meta name=\"twitter:data1\" content=\"1 minuto\" \/>\n<script type=\"application\/ld+json\" class=\"yoast-schema-graph\">{\"@context\":\"https:\/\/schema.org\",\"@graph\":[{\"@type\":\"WebPage\",\"@id\":\"https:\/\/www.guara-outdoor.com\/es\/produit\/long-john-galamus-2\/\",\"url\":\"https:\/\/www.guara-outdoor.com\/es\/produit\/long-john-galamus-2\/\",\"name\":\"Long john de canyoning \\\"Galamus\\\" en n\u00e9opr\u00e8ne 5,5 mm Guara-outdoor\",\"isPartOf\":{\"@id\":\"https:\/\/www.guara-outdoor.com\/es\/#website\"},\"primaryImageOfPage\":{\"@id\":\"https:\/\/www.guara-outdoor.com\/es\/produit\/long-john-galamus-2\/#primaryimage\"},\"image\":{\"@id\":\"https:\/\/www.guara-outdoor.com\/es\/produit\/long-john-galamus-2\/#primaryimage\"},\"thumbnailUrl\":\"https:\/\/www.guara-outdoor.com\/wp-content\/uploads\/2019\/03\/glj02-galamus-1.jpg\",\"datePublished\":\"2019-03-04T13:18:00+00:00\",\"dateModified\":\"2026-03-19T06:11:43+00:00\",\"description\":\"Le pantalon de canyoning \\\"Galamus\\\" con\u00e7u par Guara est \u00e9tudi\u00e9 pour \u00eatre confortable et r\u00e9sistant gr\u00e2ce \u00e0 son n\u00e9opr\u00e8ne super stretch de 5,5 mm d'\u00e9paisseur et ses renforts en kevlar. Associ\u00e9 \u00e0 la veste \\\"Taurinya\\\", vous aurez la combinaison id\u00e9ale pour vous accompagner dans vos aventures en canyon.\",\"breadcrumb\":{\"@id\":\"https:\/\/www.guara-outdoor.com\/es\/produit\/long-john-galamus-2\/#breadcrumb\"},\"inLanguage\":\"es\",\"potentialAction\":[{\"@type\":\"ReadAction\",\"target\":[\"https:\/\/www.guara-outdoor.com\/es\/produit\/long-john-galamus-2\/\"]}]},{\"@type\":\"ImageObject\",\"inLanguage\":\"es\",\"@id\":\"https:\/\/www.guara-outdoor.com\/es\/produit\/long-john-galamus-2\/#primaryimage\",\"url\":\"https:\/\/www.guara-outdoor.com\/wp-content\/uploads\/2019\/03\/glj02-galamus-1.jpg\",\"contentUrl\":\"https:\/\/www.guara-outdoor.com\/wp-content\/uploads\/2019\/03\/glj02-galamus-1.jpg\",\"width\":750,\"height\":750},{\"@type\":\"BreadcrumbList\",\"@id\":\"https:\/\/www.guara-outdoor.com\/es\/produit\/long-john-galamus-2\/#breadcrumb\",\"itemListElement\":[{\"@type\":\"ListItem\",\"position\":1,\"name\":\"Accueil\",\"item\":\"https:\/\/www.guara-outdoor.com\/es\/\"},{\"@type\":\"ListItem\",\"position\":2,\"name\":\"Produits\",\"item\":\"https:\/\/www.guara-outdoor.com\/produits2\/\"},{\"@type\":\"ListItem\",\"position\":3,\"name\":\"Trajes\",\"item\":\"https:\/\/www.guara-outdoor.com\/es\/product\/trajes\/\"},{\"@type\":\"ListItem\",\"position\":4,\"name\":\"\u00ab Galamus \u00bb long John\"}]},{\"@type\":\"WebSite\",\"@id\":\"https:\/\/www.guara-outdoor.com\/es\/#website\",\"url\":\"https:\/\/www.guara-outdoor.com\/es\/\",\"name\":\"Guara Outdoor\",\"description\":\"made for adventure\",\"potentialAction\":[{\"@type\":\"SearchAction\",\"target\":{\"@type\":\"EntryPoint\",\"urlTemplate\":\"https:\/\/www.guara-outdoor.com\/es\/?s={search_term_string}\"},\"query-input\":{\"@type\":\"PropertyValueSpecification\",\"valueRequired\":true,\"valueName\":\"search_term_string\"}}],\"inLanguage\":\"es\"}]}<\/script>\n<!-- \/ Yoast SEO plugin. -->","yoast_head_json":{"title":"Long john de canyoning \"Galamus\" en n\u00e9opr\u00e8ne 5,5 mm Guara-outdoor","description":"Le pantalon de canyoning \"Galamus\" con\u00e7u par Guara est \u00e9tudi\u00e9 pour \u00eatre confortable et r\u00e9sistant gr\u00e2ce \u00e0 son n\u00e9opr\u00e8ne super stretch de 5,5 mm d'\u00e9paisseur et ses renforts en kevlar. Associ\u00e9 \u00e0 la veste \"Taurinya\", vous aurez la combinaison id\u00e9ale pour vous accompagner dans vos aventures en canyon.","robots":{"index":"index","follow":"follow","max-snippet":"max-snippet:-1","max-image-preview":"max-image-preview:large","max-video-preview":"max-video-preview:-1"},"canonical":"https:\/\/www.guara-outdoor.com\/es\/produit\/long-john-galamus-2\/","og_locale":"es_ES","og_type":"article","og_title":"Long john de canyoning \"Galamus\" en n\u00e9opr\u00e8ne 5,5 mm Guara-outdoor","og_description":"Le pantalon de canyoning \"Galamus\" con\u00e7u par Guara est \u00e9tudi\u00e9 pour \u00eatre confortable et r\u00e9sistant gr\u00e2ce \u00e0 son n\u00e9opr\u00e8ne super stretch de 5,5 mm d'\u00e9paisseur et ses renforts en kevlar. Associ\u00e9 \u00e0 la veste \"Taurinya\", vous aurez la combinaison id\u00e9ale pour vous accompagner dans vos aventures en canyon.","og_url":"https:\/\/www.guara-outdoor.com\/es\/produit\/long-john-galamus-2\/","og_site_name":"Guara Outdoor","article_modified_time":"2026-03-19T06:11:43+00:00","og_image":[{"width":1000,"height":1000,"url":"https:\/\/www.guara-outdoor.com\/wp-content\/uploads\/2019\/03\/lj-galamus.jpg","type":"image\/jpeg"}],"twitter_card":"summary_large_image","twitter_misc":{"Tiempo de lectura":"1 minuto"},"schema":{"@context":"https:\/\/schema.org","@graph":[{"@type":"WebPage","@id":"https:\/\/www.guara-outdoor.com\/es\/produit\/long-john-galamus-2\/","url":"https:\/\/www.guara-outdoor.com\/es\/produit\/long-john-galamus-2\/","name":"Long john de canyoning \"Galamus\" en n\u00e9opr\u00e8ne 5,5 mm Guara-outdoor","isPartOf":{"@id":"https:\/\/www.guara-outdoor.com\/es\/#website"},"primaryImageOfPage":{"@id":"https:\/\/www.guara-outdoor.com\/es\/produit\/long-john-galamus-2\/#primaryimage"},"image":{"@id":"https:\/\/www.guara-outdoor.com\/es\/produit\/long-john-galamus-2\/#primaryimage"},"thumbnailUrl":"https:\/\/www.guara-outdoor.com\/wp-content\/uploads\/2019\/03\/glj02-galamus-1.jpg","datePublished":"2019-03-04T13:18:00+00:00","dateModified":"2026-03-19T06:11:43+00:00","description":"Le pantalon de canyoning \"Galamus\" con\u00e7u par Guara est \u00e9tudi\u00e9 pour \u00eatre confortable et r\u00e9sistant gr\u00e2ce \u00e0 son n\u00e9opr\u00e8ne super stretch de 5,5 mm d'\u00e9paisseur et ses renforts en kevlar. Associ\u00e9 \u00e0 la veste \"Taurinya\", vous aurez la combinaison id\u00e9ale pour vous accompagner dans vos aventures en canyon.","breadcrumb":{"@id":"https:\/\/www.guara-outdoor.com\/es\/produit\/long-john-galamus-2\/#breadcrumb"},"inLanguage":"es","potentialAction":[{"@type":"ReadAction","target":["https:\/\/www.guara-outdoor.com\/es\/produit\/long-john-galamus-2\/"]}]},{"@type":"ImageObject","inLanguage":"es","@id":"https:\/\/www.guara-outdoor.com\/es\/produit\/long-john-galamus-2\/#primaryimage","url":"https:\/\/www.guara-outdoor.com\/wp-content\/uploads\/2019\/03\/glj02-galamus-1.jpg","contentUrl":"https:\/\/www.guara-outdoor.com\/wp-content\/uploads\/2019\/03\/glj02-galamus-1.jpg","width":750,"height":750},{"@type":"BreadcrumbList","@id":"https:\/\/www.guara-outdoor.com\/es\/produit\/long-john-galamus-2\/#breadcrumb","itemListElement":[{"@type":"ListItem","position":1,"name":"Accueil","item":"https:\/\/www.guara-outdoor.com\/es\/"},{"@type":"ListItem","position":2,"name":"Produits","item":"https:\/\/www.guara-outdoor.com\/produits2\/"},{"@type":"ListItem","position":3,"name":"Trajes","item":"https:\/\/www.guara-outdoor.com\/es\/product\/trajes\/"},{"@type":"ListItem","position":4,"name":"\u00ab Galamus \u00bb long John"}]},{"@type":"WebSite","@id":"https:\/\/www.guara-outdoor.com\/es\/#website","url":"https:\/\/www.guara-outdoor.com\/es\/","name":"Guara Outdoor","description":"made for adventure","potentialAction":[{"@type":"SearchAction","target":{"@type":"EntryPoint","urlTemplate":"https:\/\/www.guara-outdoor.com\/es\/?s={search_term_string}"},"query-input":{"@type":"PropertyValueSpecification","valueRequired":true,"valueName":"search_term_string"}}],"inLanguage":"es"}]}},"_links":{"self":[{"href":"https:\/\/www.guara-outdoor.com\/es\/wp-json\/wp\/v2\/product\/3169","targetHints":{"allow":["GET"]}}],"collection":[{"href":"https:\/\/www.guara-outdoor.com\/es\/wp-json\/wp\/v2\/product"}],"about":[{"href":"https:\/\/www.guara-outdoor.com\/es\/wp-json\/wp\/v2\/types\/product"}],"wp:featuredmedia":[{"embeddable":true,"href":"https:\/\/www.guara-outdoor.com\/es\/wp-json\/wp\/v2\/media\/29224"}],"wp:attachment":[{"href":"https:\/\/www.guara-outdoor.com\/es\/wp-json\/wp\/v2\/media?parent=3169"}],"wp:term":[{"taxonomy":"product_brand","embeddable":true,"href":"https:\/\/www.guara-outdoor.com\/es\/wp-json\/wp\/v2\/product_brand?post=3169"},{"taxonomy":"product_cat","embeddable":true,"href":"https:\/\/www.guara-outdoor.com\/es\/wp-json\/wp\/v2\/product_cat?post=3169"},{"taxonomy":"product_tag","embeddable":true,"href":"https:\/\/www.guara-outdoor.com\/es\/wp-json\/wp\/v2\/product_tag?post=3169"}],"curies":[{"name":"wp","href":"https:\/\/api.w.org\/{rel}","templated":true}]}}