{"id":2293,"date":"2019-01-18T14:55:47","date_gmt":"2019-01-18T13:55:47","guid":{"rendered":"https:\/\/www.guara-outdoor.com\/?post_type=product&#038;p=2293"},"modified":"2023-07-29T17:45:31","modified_gmt":"2023-07-29T15:45:31","slug":"traje-monopieza","status":"publish","type":"product","link":"https:\/\/www.guara-outdoor.com\/es\/produit\/traje-monopieza\/","title":{"rendered":"\u00abBaoussous\u00bb monopieza ni\u00f1o"},"content":{"rendered":"<h2 class=\"Corps\"><b>CARACTER\u00cdSTICAS:<\/b><\/h2>\n<p class=\"Corps\">Modelo ni\u00f1o.<\/p>\n<p class=\"Corps\">Cierre de cremallera que llega al lado de la barbilla para una mayor comodidad.<\/p>\n<p>Codos y rodillas y rodillas preformados y refuerzos de las axilas para facilitar los movimientos y la durabilidad.<\/p>\n<p>Codos reforzados de kevlar y poliuretano extremista resistente.<\/p>\n<p>Nalgas reforzadas.<\/p>\n<p>Costuras cosidas pegadas (GBS) que no atraviesan los neopreno para limitar las entradas de agua y conservar el calor.<\/p>\n<p class=\"Corps\">Mangas raglants para una libertad de movimiento.<\/p>\n<p class=\"Corps\">Capucha.<\/p>\n<p>Cierra de cremallera en los pu\u00f1os y tobillos para facilitar el ensartado.<\/p>\n<p class=\"Corps\">Las costuras de los canes\u00faes son reforzadas por una banda adhesiva l\u00edquida para evitar abrasi\u00f3n demasiado r\u00e1pida de las costuras.<\/p>\n<h2 class=\"Corps\"><b>MATERIALES :<\/b><\/h2>\n<p>&nbsp;<\/p>\n<p class=\"Corps\">Neopreno CR 5,5mm con forro s\u00faper el\u00e1stico por ambos lados.<\/p>\n<p class=\"Corps\">Refuerzos en kevlar y poliuretano.<\/p>\n<p>Color: naranja y negro<\/p>\n<p>&nbsp;<\/p>\n<h2 class=\"Corps\"><b>TALLAS :<\/b><\/h2>\n<p class=\"Corps\">De la tallas 6 \u00e0 12 a\u00f1o.<\/p>\n","protected":false},"excerpt":{"rendered":"<p>La monopieza \u201cBaoussous\u201d \u00a0esta confeccionados en neopreno s\u00faper el\u00e1stico de 5,5 mm lo que garantiza una mayor comodidad siendo la vez muy resistente. Satisfar\u00e1 los profesionales como los aficionados en todos los ca\u00f1ones de aventura.<\/p>\n<p>&nbsp;<\/p>\n<p>&nbsp;<\/p>\n","protected":false},"featured_media":28874,"template":"","meta":[],"product_brand":[],"product_cat":[36],"product_tag":[96,98,240,100],"class_list":{"0":"post-2293","1":"product","2":"type-product","3":"status-publish","4":"has-post-thumbnail","6":"product_cat-trajes","7":"product_tag-combinaison-es","8":"product_tag-neoprene-es","9":"product_tag-nino","10":"product_tag-salopette-es","12":"first","13":"instock","14":"sale","15":"taxable","16":"shipping-taxable","17":"purchasable","18":"product-type-variable"},"acf":[],"yoast_head":"<!-- This site is optimized with the Yoast SEO plugin v27.0 - https:\/\/yoast.com\/product\/yoast-seo-wordpress\/ -->\n<title>&quot;Baoussous&quot; monopieza ni\u00f1o - Guara Outdoor<\/title>\n<meta name=\"description\" content=\"La monopieza \u201cBaoussous\u201d \u00a0esta confeccionados en neopreno s\u00faper el\u00e1stico de 5,5 mm lo que garantiza una mayor comodidad siendo la vez muy resistente. Satisfar\u00e1 los profesionales como los aficionados en todos los ca\u00f1ones de aventura.\" \/>\n<meta name=\"robots\" content=\"index, follow, max-snippet:-1, max-image-preview:large, max-video-preview:-1\" \/>\n<link rel=\"canonical\" href=\"https:\/\/www.guara-outdoor.com\/es\/produit\/traje-monopieza\/\" \/>\n<meta property=\"og:locale\" content=\"es_ES\" \/>\n<meta property=\"og:type\" content=\"article\" \/>\n<meta property=\"og:title\" content=\"&quot;Baoussous&quot; monopieza ni\u00f1o - Guara Outdoor\" \/>\n<meta property=\"og:description\" content=\"La monopieza \u201cBaoussous\u201d \u00a0esta confeccionados en neopreno s\u00faper el\u00e1stico de 5,5 mm lo que garantiza una mayor comodidad siendo la vez muy resistente. Satisfar\u00e1 los profesionales como los aficionados en todos los ca\u00f1ones de aventura.\" \/>\n<meta property=\"og:url\" content=\"https:\/\/www.guara-outdoor.com\/es\/produit\/traje-monopieza\/\" \/>\n<meta property=\"og:site_name\" content=\"Guara Outdoor\" \/>\n<meta property=\"article:modified_time\" content=\"2023-07-29T15:45:31+00:00\" \/>\n<meta property=\"og:image\" content=\"https:\/\/www.guara-outdoor.com\/wp-content\/uploads\/2020\/03\/baoussous-dv.jpg\" \/>\n\t<meta property=\"og:image:width\" content=\"1000\" \/>\n\t<meta property=\"og:image:height\" content=\"1000\" \/>\n\t<meta property=\"og:image:type\" content=\"image\/jpeg\" \/>\n<meta name=\"twitter:card\" content=\"summary_large_image\" \/>\n<meta name=\"twitter:label1\" content=\"Tiempo de lectura\" \/>\n\t<meta name=\"twitter:data1\" content=\"1 minuto\" \/>\n<script type=\"application\/ld+json\" class=\"yoast-schema-graph\">{\"@context\":\"https:\/\/schema.org\",\"@graph\":[{\"@type\":\"WebPage\",\"@id\":\"https:\/\/www.guara-outdoor.com\/es\/produit\/traje-monopieza\/\",\"url\":\"https:\/\/www.guara-outdoor.com\/es\/produit\/traje-monopieza\/\",\"name\":\"\\\"Baoussous\\\" monopieza ni\u00f1o - Guara Outdoor\",\"isPartOf\":{\"@id\":\"https:\/\/www.guara-outdoor.com\/es\/#website\"},\"primaryImageOfPage\":{\"@id\":\"https:\/\/www.guara-outdoor.com\/es\/produit\/traje-monopieza\/#primaryimage\"},\"image\":{\"@id\":\"https:\/\/www.guara-outdoor.com\/es\/produit\/traje-monopieza\/#primaryimage\"},\"thumbnailUrl\":\"https:\/\/www.guara-outdoor.com\/wp-content\/uploads\/2019\/01\/baoussous-1.jpg\",\"datePublished\":\"2019-01-18T13:55:47+00:00\",\"dateModified\":\"2023-07-29T15:45:31+00:00\",\"description\":\"La monopieza \u201cBaoussous\u201d \u00a0esta confeccionados en neopreno s\u00faper el\u00e1stico de 5,5 mm lo que garantiza una mayor comodidad siendo la vez muy resistente. Satisfar\u00e1 los profesionales como los aficionados en todos los ca\u00f1ones de aventura.\",\"breadcrumb\":{\"@id\":\"https:\/\/www.guara-outdoor.com\/es\/produit\/traje-monopieza\/#breadcrumb\"},\"inLanguage\":\"es\",\"potentialAction\":[{\"@type\":\"ReadAction\",\"target\":[\"https:\/\/www.guara-outdoor.com\/es\/produit\/traje-monopieza\/\"]}]},{\"@type\":\"ImageObject\",\"inLanguage\":\"es\",\"@id\":\"https:\/\/www.guara-outdoor.com\/es\/produit\/traje-monopieza\/#primaryimage\",\"url\":\"https:\/\/www.guara-outdoor.com\/wp-content\/uploads\/2019\/01\/baoussous-1.jpg\",\"contentUrl\":\"https:\/\/www.guara-outdoor.com\/wp-content\/uploads\/2019\/01\/baoussous-1.jpg\",\"width\":1000,\"height\":1000},{\"@type\":\"BreadcrumbList\",\"@id\":\"https:\/\/www.guara-outdoor.com\/es\/produit\/traje-monopieza\/#breadcrumb\",\"itemListElement\":[{\"@type\":\"ListItem\",\"position\":1,\"name\":\"Accueil\",\"item\":\"https:\/\/www.guara-outdoor.com\/es\/\"},{\"@type\":\"ListItem\",\"position\":2,\"name\":\"Produits\",\"item\":\"https:\/\/www.guara-outdoor.com\/produits2\/\"},{\"@type\":\"ListItem\",\"position\":3,\"name\":\"Trajes\",\"item\":\"https:\/\/www.guara-outdoor.com\/es\/product\/trajes\/\"},{\"@type\":\"ListItem\",\"position\":4,\"name\":\"\u00ab\u00a0Baoussous\u00a0\u00bb monopieza ni\u00f1o\"}]},{\"@type\":\"WebSite\",\"@id\":\"https:\/\/www.guara-outdoor.com\/es\/#website\",\"url\":\"https:\/\/www.guara-outdoor.com\/es\/\",\"name\":\"Guara Outdoor\",\"description\":\"made for adventure\",\"potentialAction\":[{\"@type\":\"SearchAction\",\"target\":{\"@type\":\"EntryPoint\",\"urlTemplate\":\"https:\/\/www.guara-outdoor.com\/es\/?s={search_term_string}\"},\"query-input\":{\"@type\":\"PropertyValueSpecification\",\"valueRequired\":true,\"valueName\":\"search_term_string\"}}],\"inLanguage\":\"es\"}]}<\/script>\n<!-- \/ Yoast SEO plugin. -->","yoast_head_json":{"title":"\"Baoussous\" monopieza ni\u00f1o - Guara Outdoor","description":"La monopieza \u201cBaoussous\u201d \u00a0esta confeccionados en neopreno s\u00faper el\u00e1stico de 5,5 mm lo que garantiza una mayor comodidad siendo la vez muy resistente. Satisfar\u00e1 los profesionales como los aficionados en todos los ca\u00f1ones de aventura.","robots":{"index":"index","follow":"follow","max-snippet":"max-snippet:-1","max-image-preview":"max-image-preview:large","max-video-preview":"max-video-preview:-1"},"canonical":"https:\/\/www.guara-outdoor.com\/es\/produit\/traje-monopieza\/","og_locale":"es_ES","og_type":"article","og_title":"\"Baoussous\" monopieza ni\u00f1o - Guara Outdoor","og_description":"La monopieza \u201cBaoussous\u201d \u00a0esta confeccionados en neopreno s\u00faper el\u00e1stico de 5,5 mm lo que garantiza una mayor comodidad siendo la vez muy resistente. Satisfar\u00e1 los profesionales como los aficionados en todos los ca\u00f1ones de aventura.","og_url":"https:\/\/www.guara-outdoor.com\/es\/produit\/traje-monopieza\/","og_site_name":"Guara Outdoor","article_modified_time":"2023-07-29T15:45:31+00:00","og_image":[{"width":1000,"height":1000,"url":"https:\/\/www.guara-outdoor.com\/wp-content\/uploads\/2020\/03\/baoussous-dv.jpg","type":"image\/jpeg"}],"twitter_card":"summary_large_image","twitter_misc":{"Tiempo de lectura":"1 minuto"},"schema":{"@context":"https:\/\/schema.org","@graph":[{"@type":"WebPage","@id":"https:\/\/www.guara-outdoor.com\/es\/produit\/traje-monopieza\/","url":"https:\/\/www.guara-outdoor.com\/es\/produit\/traje-monopieza\/","name":"\"Baoussous\" monopieza ni\u00f1o - Guara Outdoor","isPartOf":{"@id":"https:\/\/www.guara-outdoor.com\/es\/#website"},"primaryImageOfPage":{"@id":"https:\/\/www.guara-outdoor.com\/es\/produit\/traje-monopieza\/#primaryimage"},"image":{"@id":"https:\/\/www.guara-outdoor.com\/es\/produit\/traje-monopieza\/#primaryimage"},"thumbnailUrl":"https:\/\/www.guara-outdoor.com\/wp-content\/uploads\/2019\/01\/baoussous-1.jpg","datePublished":"2019-01-18T13:55:47+00:00","dateModified":"2023-07-29T15:45:31+00:00","description":"La monopieza \u201cBaoussous\u201d \u00a0esta confeccionados en neopreno s\u00faper el\u00e1stico de 5,5 mm lo que garantiza una mayor comodidad siendo la vez muy resistente. Satisfar\u00e1 los profesionales como los aficionados en todos los ca\u00f1ones de aventura.","breadcrumb":{"@id":"https:\/\/www.guara-outdoor.com\/es\/produit\/traje-monopieza\/#breadcrumb"},"inLanguage":"es","potentialAction":[{"@type":"ReadAction","target":["https:\/\/www.guara-outdoor.com\/es\/produit\/traje-monopieza\/"]}]},{"@type":"ImageObject","inLanguage":"es","@id":"https:\/\/www.guara-outdoor.com\/es\/produit\/traje-monopieza\/#primaryimage","url":"https:\/\/www.guara-outdoor.com\/wp-content\/uploads\/2019\/01\/baoussous-1.jpg","contentUrl":"https:\/\/www.guara-outdoor.com\/wp-content\/uploads\/2019\/01\/baoussous-1.jpg","width":1000,"height":1000},{"@type":"BreadcrumbList","@id":"https:\/\/www.guara-outdoor.com\/es\/produit\/traje-monopieza\/#breadcrumb","itemListElement":[{"@type":"ListItem","position":1,"name":"Accueil","item":"https:\/\/www.guara-outdoor.com\/es\/"},{"@type":"ListItem","position":2,"name":"Produits","item":"https:\/\/www.guara-outdoor.com\/produits2\/"},{"@type":"ListItem","position":3,"name":"Trajes","item":"https:\/\/www.guara-outdoor.com\/es\/product\/trajes\/"},{"@type":"ListItem","position":4,"name":"\u00ab\u00a0Baoussous\u00a0\u00bb monopieza ni\u00f1o"}]},{"@type":"WebSite","@id":"https:\/\/www.guara-outdoor.com\/es\/#website","url":"https:\/\/www.guara-outdoor.com\/es\/","name":"Guara Outdoor","description":"made for adventure","potentialAction":[{"@type":"SearchAction","target":{"@type":"EntryPoint","urlTemplate":"https:\/\/www.guara-outdoor.com\/es\/?s={search_term_string}"},"query-input":{"@type":"PropertyValueSpecification","valueRequired":true,"valueName":"search_term_string"}}],"inLanguage":"es"}]}},"_links":{"self":[{"href":"https:\/\/www.guara-outdoor.com\/es\/wp-json\/wp\/v2\/product\/2293","targetHints":{"allow":["GET"]}}],"collection":[{"href":"https:\/\/www.guara-outdoor.com\/es\/wp-json\/wp\/v2\/product"}],"about":[{"href":"https:\/\/www.guara-outdoor.com\/es\/wp-json\/wp\/v2\/types\/product"}],"wp:featuredmedia":[{"embeddable":true,"href":"https:\/\/www.guara-outdoor.com\/es\/wp-json\/wp\/v2\/media\/28874"}],"wp:attachment":[{"href":"https:\/\/www.guara-outdoor.com\/es\/wp-json\/wp\/v2\/media?parent=2293"}],"wp:term":[{"taxonomy":"product_brand","embeddable":true,"href":"https:\/\/www.guara-outdoor.com\/es\/wp-json\/wp\/v2\/product_brand?post=2293"},{"taxonomy":"product_cat","embeddable":true,"href":"https:\/\/www.guara-outdoor.com\/es\/wp-json\/wp\/v2\/product_cat?post=2293"},{"taxonomy":"product_tag","embeddable":true,"href":"https:\/\/www.guara-outdoor.com\/es\/wp-json\/wp\/v2\/product_tag?post=2293"}],"curies":[{"name":"wp","href":"https:\/\/api.w.org\/{rel}","templated":true}]}}