{"id":2227,"date":"2019-01-18T13:47:26","date_gmt":"2019-01-18T12:47:26","guid":{"rendered":"https:\/\/www.guara-outdoor.com\/?post_type=product&#038;p=2227"},"modified":"2022-02-23T14:07:13","modified_gmt":"2022-02-23T13:07:13","slug":"traje-monopieza-anelles","status":"publish","type":"product","link":"https:\/\/www.guara-outdoor.com\/es\/produit\/traje-monopieza-anelles\/","title":{"rendered":"\u00abAnelles\u00bb monopieza"},"content":{"rendered":"<h2 class=\"Corps\"><b>CARACTER\u00cdSTICAS:<\/b><\/h2>\n<p class=\"Corps\">Modelo unisex<\/p>\n<p class=\"Corps\">Cierre de cremallera que llega al lado de la barbilla para una mayor comodidad.<\/p>\n<p>Codos y rodillas y rodillas preformados y refuerzos de las axilas para facilitar los movimientos y la durabilidad.<\/p>\n<p>Codos reforzados de kevlar y poliuretano extremista resistente.<\/p>\n<p>Nalgas reforzadas.<\/p>\n<p class=\"Corps\">Costuras cosidas pegadas (GBS) que no atraviesan los neopreno para limitar las entradas de agua y conservar el calor.<\/p>\n<p class=\"Corps\">Mangas raglants para una libertad de movimiento.<\/p>\n<p class=\"Corps\">Capucha.<\/p>\n<p class=\"Corps\">Ranuras en los pu\u00f1os y los tobillos para facilitar el vestir.<\/p>\n<p class=\"Corps\">Las costuras de los canes\u00faes son reforzadas por una banda adhesiva l\u00edquida para evitar abrasi\u00f3n demasiado r\u00e1pida de las costuras.<\/p>\n<h2 class=\"Corps\"><b>MATERIALES :<\/b><\/h2>\n<p>&nbsp;<\/p>\n<p class=\"Corps\">Neopreno CR 5,5mm con forro s\u00faper el\u00e1stico por ambos lados.<\/p>\n<p class=\"Corps\">Refuerzos en kevlar y poliuretano.<\/p>\n<p>Color: naranja y negro<\/p>\n<p>&nbsp;<\/p>\n<h2 class=\"Corps\"><b>TALLAS :<\/b><\/h2>\n<p class=\"Corps\">De la tallas 0 \u00e0 7<\/p>\n","protected":false},"excerpt":{"rendered":"<p>La monopieza \u201cAnelles\u201d esta confeccionado en neopreno s\u00faper el\u00e1stico de 5,5 mm lo que garantiza una mayor comodidad siendo la vez muy resistente. Satisfar\u00e1 los profesionales como los aficionados en todos los ca\u00f1ones de aventura.<\/p>\n<p>&nbsp;<\/p>\n<p>&nbsp;<\/p>\n","protected":false},"featured_media":29228,"template":"","meta":[],"product_brand":[],"product_cat":[36],"product_tag":[96,290,98,100],"class_list":{"0":"post-2227","1":"product","2":"type-product","3":"status-publish","4":"has-post-thumbnail","6":"product_cat-trajes","7":"product_tag-combinaison-es","8":"product_tag-monopieza","9":"product_tag-neoprene-es","10":"product_tag-salopette-es","12":"first","13":"onbackorder","14":"sale","15":"taxable","16":"shipping-taxable","17":"purchasable","18":"product-type-variable"},"acf":[],"yoast_head":"<!-- This site is optimized with the Yoast SEO plugin v27.0 - https:\/\/yoast.com\/product\/yoast-seo-wordpress\/ -->\n<title>MONOPIEZA &quot;ANELLES&quot;<\/title>\n<meta name=\"description\" content=\"La monopieza \u201cAnelles\u201d esta confeccionado en neopreno s\u00faper el\u00e1stico de 5,5 mm lo que garantiza una mayor comodidad siendo la vez muy resistente. Satisfar\u00e1 los profesionales como los aficionados en todos los ca\u00f1ones de aventura.\" \/>\n<meta name=\"robots\" content=\"index, follow, max-snippet:-1, max-image-preview:large, max-video-preview:-1\" \/>\n<link rel=\"canonical\" href=\"https:\/\/www.guara-outdoor.com\/es\/produit\/traje-monopieza-anelles\/\" \/>\n<meta property=\"og:locale\" content=\"es_ES\" \/>\n<meta property=\"og:type\" content=\"article\" \/>\n<meta property=\"og:title\" content=\"MONOPIEZA &quot;ANELLES&quot;\" \/>\n<meta property=\"og:description\" content=\"La monopieza \u201cAnelles\u201d esta confeccionado en neopreno s\u00faper el\u00e1stico de 5,5 mm lo que garantiza una mayor comodidad siendo la vez muy resistente. Satisfar\u00e1 los profesionales como los aficionados en todos los ca\u00f1ones de aventura.\" \/>\n<meta property=\"og:url\" content=\"https:\/\/www.guara-outdoor.com\/es\/produit\/traje-monopieza-anelles\/\" \/>\n<meta property=\"og:site_name\" content=\"Guara Outdoor\" \/>\n<meta property=\"article:modified_time\" content=\"2022-02-23T13:07:13+00:00\" \/>\n<meta property=\"og:image\" content=\"https:\/\/www.guara-outdoor.com\/wp-content\/uploads\/2019\/02\/monop-anelles-.jpg\" \/>\n\t<meta property=\"og:image:width\" content=\"1000\" \/>\n\t<meta property=\"og:image:height\" content=\"1000\" \/>\n\t<meta property=\"og:image:type\" content=\"image\/jpeg\" \/>\n<meta name=\"twitter:card\" content=\"summary_large_image\" \/>\n<meta name=\"twitter:label1\" content=\"Tiempo de lectura\" \/>\n\t<meta name=\"twitter:data1\" content=\"1 minuto\" \/>\n<script type=\"application\/ld+json\" class=\"yoast-schema-graph\">{\"@context\":\"https:\/\/schema.org\",\"@graph\":[{\"@type\":\"WebPage\",\"@id\":\"https:\/\/www.guara-outdoor.com\/es\/produit\/traje-monopieza-anelles\/\",\"url\":\"https:\/\/www.guara-outdoor.com\/es\/produit\/traje-monopieza-anelles\/\",\"name\":\"MONOPIEZA \\\"ANELLES\\\"\",\"isPartOf\":{\"@id\":\"https:\/\/www.guara-outdoor.com\/es\/#website\"},\"primaryImageOfPage\":{\"@id\":\"https:\/\/www.guara-outdoor.com\/es\/produit\/traje-monopieza-anelles\/#primaryimage\"},\"image\":{\"@id\":\"https:\/\/www.guara-outdoor.com\/es\/produit\/traje-monopieza-anelles\/#primaryimage\"},\"thumbnailUrl\":\"https:\/\/www.guara-outdoor.com\/wp-content\/uploads\/2019\/03\/gm001-monop-anelles-soldes-2026.jpg\",\"datePublished\":\"2019-01-18T12:47:26+00:00\",\"dateModified\":\"2022-02-23T13:07:13+00:00\",\"description\":\"La monopieza \u201cAnelles\u201d esta confeccionado en neopreno s\u00faper el\u00e1stico de 5,5 mm lo que garantiza una mayor comodidad siendo la vez muy resistente. Satisfar\u00e1 los profesionales como los aficionados en todos los ca\u00f1ones de aventura.\",\"breadcrumb\":{\"@id\":\"https:\/\/www.guara-outdoor.com\/es\/produit\/traje-monopieza-anelles\/#breadcrumb\"},\"inLanguage\":\"es\",\"potentialAction\":[{\"@type\":\"ReadAction\",\"target\":[\"https:\/\/www.guara-outdoor.com\/es\/produit\/traje-monopieza-anelles\/\"]}]},{\"@type\":\"ImageObject\",\"inLanguage\":\"es\",\"@id\":\"https:\/\/www.guara-outdoor.com\/es\/produit\/traje-monopieza-anelles\/#primaryimage\",\"url\":\"https:\/\/www.guara-outdoor.com\/wp-content\/uploads\/2019\/03\/gm001-monop-anelles-soldes-2026.jpg\",\"contentUrl\":\"https:\/\/www.guara-outdoor.com\/wp-content\/uploads\/2019\/03\/gm001-monop-anelles-soldes-2026.jpg\",\"width\":1000,\"height\":1000},{\"@type\":\"BreadcrumbList\",\"@id\":\"https:\/\/www.guara-outdoor.com\/es\/produit\/traje-monopieza-anelles\/#breadcrumb\",\"itemListElement\":[{\"@type\":\"ListItem\",\"position\":1,\"name\":\"Accueil\",\"item\":\"https:\/\/www.guara-outdoor.com\/es\/\"},{\"@type\":\"ListItem\",\"position\":2,\"name\":\"Produits\",\"item\":\"https:\/\/www.guara-outdoor.com\/produits2\/\"},{\"@type\":\"ListItem\",\"position\":3,\"name\":\"Trajes\",\"item\":\"https:\/\/www.guara-outdoor.com\/es\/product\/trajes\/\"},{\"@type\":\"ListItem\",\"position\":4,\"name\":\"\u00ab\u00a0Anelles\u00a0\u00bb monopieza\"}]},{\"@type\":\"WebSite\",\"@id\":\"https:\/\/www.guara-outdoor.com\/es\/#website\",\"url\":\"https:\/\/www.guara-outdoor.com\/es\/\",\"name\":\"Guara Outdoor\",\"description\":\"made for adventure\",\"potentialAction\":[{\"@type\":\"SearchAction\",\"target\":{\"@type\":\"EntryPoint\",\"urlTemplate\":\"https:\/\/www.guara-outdoor.com\/es\/?s={search_term_string}\"},\"query-input\":{\"@type\":\"PropertyValueSpecification\",\"valueRequired\":true,\"valueName\":\"search_term_string\"}}],\"inLanguage\":\"es\"}]}<\/script>\n<!-- \/ Yoast SEO plugin. -->","yoast_head_json":{"title":"MONOPIEZA \"ANELLES\"","description":"La monopieza \u201cAnelles\u201d esta confeccionado en neopreno s\u00faper el\u00e1stico de 5,5 mm lo que garantiza una mayor comodidad siendo la vez muy resistente. Satisfar\u00e1 los profesionales como los aficionados en todos los ca\u00f1ones de aventura.","robots":{"index":"index","follow":"follow","max-snippet":"max-snippet:-1","max-image-preview":"max-image-preview:large","max-video-preview":"max-video-preview:-1"},"canonical":"https:\/\/www.guara-outdoor.com\/es\/produit\/traje-monopieza-anelles\/","og_locale":"es_ES","og_type":"article","og_title":"MONOPIEZA \"ANELLES\"","og_description":"La monopieza \u201cAnelles\u201d esta confeccionado en neopreno s\u00faper el\u00e1stico de 5,5 mm lo que garantiza una mayor comodidad siendo la vez muy resistente. Satisfar\u00e1 los profesionales como los aficionados en todos los ca\u00f1ones de aventura.","og_url":"https:\/\/www.guara-outdoor.com\/es\/produit\/traje-monopieza-anelles\/","og_site_name":"Guara Outdoor","article_modified_time":"2022-02-23T13:07:13+00:00","og_image":[{"width":1000,"height":1000,"url":"https:\/\/www.guara-outdoor.com\/wp-content\/uploads\/2019\/02\/monop-anelles-.jpg","type":"image\/jpeg"}],"twitter_card":"summary_large_image","twitter_misc":{"Tiempo de lectura":"1 minuto"},"schema":{"@context":"https:\/\/schema.org","@graph":[{"@type":"WebPage","@id":"https:\/\/www.guara-outdoor.com\/es\/produit\/traje-monopieza-anelles\/","url":"https:\/\/www.guara-outdoor.com\/es\/produit\/traje-monopieza-anelles\/","name":"MONOPIEZA \"ANELLES\"","isPartOf":{"@id":"https:\/\/www.guara-outdoor.com\/es\/#website"},"primaryImageOfPage":{"@id":"https:\/\/www.guara-outdoor.com\/es\/produit\/traje-monopieza-anelles\/#primaryimage"},"image":{"@id":"https:\/\/www.guara-outdoor.com\/es\/produit\/traje-monopieza-anelles\/#primaryimage"},"thumbnailUrl":"https:\/\/www.guara-outdoor.com\/wp-content\/uploads\/2019\/03\/gm001-monop-anelles-soldes-2026.jpg","datePublished":"2019-01-18T12:47:26+00:00","dateModified":"2022-02-23T13:07:13+00:00","description":"La monopieza \u201cAnelles\u201d esta confeccionado en neopreno s\u00faper el\u00e1stico de 5,5 mm lo que garantiza una mayor comodidad siendo la vez muy resistente. Satisfar\u00e1 los profesionales como los aficionados en todos los ca\u00f1ones de aventura.","breadcrumb":{"@id":"https:\/\/www.guara-outdoor.com\/es\/produit\/traje-monopieza-anelles\/#breadcrumb"},"inLanguage":"es","potentialAction":[{"@type":"ReadAction","target":["https:\/\/www.guara-outdoor.com\/es\/produit\/traje-monopieza-anelles\/"]}]},{"@type":"ImageObject","inLanguage":"es","@id":"https:\/\/www.guara-outdoor.com\/es\/produit\/traje-monopieza-anelles\/#primaryimage","url":"https:\/\/www.guara-outdoor.com\/wp-content\/uploads\/2019\/03\/gm001-monop-anelles-soldes-2026.jpg","contentUrl":"https:\/\/www.guara-outdoor.com\/wp-content\/uploads\/2019\/03\/gm001-monop-anelles-soldes-2026.jpg","width":1000,"height":1000},{"@type":"BreadcrumbList","@id":"https:\/\/www.guara-outdoor.com\/es\/produit\/traje-monopieza-anelles\/#breadcrumb","itemListElement":[{"@type":"ListItem","position":1,"name":"Accueil","item":"https:\/\/www.guara-outdoor.com\/es\/"},{"@type":"ListItem","position":2,"name":"Produits","item":"https:\/\/www.guara-outdoor.com\/produits2\/"},{"@type":"ListItem","position":3,"name":"Trajes","item":"https:\/\/www.guara-outdoor.com\/es\/product\/trajes\/"},{"@type":"ListItem","position":4,"name":"\u00ab\u00a0Anelles\u00a0\u00bb monopieza"}]},{"@type":"WebSite","@id":"https:\/\/www.guara-outdoor.com\/es\/#website","url":"https:\/\/www.guara-outdoor.com\/es\/","name":"Guara Outdoor","description":"made for adventure","potentialAction":[{"@type":"SearchAction","target":{"@type":"EntryPoint","urlTemplate":"https:\/\/www.guara-outdoor.com\/es\/?s={search_term_string}"},"query-input":{"@type":"PropertyValueSpecification","valueRequired":true,"valueName":"search_term_string"}}],"inLanguage":"es"}]}},"_links":{"self":[{"href":"https:\/\/www.guara-outdoor.com\/es\/wp-json\/wp\/v2\/product\/2227","targetHints":{"allow":["GET"]}}],"collection":[{"href":"https:\/\/www.guara-outdoor.com\/es\/wp-json\/wp\/v2\/product"}],"about":[{"href":"https:\/\/www.guara-outdoor.com\/es\/wp-json\/wp\/v2\/types\/product"}],"wp:featuredmedia":[{"embeddable":true,"href":"https:\/\/www.guara-outdoor.com\/es\/wp-json\/wp\/v2\/media\/29228"}],"wp:attachment":[{"href":"https:\/\/www.guara-outdoor.com\/es\/wp-json\/wp\/v2\/media?parent=2227"}],"wp:term":[{"taxonomy":"product_brand","embeddable":true,"href":"https:\/\/www.guara-outdoor.com\/es\/wp-json\/wp\/v2\/product_brand?post=2227"},{"taxonomy":"product_cat","embeddable":true,"href":"https:\/\/www.guara-outdoor.com\/es\/wp-json\/wp\/v2\/product_cat?post=2227"},{"taxonomy":"product_tag","embeddable":true,"href":"https:\/\/www.guara-outdoor.com\/es\/wp-json\/wp\/v2\/product_tag?post=2227"}],"curies":[{"name":"wp","href":"https:\/\/api.w.org\/{rel}","templated":true}]}}