{"id":1869,"date":"2018-10-17T15:21:49","date_gmt":"2018-10-17T13:21:49","guid":{"rendered":"https:\/\/www.guara-outdoor.com\/?post_type=product&#038;p=1869"},"modified":"2021-04-02T15:36:14","modified_gmt":"2021-04-02T13:36:14","slug":"carte-cadeau","status":"publish","type":"product","link":"https:\/\/www.guara-outdoor.com\/es\/produit\/carte-cadeau\/","title":{"rendered":"Carte cadeau"},"content":{"rendered":"<p>Carte cadeau 20\u20ac, 50\u20ac, 100\u20ac, 150\u20ac utilisable avec un code promo sur le site <strong>www.guara-outdoor.com<\/strong> ou par mail <strong>serviceclient@guara-outdoor.com. <\/strong>Validit\u00e9 1 an.<strong><br \/>\n<\/strong><\/p>\n<p>Avec la carte cadeau <strong>Guara<\/strong>,\u00a0 soyez certain de faire plaisir \u00e0 vos proches sportifs et aventuriers !<\/p>\n<p>Un code sera envoy\u00e9 \u00e0 votre choix par e-mail ou par courrier au destinataire de la carte cadeau. <strong><span style=\"color: #ff0000\">Pensez \u00e0 bien indiquer les coordonn\u00e9es (adresse + e-mail du destinataire) dans la partie \u00abnotes de commande\u00bb lors de la validation de l&#8217;achat.<\/span><\/strong><\/p>\n<p>Vous souhaitez ajouter un petit message personnalis\u00e9, r\u00e9digez le dans la partie \u00abnotes de commande\u00bb, nous nous chargeons de le joindre \u00e0 votre carte cadeau.<\/p>\n<p><strong>Attention :<\/strong>\u00a0ce mail ne sera envoy\u00e9 qu\u2019au moment de la r\u00e9ception du paiement par nos services. M\u00eame en cas de paiement par carte bancaire, notre service client devra valider votre commande manuellement afin de l\u2019activer (d\u00e9lais d&#8217;un jour ouvr\u00e9 pour l&#8217;activation du code).<\/p>\n","protected":false},"excerpt":{"rendered":"<p>Carte cadeau 20\u20ac, 50\u20ac, 100\u20ac, 150\u20ac utilisable avec un code promo sur le site www.guara-outdoor.com ou par mail serviceclient@guara-outdoor.com<\/p>\n","protected":false},"featured_media":8043,"template":"","meta":[],"product_brand":[],"product_cat":[138],"product_tag":[95,96,97,98,99,63,100,109],"class_list":{"0":"post-1869","1":"product","2":"type-product","3":"status-publish","4":"has-post-thumbnail","6":"product_cat-cartes-cadeaux-es","7":"product_tag-bas-neoprene-es","8":"product_tag-combinaison-es","9":"product_tag-longjohn-es","10":"product_tag-neoprene-es","11":"product_tag-pantalon-es","12":"product_tag-produit-dentretien-es","13":"product_tag-salopette-es","14":"product_tag-veste-es","16":"first","17":"instock","18":"taxable","19":"shipping-taxable","20":"purchasable","21":"product-type-variable","22":"has-default-attributes"},"acf":[],"yoast_head":"<!-- This site is optimized with the Yoast SEO plugin v27.0 - https:\/\/yoast.com\/product\/yoast-seo-wordpress\/ -->\n<title>Cartes cadeaux GUARA 20, 50, 100 et 150\u20ac \u00e0 offrir \u00e0 vos proches.<\/title>\n<meta name=\"description\" content=\"Cartes cadeaux Guara d&#039;un montant de 20, 50, 100 ou 150 euros au choix. Elles peuvent \u00eatre directement envoy\u00e9es \u00e0 votre famille ou ami, par mail ou par courrier. Elles sont utilisables sur notre site internet www.guara-outdoor.com et par mail serviceclient@guara-outdoor.com.\" \/>\n<meta name=\"robots\" content=\"index, follow, max-snippet:-1, max-image-preview:large, max-video-preview:-1\" \/>\n<link rel=\"canonical\" href=\"https:\/\/www.guara-outdoor.com\/es\/produit\/carte-cadeau\/\" \/>\n<meta property=\"og:locale\" content=\"es_ES\" \/>\n<meta property=\"og:type\" content=\"article\" \/>\n<meta property=\"og:title\" content=\"Cartes cadeaux GUARA 20, 50, 100 et 150\u20ac \u00e0 offrir \u00e0 vos proches.\" \/>\n<meta property=\"og:description\" content=\"Cartes cadeaux Guara d&#039;un montant de 20, 50, 100 ou 150 euros au choix. Elles peuvent \u00eatre directement envoy\u00e9es \u00e0 votre famille ou ami, par mail ou par courrier. Elles sont utilisables sur notre site internet www.guara-outdoor.com et par mail serviceclient@guara-outdoor.com.\" \/>\n<meta property=\"og:url\" content=\"https:\/\/www.guara-outdoor.com\/es\/produit\/carte-cadeau\/\" \/>\n<meta property=\"og:site_name\" content=\"Guara Outdoor\" \/>\n<meta property=\"article:modified_time\" content=\"2021-04-02T13:36:14+00:00\" \/>\n<meta property=\"og:image\" content=\"https:\/\/www.guara-outdoor.com\/wp-content\/uploads\/2018\/10\/cartes-kdo2020.jpg\" \/>\n\t<meta property=\"og:image:width\" content=\"1000\" \/>\n\t<meta property=\"og:image:height\" content=\"1000\" \/>\n\t<meta property=\"og:image:type\" content=\"image\/jpeg\" \/>\n<meta name=\"twitter:card\" content=\"summary_large_image\" \/>\n<meta name=\"twitter:label1\" content=\"Tiempo de lectura\" \/>\n\t<meta name=\"twitter:data1\" content=\"1 minuto\" \/>\n<script type=\"application\/ld+json\" class=\"yoast-schema-graph\">{\"@context\":\"https:\/\/schema.org\",\"@graph\":[{\"@type\":\"WebPage\",\"@id\":\"https:\/\/www.guara-outdoor.com\/es\/produit\/carte-cadeau\/\",\"url\":\"https:\/\/www.guara-outdoor.com\/es\/produit\/carte-cadeau\/\",\"name\":\"Cartes cadeaux GUARA 20, 50, 100 et 150\u20ac \u00e0 offrir \u00e0 vos proches.\",\"isPartOf\":{\"@id\":\"https:\/\/www.guara-outdoor.com\/es\/#website\"},\"primaryImageOfPage\":{\"@id\":\"https:\/\/www.guara-outdoor.com\/es\/produit\/carte-cadeau\/#primaryimage\"},\"image\":{\"@id\":\"https:\/\/www.guara-outdoor.com\/es\/produit\/carte-cadeau\/#primaryimage\"},\"thumbnailUrl\":\"https:\/\/www.guara-outdoor.com\/wp-content\/uploads\/2018\/10\/cartes-kdo2020.jpg\",\"datePublished\":\"2018-10-17T13:21:49+00:00\",\"dateModified\":\"2021-04-02T13:36:14+00:00\",\"description\":\"Cartes cadeaux Guara d'un montant de 20, 50, 100 ou 150 euros au choix. Elles peuvent \u00eatre directement envoy\u00e9es \u00e0 votre famille ou ami, par mail ou par courrier. Elles sont utilisables sur notre site internet www.guara-outdoor.com et par mail serviceclient@guara-outdoor.com.\",\"breadcrumb\":{\"@id\":\"https:\/\/www.guara-outdoor.com\/es\/produit\/carte-cadeau\/#breadcrumb\"},\"inLanguage\":\"es\",\"potentialAction\":[{\"@type\":\"ReadAction\",\"target\":[\"https:\/\/www.guara-outdoor.com\/es\/produit\/carte-cadeau\/\"]}]},{\"@type\":\"ImageObject\",\"inLanguage\":\"es\",\"@id\":\"https:\/\/www.guara-outdoor.com\/es\/produit\/carte-cadeau\/#primaryimage\",\"url\":\"https:\/\/www.guara-outdoor.com\/wp-content\/uploads\/2018\/10\/cartes-kdo2020.jpg\",\"contentUrl\":\"https:\/\/www.guara-outdoor.com\/wp-content\/uploads\/2018\/10\/cartes-kdo2020.jpg\",\"width\":1000,\"height\":1000,\"caption\":\"combinaison-canyoning-vetement--tshirt-ensemble-monopiece-chausette-homme-femme-neoprene-moniteur\"},{\"@type\":\"BreadcrumbList\",\"@id\":\"https:\/\/www.guara-outdoor.com\/es\/produit\/carte-cadeau\/#breadcrumb\",\"itemListElement\":[{\"@type\":\"ListItem\",\"position\":1,\"name\":\"Accueil\",\"item\":\"https:\/\/www.guara-outdoor.com\/es\/\"},{\"@type\":\"ListItem\",\"position\":2,\"name\":\"Produits\",\"item\":\"https:\/\/www.guara-outdoor.com\/produits2\/\"},{\"@type\":\"ListItem\",\"position\":3,\"name\":\"Cartes cadeaux\",\"item\":\"https:\/\/www.guara-outdoor.com\/es\/product\/cartes-cadeaux-es\/\"},{\"@type\":\"ListItem\",\"position\":4,\"name\":\"Carte cadeau\"}]},{\"@type\":\"WebSite\",\"@id\":\"https:\/\/www.guara-outdoor.com\/es\/#website\",\"url\":\"https:\/\/www.guara-outdoor.com\/es\/\",\"name\":\"Guara Outdoor\",\"description\":\"made for adventure\",\"potentialAction\":[{\"@type\":\"SearchAction\",\"target\":{\"@type\":\"EntryPoint\",\"urlTemplate\":\"https:\/\/www.guara-outdoor.com\/es\/?s={search_term_string}\"},\"query-input\":{\"@type\":\"PropertyValueSpecification\",\"valueRequired\":true,\"valueName\":\"search_term_string\"}}],\"inLanguage\":\"es\"}]}<\/script>\n<!-- \/ Yoast SEO plugin. -->","yoast_head_json":{"title":"Cartes cadeaux GUARA 20, 50, 100 et 150\u20ac \u00e0 offrir \u00e0 vos proches.","description":"Cartes cadeaux Guara d'un montant de 20, 50, 100 ou 150 euros au choix. Elles peuvent \u00eatre directement envoy\u00e9es \u00e0 votre famille ou ami, par mail ou par courrier. Elles sont utilisables sur notre site internet www.guara-outdoor.com et par mail serviceclient@guara-outdoor.com.","robots":{"index":"index","follow":"follow","max-snippet":"max-snippet:-1","max-image-preview":"max-image-preview:large","max-video-preview":"max-video-preview:-1"},"canonical":"https:\/\/www.guara-outdoor.com\/es\/produit\/carte-cadeau\/","og_locale":"es_ES","og_type":"article","og_title":"Cartes cadeaux GUARA 20, 50, 100 et 150\u20ac \u00e0 offrir \u00e0 vos proches.","og_description":"Cartes cadeaux Guara d'un montant de 20, 50, 100 ou 150 euros au choix. Elles peuvent \u00eatre directement envoy\u00e9es \u00e0 votre famille ou ami, par mail ou par courrier. Elles sont utilisables sur notre site internet www.guara-outdoor.com et par mail serviceclient@guara-outdoor.com.","og_url":"https:\/\/www.guara-outdoor.com\/es\/produit\/carte-cadeau\/","og_site_name":"Guara Outdoor","article_modified_time":"2021-04-02T13:36:14+00:00","og_image":[{"width":1000,"height":1000,"url":"https:\/\/www.guara-outdoor.com\/wp-content\/uploads\/2018\/10\/cartes-kdo2020.jpg","type":"image\/jpeg"}],"twitter_card":"summary_large_image","twitter_misc":{"Tiempo de lectura":"1 minuto"},"schema":{"@context":"https:\/\/schema.org","@graph":[{"@type":"WebPage","@id":"https:\/\/www.guara-outdoor.com\/es\/produit\/carte-cadeau\/","url":"https:\/\/www.guara-outdoor.com\/es\/produit\/carte-cadeau\/","name":"Cartes cadeaux GUARA 20, 50, 100 et 150\u20ac \u00e0 offrir \u00e0 vos proches.","isPartOf":{"@id":"https:\/\/www.guara-outdoor.com\/es\/#website"},"primaryImageOfPage":{"@id":"https:\/\/www.guara-outdoor.com\/es\/produit\/carte-cadeau\/#primaryimage"},"image":{"@id":"https:\/\/www.guara-outdoor.com\/es\/produit\/carte-cadeau\/#primaryimage"},"thumbnailUrl":"https:\/\/www.guara-outdoor.com\/wp-content\/uploads\/2018\/10\/cartes-kdo2020.jpg","datePublished":"2018-10-17T13:21:49+00:00","dateModified":"2021-04-02T13:36:14+00:00","description":"Cartes cadeaux Guara d'un montant de 20, 50, 100 ou 150 euros au choix. Elles peuvent \u00eatre directement envoy\u00e9es \u00e0 votre famille ou ami, par mail ou par courrier. Elles sont utilisables sur notre site internet www.guara-outdoor.com et par mail serviceclient@guara-outdoor.com.","breadcrumb":{"@id":"https:\/\/www.guara-outdoor.com\/es\/produit\/carte-cadeau\/#breadcrumb"},"inLanguage":"es","potentialAction":[{"@type":"ReadAction","target":["https:\/\/www.guara-outdoor.com\/es\/produit\/carte-cadeau\/"]}]},{"@type":"ImageObject","inLanguage":"es","@id":"https:\/\/www.guara-outdoor.com\/es\/produit\/carte-cadeau\/#primaryimage","url":"https:\/\/www.guara-outdoor.com\/wp-content\/uploads\/2018\/10\/cartes-kdo2020.jpg","contentUrl":"https:\/\/www.guara-outdoor.com\/wp-content\/uploads\/2018\/10\/cartes-kdo2020.jpg","width":1000,"height":1000,"caption":"combinaison-canyoning-vetement--tshirt-ensemble-monopiece-chausette-homme-femme-neoprene-moniteur"},{"@type":"BreadcrumbList","@id":"https:\/\/www.guara-outdoor.com\/es\/produit\/carte-cadeau\/#breadcrumb","itemListElement":[{"@type":"ListItem","position":1,"name":"Accueil","item":"https:\/\/www.guara-outdoor.com\/es\/"},{"@type":"ListItem","position":2,"name":"Produits","item":"https:\/\/www.guara-outdoor.com\/produits2\/"},{"@type":"ListItem","position":3,"name":"Cartes cadeaux","item":"https:\/\/www.guara-outdoor.com\/es\/product\/cartes-cadeaux-es\/"},{"@type":"ListItem","position":4,"name":"Carte cadeau"}]},{"@type":"WebSite","@id":"https:\/\/www.guara-outdoor.com\/es\/#website","url":"https:\/\/www.guara-outdoor.com\/es\/","name":"Guara Outdoor","description":"made for adventure","potentialAction":[{"@type":"SearchAction","target":{"@type":"EntryPoint","urlTemplate":"https:\/\/www.guara-outdoor.com\/es\/?s={search_term_string}"},"query-input":{"@type":"PropertyValueSpecification","valueRequired":true,"valueName":"search_term_string"}}],"inLanguage":"es"}]}},"_links":{"self":[{"href":"https:\/\/www.guara-outdoor.com\/es\/wp-json\/wp\/v2\/product\/1869","targetHints":{"allow":["GET"]}}],"collection":[{"href":"https:\/\/www.guara-outdoor.com\/es\/wp-json\/wp\/v2\/product"}],"about":[{"href":"https:\/\/www.guara-outdoor.com\/es\/wp-json\/wp\/v2\/types\/product"}],"wp:featuredmedia":[{"embeddable":true,"href":"https:\/\/www.guara-outdoor.com\/es\/wp-json\/wp\/v2\/media\/8043"}],"wp:attachment":[{"href":"https:\/\/www.guara-outdoor.com\/es\/wp-json\/wp\/v2\/media?parent=1869"}],"wp:term":[{"taxonomy":"product_brand","embeddable":true,"href":"https:\/\/www.guara-outdoor.com\/es\/wp-json\/wp\/v2\/product_brand?post=1869"},{"taxonomy":"product_cat","embeddable":true,"href":"https:\/\/www.guara-outdoor.com\/es\/wp-json\/wp\/v2\/product_cat?post=1869"},{"taxonomy":"product_tag","embeddable":true,"href":"https:\/\/www.guara-outdoor.com\/es\/wp-json\/wp\/v2\/product_tag?post=1869"}],"curies":[{"name":"wp","href":"https:\/\/api.w.org\/{rel}","templated":true}]}}