{"id":12699,"date":"2022-02-23T10:24:20","date_gmt":"2022-02-23T09:24:20","guid":{"rendered":"https:\/\/www.guara-outdoor.com\/?post_type=product&#038;p=12699"},"modified":"2022-04-04T14:44:04","modified_gmt":"2022-04-04T12:44:04","slug":"traje-chaqueta-y-long-john-copie-2","status":"publish","type":"product","link":"https:\/\/www.guara-outdoor.com\/es\/produit\/traje-chaqueta-y-long-john-copie-2\/","title":{"rendered":"Traje chaqueta y long-john (Copie)"},"content":{"rendered":"<h2 class=\"Corps\"><b>CARACTER\u00cdSTICAS:<\/b><\/h2>\n<p class=\"Corps\">Modelo unisex<\/p>\n<p class=\"Corps\">Cierre de cremallera que llega al lado de la barbilla para una mayor comodidad.<\/p>\n<p>Codos y rodillas y rodillas preformados y refuerzos de las axilas para facilitar los movimientos y la durabilidad.<\/p>\n<p>Codos reforzados de kevlar y poliuretano extremista resistente.<\/p>\n<p>Nalgas reforzadas.<\/p>\n<p class=\"Corps\">Costuras cosidas pegadas (GBS) que no atraviesan los neopreno para limitar las entradas de agua y conservar el calor.<\/p>\n<p class=\"Corps\">Mangas c\u00f3modas \u00a0para una libertad de movimiento.<\/p>\n<p class=\"Corps\">Capucha.<\/p>\n<p class=\"Corps\">Ranuras en los pu\u00f1os y los tobillos para facilitar el vestir.<\/p>\n<p class=\"Corps\">Las costuras de los canes\u00faes son reforzadas por una banda adhesiva l\u00edquida para evitar abrasi\u00f3n demasiado r\u00e1pida de las costuras.<\/p>\n<h2 class=\"Corps\"><b>MATERIALES :<\/b><\/h2>\n<p>&nbsp;<\/p>\n<p class=\"Corps\">Neopreno CR 5,5mm con forro s\u00faper el\u00e1stico por ambos lados.<\/p>\n<p class=\"Corps\">Reforzadas en kevlar y poliuretano.<\/p>\n<p>&nbsp;<\/p>\n<h2 class=\"Corps\"><b>TALLAS :<\/b><\/h2>\n<p class=\"Corps\">De la tallas 0 a 7<\/p>\n","protected":false},"excerpt":{"rendered":"<p>La chaqueta \u201cTaurinya\u201d y el long-john \u00abGalamus\u00bb est\u00e1n confeccionados en neopreno s\u00faper el\u00e1stico de 5,5 mm lo que garantiza una mayor comodidad siendo la vez muy resistente. Satisfar\u00e1 los profesionales como los aficionados en todos los ca\u00f1ones de aventura.<\/p>\n<p>&nbsp;<\/p>\n<p>&nbsp;<\/p>\n","protected":false},"featured_media":3345,"template":"","meta":[],"product_brand":[],"product_cat":[36],"product_tag":[95],"class_list":{"0":"post-12699","1":"product","2":"type-product","3":"status-publish","4":"has-post-thumbnail","6":"product_cat-trajes","7":"product_tag-bas-neoprene-es","9":"first","10":"instock","11":"taxable","12":"shipping-taxable","13":"purchasable","14":"product-type-variable"},"acf":[],"yoast_head":"<!-- This site is optimized with the Yoast SEO plugin v27.0 - https:\/\/yoast.com\/product\/yoast-seo-wordpress\/ -->\n<title>Traje chaqueta y long-john (Copie) - Guara Outdoor<\/title>\n<meta name=\"description\" content=\"L&#039;ensemble en n\u00e9opr\u00e8ne 5.5mm de canyoning Guara est compos\u00e9 de la veste &quot;Taurynia&quot; et du long-john &quot;Galamus&quot;. Souple et r\u00e9sistante, cette combinaison est id\u00e9ale pour vous accompagner dans toutes vos aventures et satisfera les pratiquants les plus exigeants.\" \/>\n<meta name=\"robots\" content=\"index, follow, max-snippet:-1, max-image-preview:large, max-video-preview:-1\" \/>\n<link rel=\"canonical\" href=\"https:\/\/www.guara-outdoor.com\/es\/produit\/traje-chaqueta-y-long-john-copie-2\/\" \/>\n<meta property=\"og:locale\" content=\"es_ES\" \/>\n<meta property=\"og:type\" content=\"article\" \/>\n<meta property=\"og:title\" content=\"Traje chaqueta y long-john (Copie) - Guara Outdoor\" \/>\n<meta property=\"og:description\" content=\"L&#039;ensemble en n\u00e9opr\u00e8ne 5.5mm de canyoning Guara est compos\u00e9 de la veste &quot;Taurynia&quot; et du long-john &quot;Galamus&quot;. Souple et r\u00e9sistante, cette combinaison est id\u00e9ale pour vous accompagner dans toutes vos aventures et satisfera les pratiquants les plus exigeants.\" \/>\n<meta property=\"og:url\" content=\"https:\/\/www.guara-outdoor.com\/es\/produit\/traje-chaqueta-y-long-john-copie-2\/\" \/>\n<meta property=\"og:site_name\" content=\"Guara Outdoor\" \/>\n<meta property=\"article:modified_time\" content=\"2022-04-04T12:44:04+00:00\" \/>\n<meta property=\"og:image\" content=\"https:\/\/www.guara-outdoor.com\/wp-content\/uploads\/2019\/03\/ensemble2019.jpg\" \/>\n\t<meta property=\"og:image:width\" content=\"1000\" \/>\n\t<meta property=\"og:image:height\" content=\"1000\" \/>\n\t<meta property=\"og:image:type\" content=\"image\/jpeg\" \/>\n<meta name=\"twitter:card\" content=\"summary_large_image\" \/>\n<meta name=\"twitter:label1\" content=\"Tiempo de lectura\" \/>\n\t<meta name=\"twitter:data1\" content=\"1 minuto\" \/>\n<script type=\"application\/ld+json\" class=\"yoast-schema-graph\">{\"@context\":\"https:\/\/schema.org\",\"@graph\":[{\"@type\":\"WebPage\",\"@id\":\"https:\/\/www.guara-outdoor.com\/es\/produit\/traje-chaqueta-y-long-john-copie-2\/\",\"url\":\"https:\/\/www.guara-outdoor.com\/es\/produit\/traje-chaqueta-y-long-john-copie-2\/\",\"name\":\"Traje chaqueta y long-john (Copie) - Guara Outdoor\",\"isPartOf\":{\"@id\":\"https:\/\/www.guara-outdoor.com\/es\/#website\"},\"primaryImageOfPage\":{\"@id\":\"https:\/\/www.guara-outdoor.com\/es\/produit\/traje-chaqueta-y-long-john-copie-2\/#primaryimage\"},\"image\":{\"@id\":\"https:\/\/www.guara-outdoor.com\/es\/produit\/traje-chaqueta-y-long-john-copie-2\/#primaryimage\"},\"thumbnailUrl\":\"https:\/\/www.guara-outdoor.com\/wp-content\/uploads\/2019\/03\/ensemble2019.jpg\",\"datePublished\":\"2022-02-23T09:24:20+00:00\",\"dateModified\":\"2022-04-04T12:44:04+00:00\",\"description\":\"L'ensemble en n\u00e9opr\u00e8ne 5.5mm de canyoning Guara est compos\u00e9 de la veste \\\"Taurynia\\\" et du long-john \\\"Galamus\\\". Souple et r\u00e9sistante, cette combinaison est id\u00e9ale pour vous accompagner dans toutes vos aventures et satisfera les pratiquants les plus exigeants.\",\"breadcrumb\":{\"@id\":\"https:\/\/www.guara-outdoor.com\/es\/produit\/traje-chaqueta-y-long-john-copie-2\/#breadcrumb\"},\"inLanguage\":\"es\",\"potentialAction\":[{\"@type\":\"ReadAction\",\"target\":[\"https:\/\/www.guara-outdoor.com\/es\/produit\/traje-chaqueta-y-long-john-copie-2\/\"]}]},{\"@type\":\"ImageObject\",\"inLanguage\":\"es\",\"@id\":\"https:\/\/www.guara-outdoor.com\/es\/produit\/traje-chaqueta-y-long-john-copie-2\/#primaryimage\",\"url\":\"https:\/\/www.guara-outdoor.com\/wp-content\/uploads\/2019\/03\/ensemble2019.jpg\",\"contentUrl\":\"https:\/\/www.guara-outdoor.com\/wp-content\/uploads\/2019\/03\/ensemble2019.jpg\",\"width\":1000,\"height\":1000,\"caption\":\"combinaison-canyoning-vetement--tshirt-ensemble-monopiece-chausette-homme-femme-neoprene-moniteur\"},{\"@type\":\"BreadcrumbList\",\"@id\":\"https:\/\/www.guara-outdoor.com\/es\/produit\/traje-chaqueta-y-long-john-copie-2\/#breadcrumb\",\"itemListElement\":[{\"@type\":\"ListItem\",\"position\":1,\"name\":\"Accueil\",\"item\":\"https:\/\/www.guara-outdoor.com\/es\/\"},{\"@type\":\"ListItem\",\"position\":2,\"name\":\"Produits\",\"item\":\"https:\/\/www.guara-outdoor.com\/produits2\/\"},{\"@type\":\"ListItem\",\"position\":3,\"name\":\"Trajes\",\"item\":\"https:\/\/www.guara-outdoor.com\/es\/product\/trajes\/\"},{\"@type\":\"ListItem\",\"position\":4,\"name\":\"Traje chaqueta y long-john (Copie)\"}]},{\"@type\":\"WebSite\",\"@id\":\"https:\/\/www.guara-outdoor.com\/es\/#website\",\"url\":\"https:\/\/www.guara-outdoor.com\/es\/\",\"name\":\"Guara Outdoor\",\"description\":\"made for adventure\",\"potentialAction\":[{\"@type\":\"SearchAction\",\"target\":{\"@type\":\"EntryPoint\",\"urlTemplate\":\"https:\/\/www.guara-outdoor.com\/es\/?s={search_term_string}\"},\"query-input\":{\"@type\":\"PropertyValueSpecification\",\"valueRequired\":true,\"valueName\":\"search_term_string\"}}],\"inLanguage\":\"es\"}]}<\/script>\n<!-- \/ Yoast SEO plugin. -->","yoast_head_json":{"title":"Traje chaqueta y long-john (Copie) - Guara Outdoor","description":"L'ensemble en n\u00e9opr\u00e8ne 5.5mm de canyoning Guara est compos\u00e9 de la veste \"Taurynia\" et du long-john \"Galamus\". Souple et r\u00e9sistante, cette combinaison est id\u00e9ale pour vous accompagner dans toutes vos aventures et satisfera les pratiquants les plus exigeants.","robots":{"index":"index","follow":"follow","max-snippet":"max-snippet:-1","max-image-preview":"max-image-preview:large","max-video-preview":"max-video-preview:-1"},"canonical":"https:\/\/www.guara-outdoor.com\/es\/produit\/traje-chaqueta-y-long-john-copie-2\/","og_locale":"es_ES","og_type":"article","og_title":"Traje chaqueta y long-john (Copie) - Guara Outdoor","og_description":"L'ensemble en n\u00e9opr\u00e8ne 5.5mm de canyoning Guara est compos\u00e9 de la veste \"Taurynia\" et du long-john \"Galamus\". Souple et r\u00e9sistante, cette combinaison est id\u00e9ale pour vous accompagner dans toutes vos aventures et satisfera les pratiquants les plus exigeants.","og_url":"https:\/\/www.guara-outdoor.com\/es\/produit\/traje-chaqueta-y-long-john-copie-2\/","og_site_name":"Guara Outdoor","article_modified_time":"2022-04-04T12:44:04+00:00","og_image":[{"width":1000,"height":1000,"url":"https:\/\/www.guara-outdoor.com\/wp-content\/uploads\/2019\/03\/ensemble2019.jpg","type":"image\/jpeg"}],"twitter_card":"summary_large_image","twitter_misc":{"Tiempo de lectura":"1 minuto"},"schema":{"@context":"https:\/\/schema.org","@graph":[{"@type":"WebPage","@id":"https:\/\/www.guara-outdoor.com\/es\/produit\/traje-chaqueta-y-long-john-copie-2\/","url":"https:\/\/www.guara-outdoor.com\/es\/produit\/traje-chaqueta-y-long-john-copie-2\/","name":"Traje chaqueta y long-john (Copie) - Guara Outdoor","isPartOf":{"@id":"https:\/\/www.guara-outdoor.com\/es\/#website"},"primaryImageOfPage":{"@id":"https:\/\/www.guara-outdoor.com\/es\/produit\/traje-chaqueta-y-long-john-copie-2\/#primaryimage"},"image":{"@id":"https:\/\/www.guara-outdoor.com\/es\/produit\/traje-chaqueta-y-long-john-copie-2\/#primaryimage"},"thumbnailUrl":"https:\/\/www.guara-outdoor.com\/wp-content\/uploads\/2019\/03\/ensemble2019.jpg","datePublished":"2022-02-23T09:24:20+00:00","dateModified":"2022-04-04T12:44:04+00:00","description":"L'ensemble en n\u00e9opr\u00e8ne 5.5mm de canyoning Guara est compos\u00e9 de la veste \"Taurynia\" et du long-john \"Galamus\". Souple et r\u00e9sistante, cette combinaison est id\u00e9ale pour vous accompagner dans toutes vos aventures et satisfera les pratiquants les plus exigeants.","breadcrumb":{"@id":"https:\/\/www.guara-outdoor.com\/es\/produit\/traje-chaqueta-y-long-john-copie-2\/#breadcrumb"},"inLanguage":"es","potentialAction":[{"@type":"ReadAction","target":["https:\/\/www.guara-outdoor.com\/es\/produit\/traje-chaqueta-y-long-john-copie-2\/"]}]},{"@type":"ImageObject","inLanguage":"es","@id":"https:\/\/www.guara-outdoor.com\/es\/produit\/traje-chaqueta-y-long-john-copie-2\/#primaryimage","url":"https:\/\/www.guara-outdoor.com\/wp-content\/uploads\/2019\/03\/ensemble2019.jpg","contentUrl":"https:\/\/www.guara-outdoor.com\/wp-content\/uploads\/2019\/03\/ensemble2019.jpg","width":1000,"height":1000,"caption":"combinaison-canyoning-vetement--tshirt-ensemble-monopiece-chausette-homme-femme-neoprene-moniteur"},{"@type":"BreadcrumbList","@id":"https:\/\/www.guara-outdoor.com\/es\/produit\/traje-chaqueta-y-long-john-copie-2\/#breadcrumb","itemListElement":[{"@type":"ListItem","position":1,"name":"Accueil","item":"https:\/\/www.guara-outdoor.com\/es\/"},{"@type":"ListItem","position":2,"name":"Produits","item":"https:\/\/www.guara-outdoor.com\/produits2\/"},{"@type":"ListItem","position":3,"name":"Trajes","item":"https:\/\/www.guara-outdoor.com\/es\/product\/trajes\/"},{"@type":"ListItem","position":4,"name":"Traje chaqueta y long-john (Copie)"}]},{"@type":"WebSite","@id":"https:\/\/www.guara-outdoor.com\/es\/#website","url":"https:\/\/www.guara-outdoor.com\/es\/","name":"Guara Outdoor","description":"made for adventure","potentialAction":[{"@type":"SearchAction","target":{"@type":"EntryPoint","urlTemplate":"https:\/\/www.guara-outdoor.com\/es\/?s={search_term_string}"},"query-input":{"@type":"PropertyValueSpecification","valueRequired":true,"valueName":"search_term_string"}}],"inLanguage":"es"}]}},"_links":{"self":[{"href":"https:\/\/www.guara-outdoor.com\/es\/wp-json\/wp\/v2\/product\/12699","targetHints":{"allow":["GET"]}}],"collection":[{"href":"https:\/\/www.guara-outdoor.com\/es\/wp-json\/wp\/v2\/product"}],"about":[{"href":"https:\/\/www.guara-outdoor.com\/es\/wp-json\/wp\/v2\/types\/product"}],"wp:featuredmedia":[{"embeddable":true,"href":"https:\/\/www.guara-outdoor.com\/es\/wp-json\/wp\/v2\/media\/3345"}],"wp:attachment":[{"href":"https:\/\/www.guara-outdoor.com\/es\/wp-json\/wp\/v2\/media?parent=12699"}],"wp:term":[{"taxonomy":"product_brand","embeddable":true,"href":"https:\/\/www.guara-outdoor.com\/es\/wp-json\/wp\/v2\/product_brand?post=12699"},{"taxonomy":"product_cat","embeddable":true,"href":"https:\/\/www.guara-outdoor.com\/es\/wp-json\/wp\/v2\/product_cat?post=12699"},{"taxonomy":"product_tag","embeddable":true,"href":"https:\/\/www.guara-outdoor.com\/es\/wp-json\/wp\/v2\/product_tag?post=12699"}],"curies":[{"name":"wp","href":"https:\/\/api.w.org\/{rel}","templated":true}]}}