{"id":704,"date":"2017-07-25T11:41:16","date_gmt":"2017-07-25T09:41:16","guid":{"rendered":"https:\/\/www.guara-outdoor.com\/politique-de-retour-dechange-de-remboursement\/"},"modified":"2022-04-04T11:51:14","modified_gmt":"2022-04-04T09:51:14","slug":"politica-de-devolucion-intercambio-y-reembolso","status":"publish","type":"page","link":"https:\/\/www.guara-outdoor.com\/es\/politica-de-devolucion-intercambio-y-reembolso\/","title":{"rendered":"Pol\u00edtica de devoluci\u00f3n, intercambio y reembolso"},"content":{"rendered":"<p><strong>LA POL\u00cdTICA DE DEVOLUCI\u00d3N, INTERCAMBIO Y REEMBOLSO<br \/>\n<\/strong>Si cambia de opini\u00f3n, que el producto no le satisface, puede devolv\u00e9rnoslo durante los 14 d\u00edas seguidos a la fecha de entrega.<br \/>\nLos productos deben de ser devueltos en su envoltura original con la etiqueta original.<br \/>\nLos productos deben de ser completamente nuevos, sin haber sido usado, lavado, modificado. Y no deben tener olor a tabaco, sudor, perfumes, entre otros tipos de olores.<br \/>\nLos art\u00edculos personalizados no pueden ser cambiados o reembolsados.<br \/>\nSi la devoluci\u00f3n no se hace seg\u00fan los t\u00e9rminos de nuestra pol\u00edtica de retorno, no se aceptar\u00e1n las mercanc\u00edas, que os ser\u00e1n devueltas sin ning\u00fan reembolso.<\/p>\n<p>Imprimir el\u00a0formulario de devoluci\u00f3n\u00a0y colocarlo en el paquete.<br \/>\nEnviar el paquete a la direcci\u00f3n:<br \/>\nGUARA<br \/>\n2, All\u00e9e Anna Roca &#8211; Rostain<br \/>\n66500 Prades<br \/>\nFrance<strong><br \/>\nINTERCAMBIO:<br \/>\n<\/strong>Un problema de talla o de color; se puede restituir su art\u00edculo.<br \/>\nNo dude en ponerse en contacto con nosotros por correo:\u00a0serviceclient@guara-outdoor.com.<br \/>\nImprimir el\u00a0formulario de decoluci\u00f3n\u00a0y la inserta en el paquete.<br \/>\nEl env\u00edo del art\u00edculo devuelto es a carga del cliente y la empresa Guara se encargar\u00e1 del env\u00edo del nuevo elemento.<br \/>\nTan pronto como Guara haya realizado el control de calidad de su devoluci\u00f3n, procederemos al env\u00edo de su nuevo art\u00edculo.<br \/>\nPara los intercambios fuera de la Francia metropolitana, por favor, p\u00f3ngase en contacto con nosotros.<strong><br \/>\nREEMBOLSO:<br \/>\n<\/strong>El producto no le conviene, usted quiere ser reembolsado.<br \/>\nP\u00f3ngase en contacto con nosotros por correo:\u00a0serviceclient@guara-outdoor.com.<br \/>\nDevuelva el art\u00edculo, junto con el\u00a0formulario\u00a0impreso.<br \/>\nEl env\u00edo del art\u00edculo devuelto es a carga del cliente.<br \/>\nTan pronto como Guara haya realizado el control de calidad de su declaraci\u00f3n, procederemos al reembolso seg\u00fan su modo de pago.<strong><br \/>\n<\/strong><\/p>\n","protected":false},"excerpt":{"rendered":"<p>LA POL\u00cdTICA DE DEVOLUCI\u00d3N, INTERCAMBIO Y REEMBOLSO Si cambia de opini\u00f3n, que el producto no le satisface, puede devolv\u00e9rnoslo durante los 14 d\u00edas seguidos a la fecha de entrega. Los productos deben de ser devueltos en su envoltura original con<\/p>\n","protected":false},"author":1,"featured_media":0,"parent":0,"menu_order":0,"comment_status":"closed","ping_status":"closed","template":"","meta":{"footnotes":""},"class_list":["post-704","page","type-page","status-publish","hentry"],"acf":[],"yoast_head":"<!-- This site is optimized with the Yoast SEO plugin v27.0 - https:\/\/yoast.com\/product\/yoast-seo-wordpress\/ -->\n<title>Pol\u00edtica de devoluci\u00f3n, intercambio y reembolso - Guara Outdoor<\/title>\n<meta name=\"robots\" content=\"index, follow, max-snippet:-1, max-image-preview:large, max-video-preview:-1\" \/>\n<link rel=\"canonical\" href=\"https:\/\/www.guara-outdoor.com\/es\/politica-de-devolucion-intercambio-y-reembolso\/\" \/>\n<meta property=\"og:locale\" content=\"es_ES\" \/>\n<meta property=\"og:type\" content=\"article\" \/>\n<meta property=\"og:title\" content=\"Pol\u00edtica de devoluci\u00f3n, intercambio y reembolso - Guara Outdoor\" \/>\n<meta property=\"og:description\" content=\"LA POL\u00cdTICA DE DEVOLUCI\u00d3N, INTERCAMBIO Y REEMBOLSO Si cambia de opini\u00f3n, que el producto no le satisface, puede devolv\u00e9rnoslo durante los 14 d\u00edas seguidos a la fecha de entrega. Los productos deben de ser devueltos en su envoltura original con\" \/>\n<meta property=\"og:url\" content=\"https:\/\/www.guara-outdoor.com\/es\/politica-de-devolucion-intercambio-y-reembolso\/\" \/>\n<meta property=\"og:site_name\" content=\"Guara Outdoor\" \/>\n<meta property=\"article:modified_time\" content=\"2022-04-04T09:51:14+00:00\" \/>\n<meta name=\"twitter:card\" content=\"summary_large_image\" \/>\n<meta name=\"twitter:label1\" content=\"Tiempo de lectura\" \/>\n\t<meta name=\"twitter:data1\" content=\"2 minutos\" \/>\n<script type=\"application\/ld+json\" class=\"yoast-schema-graph\">{\"@context\":\"https:\/\/schema.org\",\"@graph\":[{\"@type\":\"WebPage\",\"@id\":\"https:\/\/www.guara-outdoor.com\/es\/politica-de-devolucion-intercambio-y-reembolso\/\",\"url\":\"https:\/\/www.guara-outdoor.com\/es\/politica-de-devolucion-intercambio-y-reembolso\/\",\"name\":\"Pol\u00edtica de devoluci\u00f3n, intercambio y reembolso - Guara Outdoor\",\"isPartOf\":{\"@id\":\"https:\/\/www.guara-outdoor.com\/es\/#website\"},\"datePublished\":\"2017-07-25T09:41:16+00:00\",\"dateModified\":\"2022-04-04T09:51:14+00:00\",\"breadcrumb\":{\"@id\":\"https:\/\/www.guara-outdoor.com\/es\/politica-de-devolucion-intercambio-y-reembolso\/#breadcrumb\"},\"inLanguage\":\"es\",\"potentialAction\":[{\"@type\":\"ReadAction\",\"target\":[\"https:\/\/www.guara-outdoor.com\/es\/politica-de-devolucion-intercambio-y-reembolso\/\"]}]},{\"@type\":\"BreadcrumbList\",\"@id\":\"https:\/\/www.guara-outdoor.com\/es\/politica-de-devolucion-intercambio-y-reembolso\/#breadcrumb\",\"itemListElement\":[{\"@type\":\"ListItem\",\"position\":1,\"name\":\"Accueil\",\"item\":\"https:\/\/www.guara-outdoor.com\/es\/\"},{\"@type\":\"ListItem\",\"position\":2,\"name\":\"Pol\u00edtica de devoluci\u00f3n, intercambio y reembolso\"}]},{\"@type\":\"WebSite\",\"@id\":\"https:\/\/www.guara-outdoor.com\/es\/#website\",\"url\":\"https:\/\/www.guara-outdoor.com\/es\/\",\"name\":\"Guara Outdoor\",\"description\":\"made for adventure\",\"potentialAction\":[{\"@type\":\"SearchAction\",\"target\":{\"@type\":\"EntryPoint\",\"urlTemplate\":\"https:\/\/www.guara-outdoor.com\/es\/?s={search_term_string}\"},\"query-input\":{\"@type\":\"PropertyValueSpecification\",\"valueRequired\":true,\"valueName\":\"search_term_string\"}}],\"inLanguage\":\"es\"}]}<\/script>\n<!-- \/ Yoast SEO plugin. -->","yoast_head_json":{"title":"Pol\u00edtica de devoluci\u00f3n, intercambio y reembolso - Guara Outdoor","robots":{"index":"index","follow":"follow","max-snippet":"max-snippet:-1","max-image-preview":"max-image-preview:large","max-video-preview":"max-video-preview:-1"},"canonical":"https:\/\/www.guara-outdoor.com\/es\/politica-de-devolucion-intercambio-y-reembolso\/","og_locale":"es_ES","og_type":"article","og_title":"Pol\u00edtica de devoluci\u00f3n, intercambio y reembolso - Guara Outdoor","og_description":"LA POL\u00cdTICA DE DEVOLUCI\u00d3N, INTERCAMBIO Y REEMBOLSO Si cambia de opini\u00f3n, que el producto no le satisface, puede devolv\u00e9rnoslo durante los 14 d\u00edas seguidos a la fecha de entrega. Los productos deben de ser devueltos en su envoltura original con","og_url":"https:\/\/www.guara-outdoor.com\/es\/politica-de-devolucion-intercambio-y-reembolso\/","og_site_name":"Guara Outdoor","article_modified_time":"2022-04-04T09:51:14+00:00","twitter_card":"summary_large_image","twitter_misc":{"Tiempo de lectura":"2 minutos"},"schema":{"@context":"https:\/\/schema.org","@graph":[{"@type":"WebPage","@id":"https:\/\/www.guara-outdoor.com\/es\/politica-de-devolucion-intercambio-y-reembolso\/","url":"https:\/\/www.guara-outdoor.com\/es\/politica-de-devolucion-intercambio-y-reembolso\/","name":"Pol\u00edtica de devoluci\u00f3n, intercambio y reembolso - Guara Outdoor","isPartOf":{"@id":"https:\/\/www.guara-outdoor.com\/es\/#website"},"datePublished":"2017-07-25T09:41:16+00:00","dateModified":"2022-04-04T09:51:14+00:00","breadcrumb":{"@id":"https:\/\/www.guara-outdoor.com\/es\/politica-de-devolucion-intercambio-y-reembolso\/#breadcrumb"},"inLanguage":"es","potentialAction":[{"@type":"ReadAction","target":["https:\/\/www.guara-outdoor.com\/es\/politica-de-devolucion-intercambio-y-reembolso\/"]}]},{"@type":"BreadcrumbList","@id":"https:\/\/www.guara-outdoor.com\/es\/politica-de-devolucion-intercambio-y-reembolso\/#breadcrumb","itemListElement":[{"@type":"ListItem","position":1,"name":"Accueil","item":"https:\/\/www.guara-outdoor.com\/es\/"},{"@type":"ListItem","position":2,"name":"Pol\u00edtica de devoluci\u00f3n, intercambio y reembolso"}]},{"@type":"WebSite","@id":"https:\/\/www.guara-outdoor.com\/es\/#website","url":"https:\/\/www.guara-outdoor.com\/es\/","name":"Guara Outdoor","description":"made for adventure","potentialAction":[{"@type":"SearchAction","target":{"@type":"EntryPoint","urlTemplate":"https:\/\/www.guara-outdoor.com\/es\/?s={search_term_string}"},"query-input":{"@type":"PropertyValueSpecification","valueRequired":true,"valueName":"search_term_string"}}],"inLanguage":"es"}]}},"_links":{"self":[{"href":"https:\/\/www.guara-outdoor.com\/es\/wp-json\/wp\/v2\/pages\/704","targetHints":{"allow":["GET"]}}],"collection":[{"href":"https:\/\/www.guara-outdoor.com\/es\/wp-json\/wp\/v2\/pages"}],"about":[{"href":"https:\/\/www.guara-outdoor.com\/es\/wp-json\/wp\/v2\/types\/page"}],"author":[{"embeddable":true,"href":"https:\/\/www.guara-outdoor.com\/es\/wp-json\/wp\/v2\/users\/1"}],"replies":[{"embeddable":true,"href":"https:\/\/www.guara-outdoor.com\/es\/wp-json\/wp\/v2\/comments?post=704"}],"version-history":[{"count":12,"href":"https:\/\/www.guara-outdoor.com\/es\/wp-json\/wp\/v2\/pages\/704\/revisions"}],"predecessor-version":[{"id":13774,"href":"https:\/\/www.guara-outdoor.com\/es\/wp-json\/wp\/v2\/pages\/704\/revisions\/13774"}],"wp:attachment":[{"href":"https:\/\/www.guara-outdoor.com\/es\/wp-json\/wp\/v2\/media?parent=704"}],"curies":[{"name":"wp","href":"https:\/\/api.w.org\/{rel}","templated":true}]}}