{"id":691,"date":"2017-10-12T15:38:55","date_gmt":"2017-10-12T13:38:55","guid":{"rendered":"https:\/\/www.guara-outdoor.com\/livraison\/"},"modified":"2022-04-04T12:10:41","modified_gmt":"2022-04-04T10:10:41","slug":"entrega","status":"publish","type":"page","link":"https:\/\/www.guara-outdoor.com\/es\/entrega\/","title":{"rendered":"Entrega"},"content":{"rendered":"<h1><b>Los servicios de entrega:<\/b><\/h1>\n<p>Usted puede escoger diferentes modos de entrega seg\u00fan sus exigencias y del pa\u00eds en el que desea ser entregado.<\/p>\n<p>\u2022 Entrega Cl\u00e1sica por Colissimo<br \/>\n\u2022 Entrega en nuestro almac\u00e9n<br \/>\n<strong>Entrega cl\u00e1sica en Francia a domicilio\u00a0(Francia metropolitana, C\u00f3rcega, M\u00f3naco y Andorra).<\/strong><\/p>\n<p>El pedido puede ser entregado en su casa o a la direcci\u00f3n de su elecci\u00f3n, \u00fanicamente si han sido pagados los gastos de env\u00edo. Cuente 2 o 5 d\u00edas despu\u00e9s de la comprobaci\u00f3n de su pedido para los art\u00edculos en existencia.<\/p>\n<p><strong>Entrega cl\u00e1sica hacia ultramar\u00a0<\/strong><\/p>\n<p>El pedido puede ser entregado en su casa o a la direcci\u00f3n de su elecci\u00f3n, \u00fanicamente si han sido pagados los gastos de env\u00edo. Cuente 5 o 7d\u00edas despu\u00e9s de la comprobaci\u00f3n de su pedido para los art\u00edculos en existencia.<\/p>\n<p><strong>Entrega Cl\u00e1sica hacia el internacional<\/strong><\/p>\n<p>El pedido puede ser entregado a la direcci\u00f3n de su elecci\u00f3n en cualquier parte del mundo. La entrega se har\u00e1 por Colissimo International. Cuente 3 o 8 d\u00edas despu\u00e9s de la salida de su paquete de nuestro almac\u00e9n.<\/p>\n<p>Si acoso, su encargo contiene varios art\u00edculos de los cuales uno no est\u00e1 disponible, nos ponemos en contacto con usted y la entrega ser\u00e1 efectuada cuando todos los art\u00edculos estar\u00e1n en existencia.<br \/>\nLas tarifas de entrega son calculadas seg\u00fan la destinaci\u00f3n, el n\u00famero y el peso de los art\u00edculos encargados.<\/p>\n<p><strong>Entrega en nuestro almac\u00e9n<\/strong><\/p>\n<p>Usted puede venir para recuperar su encargo gratuitamente en nuestro almac\u00e9n a GUARA, 2 All\u00e9e Anna Roca &#8211; Rostain, 66500 Prades.<\/p>\n<p>Guara se compromete en efectuar la entrega en unos plazos muy breves seg\u00fan el modo de entrega escogido y seg\u00fan la disponibilidad de los art\u00edculos. No podemos garantizar ningunos plazos de entrega, tambi\u00e9n dependen de transportistas, condiciones meteorol\u00f3gicas\u2026 Los plazos de entrega indicados son una media\u00a0y no toman en consideraci\u00f3n los S\u00e1bados, Domingos y d\u00edas feriados.<\/p>\n<p>Si un art\u00edculo no est\u00e1 disponible en un plazo razonable, Guara se reserva el derecho a fraccionar los env\u00edos. Desde entonces los gastos de entrega ser\u00e1n facturados como si hubiera solo un env\u00edo.<\/p>\n<p><strong>Para los encargos consecuentes:<\/strong><\/p>\n<p>Usted hizo un pedido consecuente que conten\u00eda un volumen y un peso superior a 30 kg. Analizaremos los gastos de entrega con nuestros diferentes socios para enviar su pedido en mejores plazos y al mejor precio posible.<\/p>\n<p>&nbsp;<\/p>\n","protected":false},"excerpt":{"rendered":"<p>Los servicios de entrega: Usted puede escoger diferentes modos de entrega seg\u00fan sus exigencias y del pa\u00eds en el que desea ser entregado. \u2022 Entrega Cl\u00e1sica por Colissimo \u2022 Entrega en nuestro almac\u00e9n Entrega cl\u00e1sica en Francia a domicilio\u00a0(Francia metropolitana,<\/p>\n","protected":false},"author":1,"featured_media":0,"parent":0,"menu_order":0,"comment_status":"closed","ping_status":"closed","template":"","meta":{"footnotes":""},"class_list":["post-691","page","type-page","status-publish","hentry"],"acf":[],"yoast_head":"<!-- This site is optimized with the Yoast SEO plugin v27.0 - https:\/\/yoast.com\/product\/yoast-seo-wordpress\/ -->\n<title>Entrega - Guara Outdoor<\/title>\n<meta name=\"robots\" content=\"index, follow, max-snippet:-1, max-image-preview:large, max-video-preview:-1\" \/>\n<link rel=\"canonical\" href=\"https:\/\/www.guara-outdoor.com\/es\/entrega\/\" \/>\n<meta property=\"og:locale\" content=\"es_ES\" \/>\n<meta property=\"og:type\" content=\"article\" \/>\n<meta property=\"og:title\" content=\"Entrega - Guara Outdoor\" \/>\n<meta property=\"og:description\" content=\"Los servicios de entrega: Usted puede escoger diferentes modos de entrega seg\u00fan sus exigencias y del pa\u00eds en el que desea ser entregado. \u2022 Entrega Cl\u00e1sica por Colissimo \u2022 Entrega en nuestro almac\u00e9n Entrega cl\u00e1sica en Francia a domicilio\u00a0(Francia metropolitana,\" \/>\n<meta property=\"og:url\" content=\"https:\/\/www.guara-outdoor.com\/es\/entrega\/\" \/>\n<meta property=\"og:site_name\" content=\"Guara Outdoor\" \/>\n<meta property=\"article:modified_time\" content=\"2022-04-04T10:10:41+00:00\" \/>\n<meta name=\"twitter:card\" content=\"summary_large_image\" \/>\n<meta name=\"twitter:label1\" content=\"Tiempo de lectura\" \/>\n\t<meta name=\"twitter:data1\" content=\"2 minutos\" \/>\n<script type=\"application\/ld+json\" class=\"yoast-schema-graph\">{\"@context\":\"https:\/\/schema.org\",\"@graph\":[{\"@type\":\"WebPage\",\"@id\":\"https:\/\/www.guara-outdoor.com\/es\/entrega\/\",\"url\":\"https:\/\/www.guara-outdoor.com\/es\/entrega\/\",\"name\":\"Entrega - Guara Outdoor\",\"isPartOf\":{\"@id\":\"https:\/\/www.guara-outdoor.com\/es\/#website\"},\"datePublished\":\"2017-10-12T13:38:55+00:00\",\"dateModified\":\"2022-04-04T10:10:41+00:00\",\"breadcrumb\":{\"@id\":\"https:\/\/www.guara-outdoor.com\/es\/entrega\/#breadcrumb\"},\"inLanguage\":\"es\",\"potentialAction\":[{\"@type\":\"ReadAction\",\"target\":[\"https:\/\/www.guara-outdoor.com\/es\/entrega\/\"]}]},{\"@type\":\"BreadcrumbList\",\"@id\":\"https:\/\/www.guara-outdoor.com\/es\/entrega\/#breadcrumb\",\"itemListElement\":[{\"@type\":\"ListItem\",\"position\":1,\"name\":\"Accueil\",\"item\":\"https:\/\/www.guara-outdoor.com\/es\/\"},{\"@type\":\"ListItem\",\"position\":2,\"name\":\"Entrega\"}]},{\"@type\":\"WebSite\",\"@id\":\"https:\/\/www.guara-outdoor.com\/es\/#website\",\"url\":\"https:\/\/www.guara-outdoor.com\/es\/\",\"name\":\"Guara Outdoor\",\"description\":\"made for adventure\",\"potentialAction\":[{\"@type\":\"SearchAction\",\"target\":{\"@type\":\"EntryPoint\",\"urlTemplate\":\"https:\/\/www.guara-outdoor.com\/es\/?s={search_term_string}\"},\"query-input\":{\"@type\":\"PropertyValueSpecification\",\"valueRequired\":true,\"valueName\":\"search_term_string\"}}],\"inLanguage\":\"es\"}]}<\/script>\n<!-- \/ Yoast SEO plugin. -->","yoast_head_json":{"title":"Entrega - Guara Outdoor","robots":{"index":"index","follow":"follow","max-snippet":"max-snippet:-1","max-image-preview":"max-image-preview:large","max-video-preview":"max-video-preview:-1"},"canonical":"https:\/\/www.guara-outdoor.com\/es\/entrega\/","og_locale":"es_ES","og_type":"article","og_title":"Entrega - Guara Outdoor","og_description":"Los servicios de entrega: Usted puede escoger diferentes modos de entrega seg\u00fan sus exigencias y del pa\u00eds en el que desea ser entregado. \u2022 Entrega Cl\u00e1sica por Colissimo \u2022 Entrega en nuestro almac\u00e9n Entrega cl\u00e1sica en Francia a domicilio\u00a0(Francia metropolitana,","og_url":"https:\/\/www.guara-outdoor.com\/es\/entrega\/","og_site_name":"Guara Outdoor","article_modified_time":"2022-04-04T10:10:41+00:00","twitter_card":"summary_large_image","twitter_misc":{"Tiempo de lectura":"2 minutos"},"schema":{"@context":"https:\/\/schema.org","@graph":[{"@type":"WebPage","@id":"https:\/\/www.guara-outdoor.com\/es\/entrega\/","url":"https:\/\/www.guara-outdoor.com\/es\/entrega\/","name":"Entrega - Guara Outdoor","isPartOf":{"@id":"https:\/\/www.guara-outdoor.com\/es\/#website"},"datePublished":"2017-10-12T13:38:55+00:00","dateModified":"2022-04-04T10:10:41+00:00","breadcrumb":{"@id":"https:\/\/www.guara-outdoor.com\/es\/entrega\/#breadcrumb"},"inLanguage":"es","potentialAction":[{"@type":"ReadAction","target":["https:\/\/www.guara-outdoor.com\/es\/entrega\/"]}]},{"@type":"BreadcrumbList","@id":"https:\/\/www.guara-outdoor.com\/es\/entrega\/#breadcrumb","itemListElement":[{"@type":"ListItem","position":1,"name":"Accueil","item":"https:\/\/www.guara-outdoor.com\/es\/"},{"@type":"ListItem","position":2,"name":"Entrega"}]},{"@type":"WebSite","@id":"https:\/\/www.guara-outdoor.com\/es\/#website","url":"https:\/\/www.guara-outdoor.com\/es\/","name":"Guara Outdoor","description":"made for adventure","potentialAction":[{"@type":"SearchAction","target":{"@type":"EntryPoint","urlTemplate":"https:\/\/www.guara-outdoor.com\/es\/?s={search_term_string}"},"query-input":{"@type":"PropertyValueSpecification","valueRequired":true,"valueName":"search_term_string"}}],"inLanguage":"es"}]}},"_links":{"self":[{"href":"https:\/\/www.guara-outdoor.com\/es\/wp-json\/wp\/v2\/pages\/691","targetHints":{"allow":["GET"]}}],"collection":[{"href":"https:\/\/www.guara-outdoor.com\/es\/wp-json\/wp\/v2\/pages"}],"about":[{"href":"https:\/\/www.guara-outdoor.com\/es\/wp-json\/wp\/v2\/types\/page"}],"author":[{"embeddable":true,"href":"https:\/\/www.guara-outdoor.com\/es\/wp-json\/wp\/v2\/users\/1"}],"replies":[{"embeddable":true,"href":"https:\/\/www.guara-outdoor.com\/es\/wp-json\/wp\/v2\/comments?post=691"}],"version-history":[{"count":7,"href":"https:\/\/www.guara-outdoor.com\/es\/wp-json\/wp\/v2\/pages\/691\/revisions"}],"predecessor-version":[{"id":13781,"href":"https:\/\/www.guara-outdoor.com\/es\/wp-json\/wp\/v2\/pages\/691\/revisions\/13781"}],"wp:attachment":[{"href":"https:\/\/www.guara-outdoor.com\/es\/wp-json\/wp\/v2\/media?parent=691"}],"curies":[{"name":"wp","href":"https:\/\/api.w.org\/{rel}","templated":true}]}}