{"id":674,"date":"2017-10-12T15:44:03","date_gmt":"2017-10-12T13:44:03","guid":{"rendered":"https:\/\/www.guara-outdoor.com\/entretien-sav\/"},"modified":"2022-04-04T12:47:14","modified_gmt":"2022-04-04T10:47:14","slug":"servicio-postventa-y-reparacion","status":"publish","type":"page","link":"https:\/\/www.guara-outdoor.com\/es\/servicio-postventa-y-reparacion\/","title":{"rendered":"Servicio postventa y reparaci\u00f3n"},"content":{"rendered":"<h1>Mantenimiento<\/h1>\n<p>Gracias por elegir los productos <strong>Guara<\/strong> para iros a la aventura, aqu\u00ed hay unas pocas l\u00edneas de consejos para el mantenimiento de su equipo.<\/p>\n<p>&nbsp;<\/p>\n<p>Los productos <strong>Guara<\/strong> est\u00e1n dise\u00f1ados para durar en el tiempo y ser f\u00e1ciles de mantener. Un uso cuidadoso y un mantenimiento regular permitir\u00e1n aumentar la longevidad de los productos Guara, as\u00ed que conserve sus caracter\u00edsticas t\u00e9cnicas.<\/p>\n<p>&nbsp;<\/p>\n<p>Guara trabaja en colaboraci\u00f3n con un taller para satisfacer sus necesidades de reparaci\u00f3n y servicios posventa.<\/p>\n<p><img fetchpriority=\"high\" decoding=\"async\" class=\"alignnone wp-image-2196\" src=\"https:\/\/www.guara-outdoor.com\/wp-content\/uploads\/2019\/01\/capture-decran-2019-01-17-a-16.15.28.png\" alt=\"\" width=\"532\" height=\"471\" srcset=\"https:\/\/www.guara-outdoor.com\/wp-content\/uploads\/2019\/01\/capture-decran-2019-01-17-a-16.15.28.png 674w, https:\/\/www.guara-outdoor.com\/wp-content\/uploads\/2019\/01\/capture-decran-2019-01-17-a-16.15.28-400x354.png 400w, https:\/\/www.guara-outdoor.com\/wp-content\/uploads\/2019\/01\/capture-decran-2019-01-17-a-16.15.28-300x266.png 300w\" sizes=\"(max-width: 532px) 100vw, 532px\" \/><\/p>\n<p>Usamos m\u00e1quinas de coser especiales para hacer costuras, no traspasar que limitan la entrada de agua.<\/p>\n<p>&nbsp;<\/p>\n<p>Los materiales: colas, neopreno, jersey, zip, hilo de coser son de alta calidad.<\/p>\n<p>&nbsp;<\/p>\n<p>Usted puede enviarnos su petici\u00f3n\u00a0 por e-mail <a href=\"https:\/\/www.guara-outdoor.com\/es\/contactar\/\">serviceclient@guara-outdoor.com<\/a> o por nuestro n\u00famero telef\u00f3nico +33 (0) 6 12 82 81 20.<\/p>\n<p>&nbsp;<\/p>\n<p>Algunos consejos de mantenimiento para su traje de neopreno y accesorios de neopreno Guara:<\/p>\n<ul>\n<li>Despu\u00e9s del uso, es importante limpiar el traje a mano y con agua.<\/li>\n<li>Para luchar contra las bacterias, utilizar un bactericida fungicida (en venta en nuestro sitio web) diluido con agua y remojar unos 15 minutos.<\/li>\n<li>Al neopreno no le gusta el sol (rayos ultravioletas) &#8230; Para mantener sus colores y sus propiedades el\u00e1sticas, es preferible colgar el traje en la sombra y en un espacio ventilado.<\/li>\n<li>No poner el traje en la lavadora, la secadora\u2026 Ni plancharlo&#8230;<\/li>\n<li>No utilice un limpiador de alta presi\u00f3n.<\/li>\n<li>Guarde su equipo en un lugar seco y lejos del sol.<\/li>\n<\/ul>\n","protected":false},"excerpt":{"rendered":"<p>Mantenimiento Gracias por elegir los productos Guara para iros a la aventura, aqu\u00ed hay unas pocas l\u00edneas de consejos para el mantenimiento de su equipo. &nbsp; Los productos Guara est\u00e1n dise\u00f1ados para durar en el tiempo y ser f\u00e1ciles de<\/p>\n","protected":false},"author":1,"featured_media":0,"parent":0,"menu_order":0,"comment_status":"closed","ping_status":"closed","template":"","meta":{"footnotes":""},"class_list":["post-674","page","type-page","status-publish","hentry"],"acf":[],"yoast_head":"<!-- This site is optimized with the Yoast SEO plugin v27.0 - https:\/\/yoast.com\/product\/yoast-seo-wordpress\/ -->\n<title>Entretien-SAV-R\u00e9paration combinaison GUARA-Outdoor<\/title>\n<meta name=\"description\" content=\"Les produits Guara sont con\u00e7us pour durer dans le temps et faciles d\u2019entretien. Une utilisation soign\u00e9e et un entretien r\u00e9gulier permettra aux produits Guara d\u2019augmenter leur long\u00e9vit\u00e9 et de garder au maximum leurs caract\u00e9ristiques techniques. Guara, c&#039;est aussi un atelier de r\u00e9paration pour vos combinaisons.\" \/>\n<meta name=\"robots\" content=\"index, follow, max-snippet:-1, max-image-preview:large, max-video-preview:-1\" \/>\n<link rel=\"canonical\" href=\"https:\/\/www.guara-outdoor.com\/es\/servicio-postventa-y-reparacion\/\" \/>\n<meta property=\"og:locale\" content=\"es_ES\" \/>\n<meta property=\"og:type\" content=\"article\" \/>\n<meta property=\"og:title\" content=\"Entretien-SAV-R\u00e9paration combinaison GUARA-Outdoor\" \/>\n<meta property=\"og:description\" content=\"Les produits Guara sont con\u00e7us pour durer dans le temps et faciles d\u2019entretien. Une utilisation soign\u00e9e et un entretien r\u00e9gulier permettra aux produits Guara d\u2019augmenter leur long\u00e9vit\u00e9 et de garder au maximum leurs caract\u00e9ristiques techniques. Guara, c&#039;est aussi un atelier de r\u00e9paration pour vos combinaisons.\" \/>\n<meta property=\"og:url\" content=\"https:\/\/www.guara-outdoor.com\/es\/servicio-postventa-y-reparacion\/\" \/>\n<meta property=\"og:site_name\" content=\"Guara Outdoor\" \/>\n<meta property=\"article:modified_time\" content=\"2022-04-04T10:47:14+00:00\" \/>\n<meta property=\"og:image\" content=\"https:\/\/www.guara-outdoor.com\/wp-content\/uploads\/2019\/01\/capture-decran-2019-01-17-a-16.15.28.png\" \/>\n<meta name=\"twitter:card\" content=\"summary_large_image\" \/>\n<meta name=\"twitter:label1\" content=\"Tiempo de lectura\" \/>\n\t<meta name=\"twitter:data1\" content=\"2 minutos\" \/>\n<script type=\"application\/ld+json\" class=\"yoast-schema-graph\">{\"@context\":\"https:\/\/schema.org\",\"@graph\":[{\"@type\":\"WebPage\",\"@id\":\"https:\/\/www.guara-outdoor.com\/es\/servicio-postventa-y-reparacion\/\",\"url\":\"https:\/\/www.guara-outdoor.com\/es\/servicio-postventa-y-reparacion\/\",\"name\":\"Entretien-SAV-R\u00e9paration combinaison GUARA-Outdoor\",\"isPartOf\":{\"@id\":\"https:\/\/www.guara-outdoor.com\/es\/#website\"},\"primaryImageOfPage\":{\"@id\":\"https:\/\/www.guara-outdoor.com\/es\/servicio-postventa-y-reparacion\/#primaryimage\"},\"image\":{\"@id\":\"https:\/\/www.guara-outdoor.com\/es\/servicio-postventa-y-reparacion\/#primaryimage\"},\"thumbnailUrl\":\"https:\/\/www.guara-outdoor.com\/wp-content\/uploads\/2019\/01\/capture-decran-2019-01-17-a-16.15.28.png\",\"datePublished\":\"2017-10-12T13:44:03+00:00\",\"dateModified\":\"2022-04-04T10:47:14+00:00\",\"description\":\"Les produits Guara sont con\u00e7us pour durer dans le temps et faciles d\u2019entretien. Une utilisation soign\u00e9e et un entretien r\u00e9gulier permettra aux produits Guara d\u2019augmenter leur long\u00e9vit\u00e9 et de garder au maximum leurs caract\u00e9ristiques techniques. Guara, c'est aussi un atelier de r\u00e9paration pour vos combinaisons.\",\"breadcrumb\":{\"@id\":\"https:\/\/www.guara-outdoor.com\/es\/servicio-postventa-y-reparacion\/#breadcrumb\"},\"inLanguage\":\"es\",\"potentialAction\":[{\"@type\":\"ReadAction\",\"target\":[\"https:\/\/www.guara-outdoor.com\/es\/servicio-postventa-y-reparacion\/\"]}]},{\"@type\":\"ImageObject\",\"inLanguage\":\"es\",\"@id\":\"https:\/\/www.guara-outdoor.com\/es\/servicio-postventa-y-reparacion\/#primaryimage\",\"url\":\"https:\/\/www.guara-outdoor.com\/wp-content\/uploads\/2019\/01\/capture-decran-2019-01-17-a-16.15.28.png\",\"contentUrl\":\"https:\/\/www.guara-outdoor.com\/wp-content\/uploads\/2019\/01\/capture-decran-2019-01-17-a-16.15.28.png\"},{\"@type\":\"BreadcrumbList\",\"@id\":\"https:\/\/www.guara-outdoor.com\/es\/servicio-postventa-y-reparacion\/#breadcrumb\",\"itemListElement\":[{\"@type\":\"ListItem\",\"position\":1,\"name\":\"Accueil\",\"item\":\"https:\/\/www.guara-outdoor.com\/es\/\"},{\"@type\":\"ListItem\",\"position\":2,\"name\":\"Servicio postventa y reparaci\u00f3n\"}]},{\"@type\":\"WebSite\",\"@id\":\"https:\/\/www.guara-outdoor.com\/es\/#website\",\"url\":\"https:\/\/www.guara-outdoor.com\/es\/\",\"name\":\"Guara Outdoor\",\"description\":\"made for adventure\",\"potentialAction\":[{\"@type\":\"SearchAction\",\"target\":{\"@type\":\"EntryPoint\",\"urlTemplate\":\"https:\/\/www.guara-outdoor.com\/es\/?s={search_term_string}\"},\"query-input\":{\"@type\":\"PropertyValueSpecification\",\"valueRequired\":true,\"valueName\":\"search_term_string\"}}],\"inLanguage\":\"es\"}]}<\/script>\n<!-- \/ Yoast SEO plugin. -->","yoast_head_json":{"title":"Entretien-SAV-R\u00e9paration combinaison GUARA-Outdoor","description":"Les produits Guara sont con\u00e7us pour durer dans le temps et faciles d\u2019entretien. Une utilisation soign\u00e9e et un entretien r\u00e9gulier permettra aux produits Guara d\u2019augmenter leur long\u00e9vit\u00e9 et de garder au maximum leurs caract\u00e9ristiques techniques. Guara, c'est aussi un atelier de r\u00e9paration pour vos combinaisons.","robots":{"index":"index","follow":"follow","max-snippet":"max-snippet:-1","max-image-preview":"max-image-preview:large","max-video-preview":"max-video-preview:-1"},"canonical":"https:\/\/www.guara-outdoor.com\/es\/servicio-postventa-y-reparacion\/","og_locale":"es_ES","og_type":"article","og_title":"Entretien-SAV-R\u00e9paration combinaison GUARA-Outdoor","og_description":"Les produits Guara sont con\u00e7us pour durer dans le temps et faciles d\u2019entretien. Une utilisation soign\u00e9e et un entretien r\u00e9gulier permettra aux produits Guara d\u2019augmenter leur long\u00e9vit\u00e9 et de garder au maximum leurs caract\u00e9ristiques techniques. Guara, c'est aussi un atelier de r\u00e9paration pour vos combinaisons.","og_url":"https:\/\/www.guara-outdoor.com\/es\/servicio-postventa-y-reparacion\/","og_site_name":"Guara Outdoor","article_modified_time":"2022-04-04T10:47:14+00:00","og_image":[{"url":"https:\/\/www.guara-outdoor.com\/wp-content\/uploads\/2019\/01\/capture-decran-2019-01-17-a-16.15.28.png","type":"","width":"","height":""}],"twitter_card":"summary_large_image","twitter_misc":{"Tiempo de lectura":"2 minutos"},"schema":{"@context":"https:\/\/schema.org","@graph":[{"@type":"WebPage","@id":"https:\/\/www.guara-outdoor.com\/es\/servicio-postventa-y-reparacion\/","url":"https:\/\/www.guara-outdoor.com\/es\/servicio-postventa-y-reparacion\/","name":"Entretien-SAV-R\u00e9paration combinaison GUARA-Outdoor","isPartOf":{"@id":"https:\/\/www.guara-outdoor.com\/es\/#website"},"primaryImageOfPage":{"@id":"https:\/\/www.guara-outdoor.com\/es\/servicio-postventa-y-reparacion\/#primaryimage"},"image":{"@id":"https:\/\/www.guara-outdoor.com\/es\/servicio-postventa-y-reparacion\/#primaryimage"},"thumbnailUrl":"https:\/\/www.guara-outdoor.com\/wp-content\/uploads\/2019\/01\/capture-decran-2019-01-17-a-16.15.28.png","datePublished":"2017-10-12T13:44:03+00:00","dateModified":"2022-04-04T10:47:14+00:00","description":"Les produits Guara sont con\u00e7us pour durer dans le temps et faciles d\u2019entretien. Une utilisation soign\u00e9e et un entretien r\u00e9gulier permettra aux produits Guara d\u2019augmenter leur long\u00e9vit\u00e9 et de garder au maximum leurs caract\u00e9ristiques techniques. Guara, c'est aussi un atelier de r\u00e9paration pour vos combinaisons.","breadcrumb":{"@id":"https:\/\/www.guara-outdoor.com\/es\/servicio-postventa-y-reparacion\/#breadcrumb"},"inLanguage":"es","potentialAction":[{"@type":"ReadAction","target":["https:\/\/www.guara-outdoor.com\/es\/servicio-postventa-y-reparacion\/"]}]},{"@type":"ImageObject","inLanguage":"es","@id":"https:\/\/www.guara-outdoor.com\/es\/servicio-postventa-y-reparacion\/#primaryimage","url":"https:\/\/www.guara-outdoor.com\/wp-content\/uploads\/2019\/01\/capture-decran-2019-01-17-a-16.15.28.png","contentUrl":"https:\/\/www.guara-outdoor.com\/wp-content\/uploads\/2019\/01\/capture-decran-2019-01-17-a-16.15.28.png"},{"@type":"BreadcrumbList","@id":"https:\/\/www.guara-outdoor.com\/es\/servicio-postventa-y-reparacion\/#breadcrumb","itemListElement":[{"@type":"ListItem","position":1,"name":"Accueil","item":"https:\/\/www.guara-outdoor.com\/es\/"},{"@type":"ListItem","position":2,"name":"Servicio postventa y reparaci\u00f3n"}]},{"@type":"WebSite","@id":"https:\/\/www.guara-outdoor.com\/es\/#website","url":"https:\/\/www.guara-outdoor.com\/es\/","name":"Guara Outdoor","description":"made for adventure","potentialAction":[{"@type":"SearchAction","target":{"@type":"EntryPoint","urlTemplate":"https:\/\/www.guara-outdoor.com\/es\/?s={search_term_string}"},"query-input":{"@type":"PropertyValueSpecification","valueRequired":true,"valueName":"search_term_string"}}],"inLanguage":"es"}]}},"_links":{"self":[{"href":"https:\/\/www.guara-outdoor.com\/es\/wp-json\/wp\/v2\/pages\/674","targetHints":{"allow":["GET"]}}],"collection":[{"href":"https:\/\/www.guara-outdoor.com\/es\/wp-json\/wp\/v2\/pages"}],"about":[{"href":"https:\/\/www.guara-outdoor.com\/es\/wp-json\/wp\/v2\/types\/page"}],"author":[{"embeddable":true,"href":"https:\/\/www.guara-outdoor.com\/es\/wp-json\/wp\/v2\/users\/1"}],"replies":[{"embeddable":true,"href":"https:\/\/www.guara-outdoor.com\/es\/wp-json\/wp\/v2\/comments?post=674"}],"version-history":[{"count":17,"href":"https:\/\/www.guara-outdoor.com\/es\/wp-json\/wp\/v2\/pages\/674\/revisions"}],"predecessor-version":[{"id":13787,"href":"https:\/\/www.guara-outdoor.com\/es\/wp-json\/wp\/v2\/pages\/674\/revisions\/13787"}],"wp:attachment":[{"href":"https:\/\/www.guara-outdoor.com\/es\/wp-json\/wp\/v2\/media?parent=674"}],"curies":[{"name":"wp","href":"https:\/\/api.w.org\/{rel}","templated":true}]}}