{"id":650,"date":"2017-07-25T11:32:44","date_gmt":"2017-07-25T09:32:44","guid":{"rendered":"https:\/\/www.guara-outdoor.com\/garanties\/"},"modified":"2022-04-04T12:29:21","modified_gmt":"2022-04-04T10:29:21","slug":"garantia","status":"publish","type":"page","link":"https:\/\/www.guara-outdoor.com\/es\/garantia\/","title":{"rendered":"Garant\u00eda"},"content":{"rendered":"<h1>La Garant\u00eda<\/h1>\n<p>Todos los productos Guara tienen la garant\u00eda legal, sin embargo, la garant\u00eda no cubre los desgastes debidos al uso normal del producto, as\u00ed como los da\u00f1os debidos a un uso y un almacenamiento inadecuado. La garant\u00eda Guara no cubre productos que habr\u00e1n sido arreglados o modificados.<br \/>\nLa compa\u00f1\u00eda Guara garantiza los materiales originales y las intervenciones que habr\u00e1 realizado.<\/p>\n<p><strong><em>\u00bfC\u00f3mo obtener el servicio de garant\u00eda?<\/em><\/strong><\/p>\n<p>Si ha adquirido un producto en el sitio de ventas en l\u00ednea Guara-outdoor.com , descargue el archivo \u00ab\u00a0<strong><a href=\"https:\/\/www.guara-outdoor.com\/wp-content\/uploads\/2017\/08\/garantie.pdf\" target=\"_blank\" rel=\"noopener\">garant\u00ed<\/a><\/strong><a href=\"https:\/\/www.guara-outdoor.com\/wp-content\/uploads\/2017\/08\/garantie.pdf\" target=\"_blank\" rel=\"noopener\"><strong>a<\/strong>\u00a0<\/a>\u00bb y m\u00e1ndelo por correo electr\u00f3nico a la direcci\u00f3n: <a href=\"https:\/\/www.guara-outdoor.com\/es\/contactar\/\">serviceclient@guara-outdoor.com<\/a>\u00a0o por correo a la direcci\u00f3n siguiente:<\/p>\n<p>GUARA, 2 All\u00e9e Anna Roca &#8211; Rostain, 66500 Prades &#8211; Francia.<\/p>\n<p>Os contactaremos para las modalidades de devoluci\u00f3n del producto.<\/p>\n<p>Si adquiri\u00f3 su producto Guara en tiendas asociadas, les agradecemos de ponerse en contacto con la misma tienda.<\/p>\n<p>Gracias por respetar el procedimiento.<\/p>\n<p>&nbsp;<\/p>\n<p>&nbsp;<\/p>\n<p>&nbsp;<\/p>\n<p>&nbsp;<\/p>\n<p>&nbsp;<\/p>\n<p>&nbsp;<\/p>\n","protected":false},"excerpt":{"rendered":"<p>La Garant\u00eda Todos los productos Guara tienen la garant\u00eda legal, sin embargo, la garant\u00eda no cubre los desgastes debidos al uso normal del producto, as\u00ed como los da\u00f1os debidos a un uso y un almacenamiento inadecuado. La garant\u00eda Guara no<\/p>\n","protected":false},"author":1,"featured_media":0,"parent":0,"menu_order":0,"comment_status":"closed","ping_status":"closed","template":"","meta":{"footnotes":""},"class_list":["post-650","page","type-page","status-publish","hentry"],"acf":[],"yoast_head":"<!-- This site is optimized with the Yoast SEO plugin v27.0 - https:\/\/yoast.com\/product\/yoast-seo-wordpress\/ -->\n<title>Garant\u00eda - Guara Outdoor<\/title>\n<meta name=\"robots\" content=\"index, follow, max-snippet:-1, max-image-preview:large, max-video-preview:-1\" \/>\n<link rel=\"canonical\" href=\"https:\/\/www.guara-outdoor.com\/es\/garantia\/\" \/>\n<meta property=\"og:locale\" content=\"es_ES\" \/>\n<meta property=\"og:type\" content=\"article\" \/>\n<meta property=\"og:title\" content=\"Garant\u00eda - Guara Outdoor\" \/>\n<meta property=\"og:description\" content=\"La Garant\u00eda Todos los productos Guara tienen la garant\u00eda legal, sin embargo, la garant\u00eda no cubre los desgastes debidos al uso normal del producto, as\u00ed como los da\u00f1os debidos a un uso y un almacenamiento inadecuado. La garant\u00eda Guara no\" \/>\n<meta property=\"og:url\" content=\"https:\/\/www.guara-outdoor.com\/es\/garantia\/\" \/>\n<meta property=\"og:site_name\" content=\"Guara Outdoor\" \/>\n<meta property=\"article:modified_time\" content=\"2022-04-04T10:29:21+00:00\" \/>\n<meta name=\"twitter:card\" content=\"summary_large_image\" \/>\n<meta name=\"twitter:label1\" content=\"Tiempo de lectura\" \/>\n\t<meta name=\"twitter:data1\" content=\"1 minuto\" \/>\n<script type=\"application\/ld+json\" class=\"yoast-schema-graph\">{\"@context\":\"https:\/\/schema.org\",\"@graph\":[{\"@type\":\"WebPage\",\"@id\":\"https:\/\/www.guara-outdoor.com\/es\/garantia\/\",\"url\":\"https:\/\/www.guara-outdoor.com\/es\/garantia\/\",\"name\":\"Garant\u00eda - Guara Outdoor\",\"isPartOf\":{\"@id\":\"https:\/\/www.guara-outdoor.com\/es\/#website\"},\"datePublished\":\"2017-07-25T09:32:44+00:00\",\"dateModified\":\"2022-04-04T10:29:21+00:00\",\"breadcrumb\":{\"@id\":\"https:\/\/www.guara-outdoor.com\/es\/garantia\/#breadcrumb\"},\"inLanguage\":\"es\",\"potentialAction\":[{\"@type\":\"ReadAction\",\"target\":[\"https:\/\/www.guara-outdoor.com\/es\/garantia\/\"]}]},{\"@type\":\"BreadcrumbList\",\"@id\":\"https:\/\/www.guara-outdoor.com\/es\/garantia\/#breadcrumb\",\"itemListElement\":[{\"@type\":\"ListItem\",\"position\":1,\"name\":\"Accueil\",\"item\":\"https:\/\/www.guara-outdoor.com\/es\/\"},{\"@type\":\"ListItem\",\"position\":2,\"name\":\"Garant\u00eda\"}]},{\"@type\":\"WebSite\",\"@id\":\"https:\/\/www.guara-outdoor.com\/es\/#website\",\"url\":\"https:\/\/www.guara-outdoor.com\/es\/\",\"name\":\"Guara Outdoor\",\"description\":\"made for adventure\",\"potentialAction\":[{\"@type\":\"SearchAction\",\"target\":{\"@type\":\"EntryPoint\",\"urlTemplate\":\"https:\/\/www.guara-outdoor.com\/es\/?s={search_term_string}\"},\"query-input\":{\"@type\":\"PropertyValueSpecification\",\"valueRequired\":true,\"valueName\":\"search_term_string\"}}],\"inLanguage\":\"es\"}]}<\/script>\n<!-- \/ Yoast SEO plugin. -->","yoast_head_json":{"title":"Garant\u00eda - Guara Outdoor","robots":{"index":"index","follow":"follow","max-snippet":"max-snippet:-1","max-image-preview":"max-image-preview:large","max-video-preview":"max-video-preview:-1"},"canonical":"https:\/\/www.guara-outdoor.com\/es\/garantia\/","og_locale":"es_ES","og_type":"article","og_title":"Garant\u00eda - Guara Outdoor","og_description":"La Garant\u00eda Todos los productos Guara tienen la garant\u00eda legal, sin embargo, la garant\u00eda no cubre los desgastes debidos al uso normal del producto, as\u00ed como los da\u00f1os debidos a un uso y un almacenamiento inadecuado. La garant\u00eda Guara no","og_url":"https:\/\/www.guara-outdoor.com\/es\/garantia\/","og_site_name":"Guara Outdoor","article_modified_time":"2022-04-04T10:29:21+00:00","twitter_card":"summary_large_image","twitter_misc":{"Tiempo de lectura":"1 minuto"},"schema":{"@context":"https:\/\/schema.org","@graph":[{"@type":"WebPage","@id":"https:\/\/www.guara-outdoor.com\/es\/garantia\/","url":"https:\/\/www.guara-outdoor.com\/es\/garantia\/","name":"Garant\u00eda - Guara Outdoor","isPartOf":{"@id":"https:\/\/www.guara-outdoor.com\/es\/#website"},"datePublished":"2017-07-25T09:32:44+00:00","dateModified":"2022-04-04T10:29:21+00:00","breadcrumb":{"@id":"https:\/\/www.guara-outdoor.com\/es\/garantia\/#breadcrumb"},"inLanguage":"es","potentialAction":[{"@type":"ReadAction","target":["https:\/\/www.guara-outdoor.com\/es\/garantia\/"]}]},{"@type":"BreadcrumbList","@id":"https:\/\/www.guara-outdoor.com\/es\/garantia\/#breadcrumb","itemListElement":[{"@type":"ListItem","position":1,"name":"Accueil","item":"https:\/\/www.guara-outdoor.com\/es\/"},{"@type":"ListItem","position":2,"name":"Garant\u00eda"}]},{"@type":"WebSite","@id":"https:\/\/www.guara-outdoor.com\/es\/#website","url":"https:\/\/www.guara-outdoor.com\/es\/","name":"Guara Outdoor","description":"made for adventure","potentialAction":[{"@type":"SearchAction","target":{"@type":"EntryPoint","urlTemplate":"https:\/\/www.guara-outdoor.com\/es\/?s={search_term_string}"},"query-input":{"@type":"PropertyValueSpecification","valueRequired":true,"valueName":"search_term_string"}}],"inLanguage":"es"}]}},"_links":{"self":[{"href":"https:\/\/www.guara-outdoor.com\/es\/wp-json\/wp\/v2\/pages\/650","targetHints":{"allow":["GET"]}}],"collection":[{"href":"https:\/\/www.guara-outdoor.com\/es\/wp-json\/wp\/v2\/pages"}],"about":[{"href":"https:\/\/www.guara-outdoor.com\/es\/wp-json\/wp\/v2\/types\/page"}],"author":[{"embeddable":true,"href":"https:\/\/www.guara-outdoor.com\/es\/wp-json\/wp\/v2\/users\/1"}],"replies":[{"embeddable":true,"href":"https:\/\/www.guara-outdoor.com\/es\/wp-json\/wp\/v2\/comments?post=650"}],"version-history":[{"count":13,"href":"https:\/\/www.guara-outdoor.com\/es\/wp-json\/wp\/v2\/pages\/650\/revisions"}],"predecessor-version":[{"id":13784,"href":"https:\/\/www.guara-outdoor.com\/es\/wp-json\/wp\/v2\/pages\/650\/revisions\/13784"}],"wp:attachment":[{"href":"https:\/\/www.guara-outdoor.com\/es\/wp-json\/wp\/v2\/media?parent=650"}],"curies":[{"name":"wp","href":"https:\/\/api.w.org\/{rel}","templated":true}]}}