{"id":603,"date":"2017-07-25T11:42:48","date_gmt":"2017-07-25T09:42:48","guid":{"rendered":"https:\/\/www.guara-outdoor.com\/qui-sommes-nous\/"},"modified":"2023-02-17T17:12:39","modified_gmt":"2023-02-17T16:12:39","slug":"quienes-somos","status":"publish","type":"page","link":"https:\/\/www.guara-outdoor.com\/es\/quienes-somos\/","title":{"rendered":"\u00bfQui\u00e9nes somos ?"},"content":{"rendered":"\t\t<div data-elementor-type=\"wp-page\" data-elementor-id=\"603\" class=\"elementor elementor-603\" data-elementor-post-type=\"page\">\n\t\t\t\t\t\t<section data-particle_enable=\"false\" data-particle-mobile-disabled=\"false\" class=\"elementor-section elementor-top-section elementor-element elementor-element-20cda24 elementor-section-boxed elementor-section-height-default elementor-section-height-default\" data-id=\"20cda24\" data-element_type=\"section\" data-e-type=\"section\">\n\t\t\t\t\t\t<div class=\"elementor-container elementor-column-gap-default\">\n\t\t\t\t\t<div class=\"elementor-column elementor-col-100 elementor-top-column elementor-element elementor-element-c89f508\" data-id=\"c89f508\" data-element_type=\"column\" data-e-type=\"column\">\n\t\t\t<div class=\"elementor-widget-wrap elementor-element-populated\">\n\t\t\t\t\t\t<div class=\"elementor-element elementor-element-ff799f2 elementor-widget elementor-widget-heading\" data-id=\"ff799f2\" data-element_type=\"widget\" data-e-type=\"widget\" data-widget_type=\"heading.default\">\n\t\t\t\t<div class=\"elementor-widget-container\">\n\t\t\t\t\t<h2 class=\"elementor-heading-title elementor-size-default\"><span style=\"margin: -12px 0px 20px;padding: 0px;width: 1120px;line-height: 40px;font-size: 40px;font-weight: 800;white-space: normal\">GUARA<br>MADE FOR ADVENTURE.<\/span><\/h2>\t\t\t\t<\/div>\n\t\t\t\t<\/div>\n\t\t\t\t\t<\/div>\n\t\t<\/div>\n\t\t\t\t\t<\/div>\n\t\t<\/section>\n\t\t\t\t<section data-particle_enable=\"false\" data-particle-mobile-disabled=\"false\" class=\"elementor-section elementor-top-section elementor-element elementor-element-8cdfb5d elementor-section-boxed elementor-section-height-default elementor-section-height-default\" data-id=\"8cdfb5d\" data-element_type=\"section\" data-e-type=\"section\">\n\t\t\t\t\t\t<div class=\"elementor-container elementor-column-gap-default\">\n\t\t\t\t\t<div class=\"elementor-column elementor-col-100 elementor-top-column elementor-element elementor-element-024536d\" data-id=\"024536d\" data-element_type=\"column\" data-e-type=\"column\">\n\t\t\t<div class=\"elementor-widget-wrap elementor-element-populated\">\n\t\t\t\t\t\t<div class=\"elementor-element elementor-element-5877e9a elementor-widget elementor-widget-heading\" data-id=\"5877e9a\" data-element_type=\"widget\" data-e-type=\"widget\" data-widget_type=\"heading.default\">\n\t\t\t\t<div class=\"elementor-widget-container\">\n\t\t\t\t\t<h2 class=\"elementor-heading-title elementor-size-default\"><span style=\"margin: 20px 0px 10px;padding: 0px;width: 1120px;white-space: normal\">\u00bfQUI\u00c9NES SOMOS?<\/span><\/h2>\t\t\t\t<\/div>\n\t\t\t\t<\/div>\n\t\t\t\t\t<\/div>\n\t\t<\/div>\n\t\t\t\t\t<\/div>\n\t\t<\/section>\n\t\t\t\t<section data-particle_enable=\"false\" data-particle-mobile-disabled=\"false\" class=\"elementor-section elementor-top-section elementor-element elementor-element-ece1640 elementor-section-boxed elementor-section-height-default elementor-section-height-default\" data-id=\"ece1640\" data-element_type=\"section\" data-e-type=\"section\">\n\t\t\t\t\t\t<div class=\"elementor-container elementor-column-gap-default\">\n\t\t\t\t\t<div class=\"elementor-column elementor-col-50 elementor-top-column elementor-element elementor-element-caafd95\" data-id=\"caafd95\" data-element_type=\"column\" data-e-type=\"column\">\n\t\t\t<div class=\"elementor-widget-wrap elementor-element-populated\">\n\t\t\t\t\t\t<div class=\"elementor-element elementor-element-f7497fc elementor-widget elementor-widget-text-editor\" data-id=\"f7497fc\" data-element_type=\"widget\" data-e-type=\"widget\" data-widget_type=\"text-editor.default\">\n\t\t\t\t<div class=\"elementor-widget-container\">\n\t\t\t\t\t\t\t\t\t<p><span style=\"color: #000000;\">La empresa GUARA naci\u00f3 de la complementariedad de dos profesionales, uno del textil y otro de deportes de naturaleza.<\/span><\/p><p><span style=\"color: #000000;\"><br><\/span><\/p>\n<p><span style=\"color: #000000;\">Solange Cottin, administrar\u00eda est\u00e1 especializada en la fabricaci\u00f3n de textiles, y est\u00e1 apoyada por J\u00e9r\u00f4me Lacou, gu\u00eda de monta\u00f1a, espeleolog\u00eda y barranquismo. Decidieron crear la marca GUARA para ofrecer una gama de productos para los aficionados y los profesionales del barranquismo.<\/span><\/p><p><span style=\"color: #000000;\"><br><\/span><\/p>\n<p><span style=\"color: #000000;\">Nuestros productos han sido probados por los profesionales de Barranquismo en varias regiones de Francia. Nuestro objetivo es ofrecer productos de calidad y queremos estar m\u00e1s cerca de nuestros clientes y permanecer a su disponibilidad.&nbsp;<\/span><\/p><p><span style=\"color: #000000;\"><br><\/span><\/p><p><span style=\"color: #000000;\">Cont\u00e1ctenos y no dud\u00e1is en transmitirnos vuestros comentarios, preguntas e ideas.<\/span><\/p>\n<p><span style=\"color: #000000;\">Nuestros productos se venden en este sitio web, sino tambi\u00e9n en tiendas especializadas en Francia como en el extranjero.<\/span><\/p><p><span style=\"color: #000000;\"><br><\/span><\/p>\n<p><span style=\"color: #000000;\">La empresa GUARA se sit\u00faa al pie del Canig\u00f3, en los Pirineos Orientales, un sitio ideal para probar, discutir e intercambiar con los profesionales y aficionados.<\/span><\/p>\t\t\t\t\t\t\t\t<\/div>\n\t\t\t\t<\/div>\n\t\t\t\t\t<\/div>\n\t\t<\/div>\n\t\t\t\t<div class=\"elementor-column elementor-col-50 elementor-top-column elementor-element elementor-element-0958777\" data-id=\"0958777\" data-element_type=\"column\" data-e-type=\"column\">\n\t\t\t<div class=\"elementor-widget-wrap elementor-element-populated\">\n\t\t\t\t\t\t<div class=\"elementor-element elementor-element-41b73a4 elementor-widget elementor-widget-image\" data-id=\"41b73a4\" data-element_type=\"widget\" data-e-type=\"widget\" data-widget_type=\"image.default\">\n\t\t\t\t<div class=\"elementor-widget-container\">\n\t\t\t\t\t\t\t\t\t\t\t\t\t\t\t<img fetchpriority=\"high\" decoding=\"async\" width=\"400\" height=\"447\" src=\"https:\/\/www.guara-outdoor.com\/wp-content\/uploads\/2023\/02\/qui-sommes-nous-bis-400x447.jpg\" class=\"attachment-woocommerce_single size-woocommerce_single wp-image-24062\" alt=\"combinaison-canyoning-vetement--tshirt-ensemble-monopiece-chausette-homme-femme-neoprene-moniteur\" srcset=\"https:\/\/www.guara-outdoor.com\/wp-content\/uploads\/2023\/02\/qui-sommes-nous-bis-400x447.jpg 400w, https:\/\/www.guara-outdoor.com\/wp-content\/uploads\/2023\/02\/qui-sommes-nous-bis-268x300.jpg 268w, https:\/\/www.guara-outdoor.com\/wp-content\/uploads\/2023\/02\/qui-sommes-nous-bis-916x1024.jpg 916w, https:\/\/www.guara-outdoor.com\/wp-content\/uploads\/2023\/02\/qui-sommes-nous-bis-768x858.jpg 768w, https:\/\/www.guara-outdoor.com\/wp-content\/uploads\/2023\/02\/qui-sommes-nous-bis-1374x1536.jpg 1374w, https:\/\/www.guara-outdoor.com\/wp-content\/uploads\/2023\/02\/qui-sommes-nous-bis-241x269.jpg 241w, https:\/\/www.guara-outdoor.com\/wp-content\/uploads\/2023\/02\/qui-sommes-nous-bis-179x200.jpg 179w, https:\/\/www.guara-outdoor.com\/wp-content\/uploads\/2023\/02\/qui-sommes-nous-bis-1320x1475.jpg 1320w, https:\/\/www.guara-outdoor.com\/wp-content\/uploads\/2023\/02\/qui-sommes-nous-bis.jpg 1453w\" sizes=\"(max-width: 400px) 100vw, 400px\" \/>\t\t\t\t\t\t\t\t\t\t\t\t\t\t\t<\/div>\n\t\t\t\t<\/div>\n\t\t\t\t\t<\/div>\n\t\t<\/div>\n\t\t\t\t\t<\/div>\n\t\t<\/section>\n\t\t\t\t<\/div>\n\t\t","protected":false},"excerpt":{"rendered":"<p>GUARAMADE FOR ADVENTURE. \u00bfQUI\u00c9NES SOMOS? La empresa GUARA naci\u00f3 de la complementariedad de dos profesionales, uno del textil y otro de deportes de naturaleza. Solange Cottin, administrar\u00eda est\u00e1 especializada en la fabricaci\u00f3n de textiles, y est\u00e1 apoyada por J\u00e9r\u00f4me Lacou,<\/p>\n","protected":false},"author":1,"featured_media":0,"parent":0,"menu_order":0,"comment_status":"closed","ping_status":"closed","template":"","meta":{"footnotes":""},"class_list":["post-603","page","type-page","status-publish","hentry"],"acf":[],"yoast_head":"<!-- This site is optimized with the Yoast SEO plugin v27.0 - https:\/\/yoast.com\/product\/yoast-seo-wordpress\/ -->\n<title>\u00bfQui\u00e9nes somos ? - Guara Outdoor<\/title>\n<meta name=\"robots\" content=\"index, follow, max-snippet:-1, max-image-preview:large, max-video-preview:-1\" \/>\n<link rel=\"canonical\" href=\"https:\/\/www.guara-outdoor.com\/es\/quienes-somos\/\" \/>\n<meta property=\"og:locale\" content=\"es_ES\" \/>\n<meta property=\"og:type\" content=\"article\" \/>\n<meta property=\"og:title\" content=\"\u00bfQui\u00e9nes somos ? - Guara Outdoor\" \/>\n<meta property=\"og:description\" content=\"GUARAMADE FOR ADVENTURE. \u00bfQUI\u00c9NES SOMOS? La empresa GUARA naci\u00f3 de la complementariedad de dos profesionales, uno del textil y otro de deportes de naturaleza. Solange Cottin, administrar\u00eda est\u00e1 especializada en la fabricaci\u00f3n de textiles, y est\u00e1 apoyada por J\u00e9r\u00f4me Lacou,\" \/>\n<meta property=\"og:url\" content=\"https:\/\/www.guara-outdoor.com\/es\/quienes-somos\/\" \/>\n<meta property=\"og:site_name\" content=\"Guara Outdoor\" \/>\n<meta property=\"article:modified_time\" content=\"2023-02-17T16:12:39+00:00\" \/>\n<meta property=\"og:image\" content=\"https:\/\/www.guara-outdoor.com\/wp-content\/uploads\/2023\/02\/qui-sommes-nous-bis-400x447.jpg\" \/>\n<meta name=\"twitter:card\" content=\"summary_large_image\" \/>\n<meta name=\"twitter:label1\" content=\"Tiempo de lectura\" \/>\n\t<meta name=\"twitter:data1\" content=\"1 minuto\" \/>\n<script type=\"application\/ld+json\" class=\"yoast-schema-graph\">{\"@context\":\"https:\/\/schema.org\",\"@graph\":[{\"@type\":\"WebPage\",\"@id\":\"https:\/\/www.guara-outdoor.com\/es\/quienes-somos\/\",\"url\":\"https:\/\/www.guara-outdoor.com\/es\/quienes-somos\/\",\"name\":\"\u00bfQui\u00e9nes somos ? - Guara Outdoor\",\"isPartOf\":{\"@id\":\"https:\/\/www.guara-outdoor.com\/es\/#website\"},\"primaryImageOfPage\":{\"@id\":\"https:\/\/www.guara-outdoor.com\/es\/quienes-somos\/#primaryimage\"},\"image\":{\"@id\":\"https:\/\/www.guara-outdoor.com\/es\/quienes-somos\/#primaryimage\"},\"thumbnailUrl\":\"https:\/\/www.guara-outdoor.com\/wp-content\/uploads\/2023\/02\/qui-sommes-nous-bis-400x447.jpg\",\"datePublished\":\"2017-07-25T09:42:48+00:00\",\"dateModified\":\"2023-02-17T16:12:39+00:00\",\"breadcrumb\":{\"@id\":\"https:\/\/www.guara-outdoor.com\/es\/quienes-somos\/#breadcrumb\"},\"inLanguage\":\"es\",\"potentialAction\":[{\"@type\":\"ReadAction\",\"target\":[\"https:\/\/www.guara-outdoor.com\/es\/quienes-somos\/\"]}]},{\"@type\":\"ImageObject\",\"inLanguage\":\"es\",\"@id\":\"https:\/\/www.guara-outdoor.com\/es\/quienes-somos\/#primaryimage\",\"url\":\"https:\/\/www.guara-outdoor.com\/wp-content\/uploads\/2023\/02\/qui-sommes-nous-bis-400x447.jpg\",\"contentUrl\":\"https:\/\/www.guara-outdoor.com\/wp-content\/uploads\/2023\/02\/qui-sommes-nous-bis-400x447.jpg\"},{\"@type\":\"BreadcrumbList\",\"@id\":\"https:\/\/www.guara-outdoor.com\/es\/quienes-somos\/#breadcrumb\",\"itemListElement\":[{\"@type\":\"ListItem\",\"position\":1,\"name\":\"Accueil\",\"item\":\"https:\/\/www.guara-outdoor.com\/es\/\"},{\"@type\":\"ListItem\",\"position\":2,\"name\":\"\u00bfQui\u00e9nes somos ?\"}]},{\"@type\":\"WebSite\",\"@id\":\"https:\/\/www.guara-outdoor.com\/es\/#website\",\"url\":\"https:\/\/www.guara-outdoor.com\/es\/\",\"name\":\"Guara Outdoor\",\"description\":\"made for adventure\",\"potentialAction\":[{\"@type\":\"SearchAction\",\"target\":{\"@type\":\"EntryPoint\",\"urlTemplate\":\"https:\/\/www.guara-outdoor.com\/es\/?s={search_term_string}\"},\"query-input\":{\"@type\":\"PropertyValueSpecification\",\"valueRequired\":true,\"valueName\":\"search_term_string\"}}],\"inLanguage\":\"es\"}]}<\/script>\n<!-- \/ Yoast SEO plugin. -->","yoast_head_json":{"title":"\u00bfQui\u00e9nes somos ? - Guara Outdoor","robots":{"index":"index","follow":"follow","max-snippet":"max-snippet:-1","max-image-preview":"max-image-preview:large","max-video-preview":"max-video-preview:-1"},"canonical":"https:\/\/www.guara-outdoor.com\/es\/quienes-somos\/","og_locale":"es_ES","og_type":"article","og_title":"\u00bfQui\u00e9nes somos ? - Guara Outdoor","og_description":"GUARAMADE FOR ADVENTURE. \u00bfQUI\u00c9NES SOMOS? La empresa GUARA naci\u00f3 de la complementariedad de dos profesionales, uno del textil y otro de deportes de naturaleza. Solange Cottin, administrar\u00eda est\u00e1 especializada en la fabricaci\u00f3n de textiles, y est\u00e1 apoyada por J\u00e9r\u00f4me Lacou,","og_url":"https:\/\/www.guara-outdoor.com\/es\/quienes-somos\/","og_site_name":"Guara Outdoor","article_modified_time":"2023-02-17T16:12:39+00:00","og_image":[{"url":"https:\/\/www.guara-outdoor.com\/wp-content\/uploads\/2023\/02\/qui-sommes-nous-bis-400x447.jpg","type":"","width":"","height":""}],"twitter_card":"summary_large_image","twitter_misc":{"Tiempo de lectura":"1 minuto"},"schema":{"@context":"https:\/\/schema.org","@graph":[{"@type":"WebPage","@id":"https:\/\/www.guara-outdoor.com\/es\/quienes-somos\/","url":"https:\/\/www.guara-outdoor.com\/es\/quienes-somos\/","name":"\u00bfQui\u00e9nes somos ? - Guara Outdoor","isPartOf":{"@id":"https:\/\/www.guara-outdoor.com\/es\/#website"},"primaryImageOfPage":{"@id":"https:\/\/www.guara-outdoor.com\/es\/quienes-somos\/#primaryimage"},"image":{"@id":"https:\/\/www.guara-outdoor.com\/es\/quienes-somos\/#primaryimage"},"thumbnailUrl":"https:\/\/www.guara-outdoor.com\/wp-content\/uploads\/2023\/02\/qui-sommes-nous-bis-400x447.jpg","datePublished":"2017-07-25T09:42:48+00:00","dateModified":"2023-02-17T16:12:39+00:00","breadcrumb":{"@id":"https:\/\/www.guara-outdoor.com\/es\/quienes-somos\/#breadcrumb"},"inLanguage":"es","potentialAction":[{"@type":"ReadAction","target":["https:\/\/www.guara-outdoor.com\/es\/quienes-somos\/"]}]},{"@type":"ImageObject","inLanguage":"es","@id":"https:\/\/www.guara-outdoor.com\/es\/quienes-somos\/#primaryimage","url":"https:\/\/www.guara-outdoor.com\/wp-content\/uploads\/2023\/02\/qui-sommes-nous-bis-400x447.jpg","contentUrl":"https:\/\/www.guara-outdoor.com\/wp-content\/uploads\/2023\/02\/qui-sommes-nous-bis-400x447.jpg"},{"@type":"BreadcrumbList","@id":"https:\/\/www.guara-outdoor.com\/es\/quienes-somos\/#breadcrumb","itemListElement":[{"@type":"ListItem","position":1,"name":"Accueil","item":"https:\/\/www.guara-outdoor.com\/es\/"},{"@type":"ListItem","position":2,"name":"\u00bfQui\u00e9nes somos ?"}]},{"@type":"WebSite","@id":"https:\/\/www.guara-outdoor.com\/es\/#website","url":"https:\/\/www.guara-outdoor.com\/es\/","name":"Guara Outdoor","description":"made for adventure","potentialAction":[{"@type":"SearchAction","target":{"@type":"EntryPoint","urlTemplate":"https:\/\/www.guara-outdoor.com\/es\/?s={search_term_string}"},"query-input":{"@type":"PropertyValueSpecification","valueRequired":true,"valueName":"search_term_string"}}],"inLanguage":"es"}]}},"_links":{"self":[{"href":"https:\/\/www.guara-outdoor.com\/es\/wp-json\/wp\/v2\/pages\/603","targetHints":{"allow":["GET"]}}],"collection":[{"href":"https:\/\/www.guara-outdoor.com\/es\/wp-json\/wp\/v2\/pages"}],"about":[{"href":"https:\/\/www.guara-outdoor.com\/es\/wp-json\/wp\/v2\/types\/page"}],"author":[{"embeddable":true,"href":"https:\/\/www.guara-outdoor.com\/es\/wp-json\/wp\/v2\/users\/1"}],"replies":[{"embeddable":true,"href":"https:\/\/www.guara-outdoor.com\/es\/wp-json\/wp\/v2\/comments?post=603"}],"version-history":[{"count":16,"href":"https:\/\/www.guara-outdoor.com\/es\/wp-json\/wp\/v2\/pages\/603\/revisions"}],"predecessor-version":[{"id":24112,"href":"https:\/\/www.guara-outdoor.com\/es\/wp-json\/wp\/v2\/pages\/603\/revisions\/24112"}],"wp:attachment":[{"href":"https:\/\/www.guara-outdoor.com\/es\/wp-json\/wp\/v2\/media?parent=603"}],"curies":[{"name":"wp","href":"https:\/\/api.w.org\/{rel}","templated":true}]}}