{"id":567,"date":"2017-08-10T14:27:31","date_gmt":"2017-08-10T12:27:31","guid":{"rendered":"https:\/\/www.guara-outdoor.com\/professionnels-du-canyoning\/"},"modified":"2022-04-04T11:58:37","modified_gmt":"2022-04-04T09:58:37","slug":"barranquismo-profesional","status":"publish","type":"page","link":"https:\/\/www.guara-outdoor.com\/es\/barranquismo-profesional\/","title":{"rendered":"Barranquismo Profesional"},"content":{"rendered":"<h1 style=\"text-align: center\">Bienvenido al espacio pro de GUARA<\/h1>\n<p>&nbsp;<\/p>\n<p>&nbsp;<\/p>\n<p><img fetchpriority=\"high\" decoding=\"async\" class=\"size-full wp-image-4634 aligncenter\" src=\"https:\/\/www.guara-outdoor.com\/wp-content\/uploads\/2020\/01\/why2-scaled.jpg\" alt=\"\" width=\"3000\" height=\"456\" srcset=\"https:\/\/www.guara-outdoor.com\/wp-content\/uploads\/2020\/01\/why2-scaled.jpg 2560w, https:\/\/www.guara-outdoor.com\/wp-content\/uploads\/2020\/01\/why2-400x61.jpg 400w, https:\/\/www.guara-outdoor.com\/wp-content\/uploads\/2020\/01\/why2-300x46.jpg 300w, https:\/\/www.guara-outdoor.com\/wp-content\/uploads\/2020\/01\/why2-768x117.jpg 768w, https:\/\/www.guara-outdoor.com\/wp-content\/uploads\/2020\/01\/why2-1024x156.jpg 1024w, https:\/\/www.guara-outdoor.com\/wp-content\/uploads\/2020\/01\/why2-1320x201.jpg 1320w\" sizes=\"(max-width: 3000px) 100vw, 3000px\" \/><\/p>\n<p>&nbsp;<\/p>\n<p>&nbsp;<\/p>\n<p style=\"text-align: center\">En <span style=\"color: #99cc00\"><strong>Guara<\/strong><\/span>, hacemos una prioridad de trabajar en colaboraci\u00f3n<\/p>\n<p style=\"text-align: center\">con profesionales del outdoor. Para\u00a0agradecerles,\u00a0les ofrecemos tarifas espec\u00edficas.<\/p>\n<p>&nbsp;<\/p>\n<p>&nbsp;<\/p>\n<p><img decoding=\"async\" class=\"size-full wp-image-4622 aligncenter\" src=\"https:\/\/www.guara-outdoor.com\/wp-content\/uploads\/2020\/01\/who2-scaled.jpg\" alt=\"\" width=\"3000\" height=\"456\" srcset=\"https:\/\/www.guara-outdoor.com\/wp-content\/uploads\/2020\/01\/who2-scaled.jpg 2560w, https:\/\/www.guara-outdoor.com\/wp-content\/uploads\/2020\/01\/who2-400x61.jpg 400w, https:\/\/www.guara-outdoor.com\/wp-content\/uploads\/2020\/01\/who2-300x46.jpg 300w, https:\/\/www.guara-outdoor.com\/wp-content\/uploads\/2020\/01\/who2-768x117.jpg 768w, https:\/\/www.guara-outdoor.com\/wp-content\/uploads\/2020\/01\/who2-1024x156.jpg 1024w, https:\/\/www.guara-outdoor.com\/wp-content\/uploads\/2020\/01\/who2-1320x201.jpg 1320w\" sizes=\"(max-width: 3000px) 100vw, 3000px\" \/><\/p>\n<p>&nbsp;<\/p>\n<p>&nbsp;<\/p>\n<p style=\"text-align: center\">\u00a0Un gu\u00eda de monta\u00f1a, de rafting y kayak, de espeleolog\u00eda,<\/p>\n<p style=\"text-align: center\">de escalada, de barrancos\u2026<\/p>\n<p>&nbsp;<\/p>\n<p>&nbsp;<\/p>\n<p>&nbsp;<\/p>\n<p><img decoding=\"async\" class=\"size-full wp-image-4630 aligncenter\" src=\"https:\/\/www.guara-outdoor.com\/wp-content\/uploads\/2020\/01\/how2-scaled.jpg\" alt=\"\" width=\"3000\" height=\"456\" srcset=\"https:\/\/www.guara-outdoor.com\/wp-content\/uploads\/2020\/01\/how2-scaled.jpg 2560w, https:\/\/www.guara-outdoor.com\/wp-content\/uploads\/2020\/01\/how2-400x61.jpg 400w, https:\/\/www.guara-outdoor.com\/wp-content\/uploads\/2020\/01\/how2-300x46.jpg 300w, https:\/\/www.guara-outdoor.com\/wp-content\/uploads\/2020\/01\/how2-768x117.jpg 768w, https:\/\/www.guara-outdoor.com\/wp-content\/uploads\/2020\/01\/how2-1024x156.jpg 1024w, https:\/\/www.guara-outdoor.com\/wp-content\/uploads\/2020\/01\/how2-1320x201.jpg 1320w\" sizes=\"(max-width: 3000px) 100vw, 3000px\" \/><\/p>\n<p>&nbsp;<\/p>\n<p>&nbsp;<\/p>\n<p style=\"text-align: center\"><strong>Para ser identificado como Pro:<\/strong><\/p>\n<p style=\"text-align: center\">Cont\u00e1ctenos:<\/p>\n<p style=\"text-align: center\">-por mail: <a href=\"https:\/\/www.guara-outdoor.com\/es\/contactar\/\">serviceclient@guara-outdoor.com\u00a0<\/a><\/p>\n<p style=\"text-align: center\">-por correo: Guara<\/p>\n<p style=\"text-align: center\">2 all\u00e9e Ana Roca Rostain<\/p>\n<p style=\"text-align: center\">66500 Prades<\/p>\n<p style=\"text-align: center\">Francia<\/p>\n<p style=\"text-align: center\">-o por tel\u00e9fono: (+33)6 12 82 81 20 de Lunes a Viernes desde las 9h a las 12h y desde las 14h a las 18h.<\/p>\n<p style=\"text-align: center\">Mediante el env\u00edo de una copia de su tarjeta profesional o cualquier otra evidencia como prueba de su actividad.<\/p>\n<p style=\"text-align: center\">Quer\u00e9is personalizar su equipamiento! Se puede serigrafiar sus trajes de neopreno con el nombre de su empresa.<\/p>\n<p style=\"text-align: center\">No dude en contactarnos para una estimaci\u00f3n o informaciones, el equipo de Guara estar\u00e1 encantado de contestaros en la mejor brevedad de tiempo posible.<\/p>\n","protected":false},"excerpt":{"rendered":"<p>Bienvenido al espacio pro de GUARA &nbsp; &nbsp; &nbsp; &nbsp; En Guara, hacemos una prioridad de trabajar en colaboraci\u00f3n con profesionales del outdoor. Para\u00a0agradecerles,\u00a0les ofrecemos tarifas espec\u00edficas. &nbsp; &nbsp; &nbsp; &nbsp; \u00a0Un gu\u00eda de monta\u00f1a, de rafting y kayak, de<\/p>\n","protected":false},"author":1,"featured_media":0,"parent":0,"menu_order":0,"comment_status":"closed","ping_status":"closed","template":"","meta":{"footnotes":""},"class_list":["post-567","page","type-page","status-publish","hentry"],"acf":[],"yoast_head":"<!-- This site is optimized with the Yoast SEO plugin v27.0 - https:\/\/yoast.com\/product\/yoast-seo-wordpress\/ -->\n<title>Barranquismo Profesional - Guara Outdoor<\/title>\n<meta name=\"robots\" content=\"index, follow, max-snippet:-1, max-image-preview:large, max-video-preview:-1\" \/>\n<link rel=\"canonical\" href=\"https:\/\/www.guara-outdoor.com\/es\/barranquismo-profesional\/\" \/>\n<meta property=\"og:locale\" content=\"es_ES\" \/>\n<meta property=\"og:type\" content=\"article\" \/>\n<meta property=\"og:title\" content=\"Barranquismo Profesional - Guara Outdoor\" \/>\n<meta property=\"og:description\" content=\"Bienvenido al espacio pro de GUARA &nbsp; &nbsp; &nbsp; &nbsp; En Guara, hacemos una prioridad de trabajar en colaboraci\u00f3n con profesionales del outdoor. Para\u00a0agradecerles,\u00a0les ofrecemos tarifas espec\u00edficas. &nbsp; &nbsp; &nbsp; &nbsp; \u00a0Un gu\u00eda de monta\u00f1a, de rafting y kayak, de\" \/>\n<meta property=\"og:url\" content=\"https:\/\/www.guara-outdoor.com\/es\/barranquismo-profesional\/\" \/>\n<meta property=\"og:site_name\" content=\"Guara Outdoor\" \/>\n<meta property=\"article:modified_time\" content=\"2022-04-04T09:58:37+00:00\" \/>\n<meta property=\"og:image\" content=\"https:\/\/www.guara-outdoor.com\/wp-content\/uploads\/2020\/01\/why2.jpg\" \/>\n<meta name=\"twitter:card\" content=\"summary_large_image\" \/>\n<meta name=\"twitter:label1\" content=\"Tiempo de lectura\" \/>\n\t<meta name=\"twitter:data1\" content=\"2 minutos\" \/>\n<script type=\"application\/ld+json\" class=\"yoast-schema-graph\">{\"@context\":\"https:\/\/schema.org\",\"@graph\":[{\"@type\":\"WebPage\",\"@id\":\"https:\/\/www.guara-outdoor.com\/es\/barranquismo-profesional\/\",\"url\":\"https:\/\/www.guara-outdoor.com\/es\/barranquismo-profesional\/\",\"name\":\"Barranquismo Profesional - Guara Outdoor\",\"isPartOf\":{\"@id\":\"https:\/\/www.guara-outdoor.com\/es\/#website\"},\"primaryImageOfPage\":{\"@id\":\"https:\/\/www.guara-outdoor.com\/es\/barranquismo-profesional\/#primaryimage\"},\"image\":{\"@id\":\"https:\/\/www.guara-outdoor.com\/es\/barranquismo-profesional\/#primaryimage\"},\"thumbnailUrl\":\"https:\/\/www.guara-outdoor.com\/wp-content\/uploads\/2020\/01\/why2-scaled.jpg\",\"datePublished\":\"2017-08-10T12:27:31+00:00\",\"dateModified\":\"2022-04-04T09:58:37+00:00\",\"breadcrumb\":{\"@id\":\"https:\/\/www.guara-outdoor.com\/es\/barranquismo-profesional\/#breadcrumb\"},\"inLanguage\":\"es\",\"potentialAction\":[{\"@type\":\"ReadAction\",\"target\":[\"https:\/\/www.guara-outdoor.com\/es\/barranquismo-profesional\/\"]}]},{\"@type\":\"ImageObject\",\"inLanguage\":\"es\",\"@id\":\"https:\/\/www.guara-outdoor.com\/es\/barranquismo-profesional\/#primaryimage\",\"url\":\"https:\/\/www.guara-outdoor.com\/wp-content\/uploads\/2020\/01\/why2-scaled.jpg\",\"contentUrl\":\"https:\/\/www.guara-outdoor.com\/wp-content\/uploads\/2020\/01\/why2-scaled.jpg\"},{\"@type\":\"BreadcrumbList\",\"@id\":\"https:\/\/www.guara-outdoor.com\/es\/barranquismo-profesional\/#breadcrumb\",\"itemListElement\":[{\"@type\":\"ListItem\",\"position\":1,\"name\":\"Accueil\",\"item\":\"https:\/\/www.guara-outdoor.com\/es\/\"},{\"@type\":\"ListItem\",\"position\":2,\"name\":\"Barranquismo Profesional\"}]},{\"@type\":\"WebSite\",\"@id\":\"https:\/\/www.guara-outdoor.com\/es\/#website\",\"url\":\"https:\/\/www.guara-outdoor.com\/es\/\",\"name\":\"Guara Outdoor\",\"description\":\"made for adventure\",\"potentialAction\":[{\"@type\":\"SearchAction\",\"target\":{\"@type\":\"EntryPoint\",\"urlTemplate\":\"https:\/\/www.guara-outdoor.com\/es\/?s={search_term_string}\"},\"query-input\":{\"@type\":\"PropertyValueSpecification\",\"valueRequired\":true,\"valueName\":\"search_term_string\"}}],\"inLanguage\":\"es\"}]}<\/script>\n<!-- \/ Yoast SEO plugin. -->","yoast_head_json":{"title":"Barranquismo Profesional - Guara Outdoor","robots":{"index":"index","follow":"follow","max-snippet":"max-snippet:-1","max-image-preview":"max-image-preview:large","max-video-preview":"max-video-preview:-1"},"canonical":"https:\/\/www.guara-outdoor.com\/es\/barranquismo-profesional\/","og_locale":"es_ES","og_type":"article","og_title":"Barranquismo Profesional - Guara Outdoor","og_description":"Bienvenido al espacio pro de GUARA &nbsp; &nbsp; &nbsp; &nbsp; En Guara, hacemos una prioridad de trabajar en colaboraci\u00f3n con profesionales del outdoor. Para\u00a0agradecerles,\u00a0les ofrecemos tarifas espec\u00edficas. &nbsp; &nbsp; &nbsp; &nbsp; \u00a0Un gu\u00eda de monta\u00f1a, de rafting y kayak, de","og_url":"https:\/\/www.guara-outdoor.com\/es\/barranquismo-profesional\/","og_site_name":"Guara Outdoor","article_modified_time":"2022-04-04T09:58:37+00:00","og_image":[{"url":"https:\/\/www.guara-outdoor.com\/wp-content\/uploads\/2020\/01\/why2.jpg","type":"","width":"","height":""}],"twitter_card":"summary_large_image","twitter_misc":{"Tiempo de lectura":"2 minutos"},"schema":{"@context":"https:\/\/schema.org","@graph":[{"@type":"WebPage","@id":"https:\/\/www.guara-outdoor.com\/es\/barranquismo-profesional\/","url":"https:\/\/www.guara-outdoor.com\/es\/barranquismo-profesional\/","name":"Barranquismo Profesional - Guara Outdoor","isPartOf":{"@id":"https:\/\/www.guara-outdoor.com\/es\/#website"},"primaryImageOfPage":{"@id":"https:\/\/www.guara-outdoor.com\/es\/barranquismo-profesional\/#primaryimage"},"image":{"@id":"https:\/\/www.guara-outdoor.com\/es\/barranquismo-profesional\/#primaryimage"},"thumbnailUrl":"https:\/\/www.guara-outdoor.com\/wp-content\/uploads\/2020\/01\/why2-scaled.jpg","datePublished":"2017-08-10T12:27:31+00:00","dateModified":"2022-04-04T09:58:37+00:00","breadcrumb":{"@id":"https:\/\/www.guara-outdoor.com\/es\/barranquismo-profesional\/#breadcrumb"},"inLanguage":"es","potentialAction":[{"@type":"ReadAction","target":["https:\/\/www.guara-outdoor.com\/es\/barranquismo-profesional\/"]}]},{"@type":"ImageObject","inLanguage":"es","@id":"https:\/\/www.guara-outdoor.com\/es\/barranquismo-profesional\/#primaryimage","url":"https:\/\/www.guara-outdoor.com\/wp-content\/uploads\/2020\/01\/why2-scaled.jpg","contentUrl":"https:\/\/www.guara-outdoor.com\/wp-content\/uploads\/2020\/01\/why2-scaled.jpg"},{"@type":"BreadcrumbList","@id":"https:\/\/www.guara-outdoor.com\/es\/barranquismo-profesional\/#breadcrumb","itemListElement":[{"@type":"ListItem","position":1,"name":"Accueil","item":"https:\/\/www.guara-outdoor.com\/es\/"},{"@type":"ListItem","position":2,"name":"Barranquismo Profesional"}]},{"@type":"WebSite","@id":"https:\/\/www.guara-outdoor.com\/es\/#website","url":"https:\/\/www.guara-outdoor.com\/es\/","name":"Guara Outdoor","description":"made for adventure","potentialAction":[{"@type":"SearchAction","target":{"@type":"EntryPoint","urlTemplate":"https:\/\/www.guara-outdoor.com\/es\/?s={search_term_string}"},"query-input":{"@type":"PropertyValueSpecification","valueRequired":true,"valueName":"search_term_string"}}],"inLanguage":"es"}]}},"_links":{"self":[{"href":"https:\/\/www.guara-outdoor.com\/es\/wp-json\/wp\/v2\/pages\/567","targetHints":{"allow":["GET"]}}],"collection":[{"href":"https:\/\/www.guara-outdoor.com\/es\/wp-json\/wp\/v2\/pages"}],"about":[{"href":"https:\/\/www.guara-outdoor.com\/es\/wp-json\/wp\/v2\/types\/page"}],"author":[{"embeddable":true,"href":"https:\/\/www.guara-outdoor.com\/es\/wp-json\/wp\/v2\/users\/1"}],"replies":[{"embeddable":true,"href":"https:\/\/www.guara-outdoor.com\/es\/wp-json\/wp\/v2\/comments?post=567"}],"version-history":[{"count":17,"href":"https:\/\/www.guara-outdoor.com\/es\/wp-json\/wp\/v2\/pages\/567\/revisions"}],"predecessor-version":[{"id":13777,"href":"https:\/\/www.guara-outdoor.com\/es\/wp-json\/wp\/v2\/pages\/567\/revisions\/13777"}],"wp:attachment":[{"href":"https:\/\/www.guara-outdoor.com\/es\/wp-json\/wp\/v2\/media?parent=567"}],"curies":[{"name":"wp","href":"https:\/\/api.w.org\/{rel}","templated":true}]}}