{"id":512,"date":"2017-10-16T15:05:29","date_gmt":"2017-10-16T13:05:29","guid":{"rendered":"https:\/\/www.guara-outdoor.com\/matieres-et-technologies\/"},"modified":"2022-04-04T11:43:52","modified_gmt":"2022-04-04T09:43:52","slug":"materiales-y-tecnologia","status":"publish","type":"page","link":"https:\/\/www.guara-outdoor.com\/es\/materiales-y-tecnologia\/","title":{"rendered":"Materiales y tecnolog\u00eda"},"content":{"rendered":"<h1>Materiales y tecnolog\u00eda<\/h1>\n<p><img fetchpriority=\"high\" decoding=\"async\" class=\"alignright size-full wp-image-371\" src=\"https:\/\/www.guara-outdoor.com\/wp-content\/uploads\/2017\/10\/matieres-et-technologies.jpg\" alt=\"\" width=\"500\" height=\"357\" srcset=\"https:\/\/www.guara-outdoor.com\/wp-content\/uploads\/2017\/10\/matieres-et-technologies.jpg 500w, https:\/\/www.guara-outdoor.com\/wp-content\/uploads\/2017\/10\/matieres-et-technologies-400x286.jpg 400w\" sizes=\"(max-width: 500px) 100vw, 500px\" \/><\/p>\n<p>El equipo Guara recoge diferentes competencias y trabaja sin parar con el fin de entregaros tejidos t\u00e9cnicos de alto rendimiento, confortables y resistentes respondiendo a las exigencias de los apasionados de los deportes de naturaleza. Hacemos una selecci\u00f3n rigurosa de los materiales que han sido probados en laboratorios independientes siguiendo las normas ISO.<\/p>\n<p>&nbsp;<\/p>\n<p>El neopreno utilizado es de alta calidad. Guara elabor\u00f3 unos refuerzos espec\u00edficos que constituidos de kevlar y poliuretano, con el fin de aumentar la longevidad de los productos. La resistencia de este material ha sido probada en laboratorios independientes para ofreceros unos productos resistentes. Todos nuestros productos son adem\u00e1s probados en sitos de pr\u00e1ctica por profesionales y aficionados.<\/p>\n<p>&nbsp;<\/p>\n<p>Un taller de fabricaci\u00f3n es integrado en nuestras oficinas y en nuestro almac\u00e9n para algunos productos hechos en Francia.<\/p>\n<p>&nbsp;<\/p>\n<p>Cuidadosos de la calidad de sus productos, Guara se compromete en utilizar materiales que respetan las normas europeas REACH y OEKO-TEX.<\/p>\n<p>&nbsp;<\/p>\n<p>Si ten\u00e9is comentarios, observaciones o ideas, no dud\u00e9is en darnos vuestra opini\u00f3n escribi\u00e9ndonos a <a href=\"https:\/\/www.guara-outdoor.com\/es\/contactar\/\">serviceclient@guara-outdoor.com<\/a>, ser\u00eda un placer de tomaros en consideraci\u00f3n.<\/p>\n<p>&nbsp;<\/p>\n<p>&nbsp;<\/p>\n<p>&nbsp;<\/p>\n<p>&nbsp;<\/p>\n","protected":false},"excerpt":{"rendered":"<p>Materiales y tecnolog\u00eda El equipo Guara recoge diferentes competencias y trabaja sin parar con el fin de entregaros tejidos t\u00e9cnicos de alto rendimiento, confortables y resistentes respondiendo a las exigencias de los apasionados de los deportes de naturaleza. Hacemos una<\/p>\n","protected":false},"author":1,"featured_media":0,"parent":0,"menu_order":0,"comment_status":"closed","ping_status":"closed","template":"","meta":{"footnotes":""},"class_list":["post-512","page","type-page","status-publish","hentry"],"acf":[],"yoast_head":"<!-- This site is optimized with the Yoast SEO plugin v27.0 - https:\/\/yoast.com\/product\/yoast-seo-wordpress\/ -->\n<title>Materiales y tecnolog\u00eda - Guara Outdoor<\/title>\n<meta name=\"robots\" content=\"index, follow, max-snippet:-1, max-image-preview:large, max-video-preview:-1\" \/>\n<link rel=\"canonical\" href=\"https:\/\/www.guara-outdoor.com\/es\/materiales-y-tecnologia\/\" \/>\n<meta property=\"og:locale\" content=\"es_ES\" \/>\n<meta property=\"og:type\" content=\"article\" \/>\n<meta property=\"og:title\" content=\"Materiales y tecnolog\u00eda - Guara Outdoor\" \/>\n<meta property=\"og:description\" content=\"Materiales y tecnolog\u00eda El equipo Guara recoge diferentes competencias y trabaja sin parar con el fin de entregaros tejidos t\u00e9cnicos de alto rendimiento, confortables y resistentes respondiendo a las exigencias de los apasionados de los deportes de naturaleza. Hacemos una\" \/>\n<meta property=\"og:url\" content=\"https:\/\/www.guara-outdoor.com\/es\/materiales-y-tecnologia\/\" \/>\n<meta property=\"og:site_name\" content=\"Guara Outdoor\" \/>\n<meta property=\"article:modified_time\" content=\"2022-04-04T09:43:52+00:00\" \/>\n<meta property=\"og:image\" content=\"https:\/\/www.guara-outdoor.com\/wp-content\/uploads\/2017\/10\/matieres-et-technologies.jpg\" \/>\n<meta name=\"twitter:card\" content=\"summary_large_image\" \/>\n<meta name=\"twitter:label1\" content=\"Tiempo de lectura\" \/>\n\t<meta name=\"twitter:data1\" content=\"2 minutos\" \/>\n<script type=\"application\/ld+json\" class=\"yoast-schema-graph\">{\"@context\":\"https:\/\/schema.org\",\"@graph\":[{\"@type\":\"WebPage\",\"@id\":\"https:\/\/www.guara-outdoor.com\/es\/materiales-y-tecnologia\/\",\"url\":\"https:\/\/www.guara-outdoor.com\/es\/materiales-y-tecnologia\/\",\"name\":\"Materiales y tecnolog\u00eda - Guara Outdoor\",\"isPartOf\":{\"@id\":\"https:\/\/www.guara-outdoor.com\/es\/#website\"},\"primaryImageOfPage\":{\"@id\":\"https:\/\/www.guara-outdoor.com\/es\/materiales-y-tecnologia\/#primaryimage\"},\"image\":{\"@id\":\"https:\/\/www.guara-outdoor.com\/es\/materiales-y-tecnologia\/#primaryimage\"},\"thumbnailUrl\":\"https:\/\/www.guara-outdoor.com\/wp-content\/uploads\/2017\/10\/matieres-et-technologies.jpg\",\"datePublished\":\"2017-10-16T13:05:29+00:00\",\"dateModified\":\"2022-04-04T09:43:52+00:00\",\"breadcrumb\":{\"@id\":\"https:\/\/www.guara-outdoor.com\/es\/materiales-y-tecnologia\/#breadcrumb\"},\"inLanguage\":\"es\",\"potentialAction\":[{\"@type\":\"ReadAction\",\"target\":[\"https:\/\/www.guara-outdoor.com\/es\/materiales-y-tecnologia\/\"]}]},{\"@type\":\"ImageObject\",\"inLanguage\":\"es\",\"@id\":\"https:\/\/www.guara-outdoor.com\/es\/materiales-y-tecnologia\/#primaryimage\",\"url\":\"https:\/\/www.guara-outdoor.com\/wp-content\/uploads\/2017\/10\/matieres-et-technologies.jpg\",\"contentUrl\":\"https:\/\/www.guara-outdoor.com\/wp-content\/uploads\/2017\/10\/matieres-et-technologies.jpg\"},{\"@type\":\"BreadcrumbList\",\"@id\":\"https:\/\/www.guara-outdoor.com\/es\/materiales-y-tecnologia\/#breadcrumb\",\"itemListElement\":[{\"@type\":\"ListItem\",\"position\":1,\"name\":\"Accueil\",\"item\":\"https:\/\/www.guara-outdoor.com\/es\/\"},{\"@type\":\"ListItem\",\"position\":2,\"name\":\"Materiales y tecnolog\u00eda\"}]},{\"@type\":\"WebSite\",\"@id\":\"https:\/\/www.guara-outdoor.com\/es\/#website\",\"url\":\"https:\/\/www.guara-outdoor.com\/es\/\",\"name\":\"Guara Outdoor\",\"description\":\"made for adventure\",\"potentialAction\":[{\"@type\":\"SearchAction\",\"target\":{\"@type\":\"EntryPoint\",\"urlTemplate\":\"https:\/\/www.guara-outdoor.com\/es\/?s={search_term_string}\"},\"query-input\":{\"@type\":\"PropertyValueSpecification\",\"valueRequired\":true,\"valueName\":\"search_term_string\"}}],\"inLanguage\":\"es\"}]}<\/script>\n<!-- \/ Yoast SEO plugin. -->","yoast_head_json":{"title":"Materiales y tecnolog\u00eda - Guara Outdoor","robots":{"index":"index","follow":"follow","max-snippet":"max-snippet:-1","max-image-preview":"max-image-preview:large","max-video-preview":"max-video-preview:-1"},"canonical":"https:\/\/www.guara-outdoor.com\/es\/materiales-y-tecnologia\/","og_locale":"es_ES","og_type":"article","og_title":"Materiales y tecnolog\u00eda - Guara Outdoor","og_description":"Materiales y tecnolog\u00eda El equipo Guara recoge diferentes competencias y trabaja sin parar con el fin de entregaros tejidos t\u00e9cnicos de alto rendimiento, confortables y resistentes respondiendo a las exigencias de los apasionados de los deportes de naturaleza. Hacemos una","og_url":"https:\/\/www.guara-outdoor.com\/es\/materiales-y-tecnologia\/","og_site_name":"Guara Outdoor","article_modified_time":"2022-04-04T09:43:52+00:00","og_image":[{"url":"https:\/\/www.guara-outdoor.com\/wp-content\/uploads\/2017\/10\/matieres-et-technologies.jpg","type":"","width":"","height":""}],"twitter_card":"summary_large_image","twitter_misc":{"Tiempo de lectura":"2 minutos"},"schema":{"@context":"https:\/\/schema.org","@graph":[{"@type":"WebPage","@id":"https:\/\/www.guara-outdoor.com\/es\/materiales-y-tecnologia\/","url":"https:\/\/www.guara-outdoor.com\/es\/materiales-y-tecnologia\/","name":"Materiales y tecnolog\u00eda - Guara Outdoor","isPartOf":{"@id":"https:\/\/www.guara-outdoor.com\/es\/#website"},"primaryImageOfPage":{"@id":"https:\/\/www.guara-outdoor.com\/es\/materiales-y-tecnologia\/#primaryimage"},"image":{"@id":"https:\/\/www.guara-outdoor.com\/es\/materiales-y-tecnologia\/#primaryimage"},"thumbnailUrl":"https:\/\/www.guara-outdoor.com\/wp-content\/uploads\/2017\/10\/matieres-et-technologies.jpg","datePublished":"2017-10-16T13:05:29+00:00","dateModified":"2022-04-04T09:43:52+00:00","breadcrumb":{"@id":"https:\/\/www.guara-outdoor.com\/es\/materiales-y-tecnologia\/#breadcrumb"},"inLanguage":"es","potentialAction":[{"@type":"ReadAction","target":["https:\/\/www.guara-outdoor.com\/es\/materiales-y-tecnologia\/"]}]},{"@type":"ImageObject","inLanguage":"es","@id":"https:\/\/www.guara-outdoor.com\/es\/materiales-y-tecnologia\/#primaryimage","url":"https:\/\/www.guara-outdoor.com\/wp-content\/uploads\/2017\/10\/matieres-et-technologies.jpg","contentUrl":"https:\/\/www.guara-outdoor.com\/wp-content\/uploads\/2017\/10\/matieres-et-technologies.jpg"},{"@type":"BreadcrumbList","@id":"https:\/\/www.guara-outdoor.com\/es\/materiales-y-tecnologia\/#breadcrumb","itemListElement":[{"@type":"ListItem","position":1,"name":"Accueil","item":"https:\/\/www.guara-outdoor.com\/es\/"},{"@type":"ListItem","position":2,"name":"Materiales y tecnolog\u00eda"}]},{"@type":"WebSite","@id":"https:\/\/www.guara-outdoor.com\/es\/#website","url":"https:\/\/www.guara-outdoor.com\/es\/","name":"Guara Outdoor","description":"made for adventure","potentialAction":[{"@type":"SearchAction","target":{"@type":"EntryPoint","urlTemplate":"https:\/\/www.guara-outdoor.com\/es\/?s={search_term_string}"},"query-input":{"@type":"PropertyValueSpecification","valueRequired":true,"valueName":"search_term_string"}}],"inLanguage":"es"}]}},"_links":{"self":[{"href":"https:\/\/www.guara-outdoor.com\/es\/wp-json\/wp\/v2\/pages\/512","targetHints":{"allow":["GET"]}}],"collection":[{"href":"https:\/\/www.guara-outdoor.com\/es\/wp-json\/wp\/v2\/pages"}],"about":[{"href":"https:\/\/www.guara-outdoor.com\/es\/wp-json\/wp\/v2\/types\/page"}],"author":[{"embeddable":true,"href":"https:\/\/www.guara-outdoor.com\/es\/wp-json\/wp\/v2\/users\/1"}],"replies":[{"embeddable":true,"href":"https:\/\/www.guara-outdoor.com\/es\/wp-json\/wp\/v2\/comments?post=512"}],"version-history":[{"count":6,"href":"https:\/\/www.guara-outdoor.com\/es\/wp-json\/wp\/v2\/pages\/512\/revisions"}],"predecessor-version":[{"id":13773,"href":"https:\/\/www.guara-outdoor.com\/es\/wp-json\/wp\/v2\/pages\/512\/revisions\/13773"}],"wp:attachment":[{"href":"https:\/\/www.guara-outdoor.com\/es\/wp-json\/wp\/v2\/media?parent=512"}],"curies":[{"name":"wp","href":"https:\/\/api.w.org\/{rel}","templated":true}]}}