{"id":506,"date":"2017-10-12T15:39:08","date_gmt":"2017-10-12T13:39:08","guid":{"rendered":"https:\/\/www.guara-outdoor.com\/mentions-legales\/"},"modified":"2022-04-04T11:33:40","modified_gmt":"2022-04-04T09:33:40","slug":"menciones-legales","status":"publish","type":"page","link":"https:\/\/www.guara-outdoor.com\/es\/menciones-legales\/","title":{"rendered":"Menciones legales"},"content":{"rendered":"<h1><strong><b>Menciones legales<\/b><\/strong><\/h1>\n<p><strong>\u00a0<\/strong><\/p>\n<h2><strong>EDITOR:<\/strong><\/h2>\n<p>SASU GUARA<\/p>\n<p>Con el capital de 15 000 euros<\/p>\n<p>Direcci\u00f3n postal: : Guara,\u00a0 2 All\u00e9e Roca &#8211; Rostain, 66500 Noh\u00e8des Prades &#8211; France<\/p>\n<p>Telef\u00f3no: +33(0)612828120<\/p>\n<p>E-mail: serviceclient@guara-outdoor.com<\/p>\n<p>RCS Perpi\u00f1\u00e1n: 830 263 257<\/p>\n<p>IVA intracomunitario: fr 18830263257<\/p>\n<p>&nbsp;<\/p>\n<p>Cr\u00e9dito Fotogr\u00e1fico: Guara, Gaultier Dumont<\/p>\n<p>Creaci\u00f3n Gr\u00e1fica:\u00a0PINKEO<\/p>\n<p>Realizaci\u00f3n t\u00e9cnica: PINKEO<\/p>\n<p>&nbsp;<\/p>\n<p>Director de publicaci\u00f3n: Solange Cottin<\/p>\n<p>&nbsp;<\/p>\n<p>&nbsp;<\/p>\n<h2><strong><b>ALOJAMIENTO Y SEGURIDAD:<\/b><\/strong><\/h2>\n<p>Alojador: OVH<\/p>\n<p>Su con el capital de 10 000 000\u00a0 RCS Roubaix &#8211; Tourcoing 424 761 419 00045<\/p>\n<p>C\u00f3digo APE 6202A &#8211; N \u00b0 de IVA: fr 22 424 761 419<\/p>\n<p>Sede social : 2 calle Kellermann 59100 tipos de Roubaix \u2013 Francia<\/p>\n<p>&nbsp;<\/p>\n<h2><strong><b>Derechos de propiedad intelectual:<\/b><\/strong><\/h2>\n<p>La sociedad GUARA es propietaria del conjunto de los contenidos difundidos sobre este sitio (imagen, v\u00eddeo, sonido, texto, estilo de dibujos, logotipo\u2026), son protegidos por la legislaci\u00f3n vigente en Francia por lo de propiedad intelectual y particularmente, el derecho de autor, los derechos vecinos, el derecho de marca. Todos los derechos de reproducci\u00f3n son reservados, incluso para los documentos descargables y las representaciones iconogr\u00e1ficas y fotogr\u00e1ficas. Menos una autorizaci\u00f3n escrita de la sociedad GUARA, es prohibido explotar estos contenidos y reproducirlos, representarlos, modificarlos\u00a0 o adaptarlos totalmente o parcialmente.<\/p>\n<p>Toda explotaci\u00f3n no autorizada del sitio o de cualquier elemento que contiene estar\u00e1 considerada como una falsificaci\u00f3n y ser\u00e1 perseguida conforme a las disposiciones del art\u00edculo L.335-2 y siguiente, del C\u00f3digo de Propiedad intelectual.<\/p>\n<p>&nbsp;<\/p>\n<p>&nbsp;<\/p>\n<p><strong>GUARA \u00ae ES UNA MARCA REGISTRADA<\/strong><\/p>\n<p>&nbsp;<\/p>\n<h2><strong><b>Gesti\u00f3n de los datos personales:<\/b><\/strong><\/h2>\n<p>www.Guara-outdoor.com se compromete en preservar la confidencialidad de las informaciones eventualmente\u00a0 facilitadas en la web por el internauta. Toda informaci\u00f3n personal que el internauta transmitir\u00e1 a www.guara-outdoor.com para la utilizaci\u00f3n de algunos servicios est\u00e1 sometida a las disposiciones de la Ley n \u00b0 78-17 Inform\u00e1tica y Libertades del 06-01-1978.<\/p>\n<p>De hecho, el internauta dispone de un derecho de acceso, de rectificaci\u00f3n y de supresi\u00f3n de las informaciones personales sobrescrita, y lo puede ejercer en cualquier momento enviando un correo a la direcci\u00f3n siguiente:<\/p>\n<p>&nbsp;<\/p>\n<p>Guara, 2 All\u00e9e Anna Roca &#8211; Rostqin, 66500 Prades<\/p>\n<p>O por mail:serviceclient@guara-outdoor.com<\/p>\n<p>El sitio es declarado al CNIL bajo el n\u00famero\u00a02113386<\/p>\n<p>&nbsp;<\/p>\n<h2><\/h2>\n<h2><strong><b>Hiperv\u00ednculos:<\/b><\/strong><\/h2>\n<p>Los hiperv\u00ednculos puestos en ejecuci\u00f3n con con destino a otros sitios no sabr\u00edan comprometer la responsabilidad de GUARA, esta no tiene control sobre los contenidos de estos sitios. GUARA pone todo en ejecuci\u00f3n para ofrecerles herramientas disponibles y las informaciones fiables. No obstante, GUARA no puede garantizar la exactitud, la completitud y la actualizaci\u00f3n de las informaciones proporcionadas, as\u00ed como la disponibilidad de estas herramientas. En consecuencia, la responsabilidad de GUARA no podr\u00e1 ser comprometida por la utilizaci\u00f3n de las informaciones surtidas y\\o de las herramientas disponibles sobre este sitio.<\/p>\n<p>&nbsp;<\/p>\n<h2><strong><b>Advertencias y recuerdos:<\/b><\/strong><\/h2>\n<p>La edici\u00f3n electr\u00f3nica del cat\u00e1logo y los productos presentados no son contractuales.<\/p>\n<p>Con la preocupaci\u00f3n constante de mejoramiento, GUARA se reserva el derecho de modificar las caracter\u00edsticas y el precio de los art\u00edculos presentados.<\/p>\n<p>Nuestras ofertas dependen de las existencias disponibles.<\/p>\n<p>Nuestros precios est\u00e1n establecidos incluyendo\u00a0 IVA y garantizados, salvo error de composici\u00f3n y con la reserva de posibles variaciones de las tasas de IVA o para los art\u00edculos importados.<\/p>\n","protected":false},"excerpt":{"rendered":"<p>Menciones legales \u00a0 EDITOR: SASU GUARA Con el capital de 15 000 euros Direcci\u00f3n postal: : Guara,\u00a0 2 All\u00e9e Roca &#8211; Rostain, 66500 Noh\u00e8des Prades &#8211; France Telef\u00f3no: +33(0)612828120 E-mail: serviceclient@guara-outdoor.com RCS Perpi\u00f1\u00e1n: 830 263 257 IVA intracomunitario: fr 18830263257<\/p>\n","protected":false},"author":1,"featured_media":0,"parent":0,"menu_order":0,"comment_status":"closed","ping_status":"closed","template":"","meta":{"footnotes":""},"class_list":["post-506","page","type-page","status-publish","hentry"],"acf":[],"yoast_head":"<!-- This site is optimized with the Yoast SEO plugin v27.0 - https:\/\/yoast.com\/product\/yoast-seo-wordpress\/ -->\n<title>Menciones legales - Guara Outdoor<\/title>\n<meta name=\"robots\" content=\"index, follow, max-snippet:-1, max-image-preview:large, max-video-preview:-1\" \/>\n<link rel=\"canonical\" href=\"https:\/\/www.guara-outdoor.com\/es\/menciones-legales\/\" \/>\n<meta property=\"og:locale\" content=\"es_ES\" \/>\n<meta property=\"og:type\" content=\"article\" \/>\n<meta property=\"og:title\" content=\"Menciones legales - Guara Outdoor\" \/>\n<meta property=\"og:description\" content=\"Menciones legales \u00a0 EDITOR: SASU GUARA Con el capital de 15 000 euros Direcci\u00f3n postal: : Guara,\u00a0 2 All\u00e9e Roca &#8211; Rostain, 66500 Noh\u00e8des Prades &#8211; France Telef\u00f3no: +33(0)612828120 E-mail: serviceclient@guara-outdoor.com RCS Perpi\u00f1\u00e1n: 830 263 257 IVA intracomunitario: fr 18830263257\" \/>\n<meta property=\"og:url\" content=\"https:\/\/www.guara-outdoor.com\/es\/menciones-legales\/\" \/>\n<meta property=\"og:site_name\" content=\"Guara Outdoor\" \/>\n<meta property=\"article:modified_time\" content=\"2022-04-04T09:33:40+00:00\" \/>\n<meta name=\"twitter:card\" content=\"summary_large_image\" \/>\n<meta name=\"twitter:label1\" content=\"Tiempo de lectura\" \/>\n\t<meta name=\"twitter:data1\" content=\"3 minutos\" \/>\n<script type=\"application\/ld+json\" class=\"yoast-schema-graph\">{\"@context\":\"https:\/\/schema.org\",\"@graph\":[{\"@type\":\"WebPage\",\"@id\":\"https:\/\/www.guara-outdoor.com\/es\/menciones-legales\/\",\"url\":\"https:\/\/www.guara-outdoor.com\/es\/menciones-legales\/\",\"name\":\"Menciones legales - Guara Outdoor\",\"isPartOf\":{\"@id\":\"https:\/\/www.guara-outdoor.com\/es\/#website\"},\"datePublished\":\"2017-10-12T13:39:08+00:00\",\"dateModified\":\"2022-04-04T09:33:40+00:00\",\"breadcrumb\":{\"@id\":\"https:\/\/www.guara-outdoor.com\/es\/menciones-legales\/#breadcrumb\"},\"inLanguage\":\"es\",\"potentialAction\":[{\"@type\":\"ReadAction\",\"target\":[\"https:\/\/www.guara-outdoor.com\/es\/menciones-legales\/\"]}]},{\"@type\":\"BreadcrumbList\",\"@id\":\"https:\/\/www.guara-outdoor.com\/es\/menciones-legales\/#breadcrumb\",\"itemListElement\":[{\"@type\":\"ListItem\",\"position\":1,\"name\":\"Accueil\",\"item\":\"https:\/\/www.guara-outdoor.com\/es\/\"},{\"@type\":\"ListItem\",\"position\":2,\"name\":\"Menciones legales\"}]},{\"@type\":\"WebSite\",\"@id\":\"https:\/\/www.guara-outdoor.com\/es\/#website\",\"url\":\"https:\/\/www.guara-outdoor.com\/es\/\",\"name\":\"Guara Outdoor\",\"description\":\"made for adventure\",\"potentialAction\":[{\"@type\":\"SearchAction\",\"target\":{\"@type\":\"EntryPoint\",\"urlTemplate\":\"https:\/\/www.guara-outdoor.com\/es\/?s={search_term_string}\"},\"query-input\":{\"@type\":\"PropertyValueSpecification\",\"valueRequired\":true,\"valueName\":\"search_term_string\"}}],\"inLanguage\":\"es\"}]}<\/script>\n<!-- \/ Yoast SEO plugin. -->","yoast_head_json":{"title":"Menciones legales - Guara Outdoor","robots":{"index":"index","follow":"follow","max-snippet":"max-snippet:-1","max-image-preview":"max-image-preview:large","max-video-preview":"max-video-preview:-1"},"canonical":"https:\/\/www.guara-outdoor.com\/es\/menciones-legales\/","og_locale":"es_ES","og_type":"article","og_title":"Menciones legales - Guara Outdoor","og_description":"Menciones legales \u00a0 EDITOR: SASU GUARA Con el capital de 15 000 euros Direcci\u00f3n postal: : Guara,\u00a0 2 All\u00e9e Roca &#8211; Rostain, 66500 Noh\u00e8des Prades &#8211; France Telef\u00f3no: +33(0)612828120 E-mail: serviceclient@guara-outdoor.com RCS Perpi\u00f1\u00e1n: 830 263 257 IVA intracomunitario: fr 18830263257","og_url":"https:\/\/www.guara-outdoor.com\/es\/menciones-legales\/","og_site_name":"Guara Outdoor","article_modified_time":"2022-04-04T09:33:40+00:00","twitter_card":"summary_large_image","twitter_misc":{"Tiempo de lectura":"3 minutos"},"schema":{"@context":"https:\/\/schema.org","@graph":[{"@type":"WebPage","@id":"https:\/\/www.guara-outdoor.com\/es\/menciones-legales\/","url":"https:\/\/www.guara-outdoor.com\/es\/menciones-legales\/","name":"Menciones legales - Guara Outdoor","isPartOf":{"@id":"https:\/\/www.guara-outdoor.com\/es\/#website"},"datePublished":"2017-10-12T13:39:08+00:00","dateModified":"2022-04-04T09:33:40+00:00","breadcrumb":{"@id":"https:\/\/www.guara-outdoor.com\/es\/menciones-legales\/#breadcrumb"},"inLanguage":"es","potentialAction":[{"@type":"ReadAction","target":["https:\/\/www.guara-outdoor.com\/es\/menciones-legales\/"]}]},{"@type":"BreadcrumbList","@id":"https:\/\/www.guara-outdoor.com\/es\/menciones-legales\/#breadcrumb","itemListElement":[{"@type":"ListItem","position":1,"name":"Accueil","item":"https:\/\/www.guara-outdoor.com\/es\/"},{"@type":"ListItem","position":2,"name":"Menciones legales"}]},{"@type":"WebSite","@id":"https:\/\/www.guara-outdoor.com\/es\/#website","url":"https:\/\/www.guara-outdoor.com\/es\/","name":"Guara Outdoor","description":"made for adventure","potentialAction":[{"@type":"SearchAction","target":{"@type":"EntryPoint","urlTemplate":"https:\/\/www.guara-outdoor.com\/es\/?s={search_term_string}"},"query-input":{"@type":"PropertyValueSpecification","valueRequired":true,"valueName":"search_term_string"}}],"inLanguage":"es"}]}},"_links":{"self":[{"href":"https:\/\/www.guara-outdoor.com\/es\/wp-json\/wp\/v2\/pages\/506","targetHints":{"allow":["GET"]}}],"collection":[{"href":"https:\/\/www.guara-outdoor.com\/es\/wp-json\/wp\/v2\/pages"}],"about":[{"href":"https:\/\/www.guara-outdoor.com\/es\/wp-json\/wp\/v2\/types\/page"}],"author":[{"embeddable":true,"href":"https:\/\/www.guara-outdoor.com\/es\/wp-json\/wp\/v2\/users\/1"}],"replies":[{"embeddable":true,"href":"https:\/\/www.guara-outdoor.com\/es\/wp-json\/wp\/v2\/comments?post=506"}],"version-history":[{"count":7,"href":"https:\/\/www.guara-outdoor.com\/es\/wp-json\/wp\/v2\/pages\/506\/revisions"}],"predecessor-version":[{"id":13767,"href":"https:\/\/www.guara-outdoor.com\/es\/wp-json\/wp\/v2\/pages\/506\/revisions\/13767"}],"wp:attachment":[{"href":"https:\/\/www.guara-outdoor.com\/es\/wp-json\/wp\/v2\/media?parent=506"}],"curies":[{"name":"wp","href":"https:\/\/api.w.org\/{rel}","templated":true}]}}