{"id":494,"date":"2017-07-25T11:35:23","date_gmt":"2017-07-25T09:35:23","guid":{"rendered":"https:\/\/www.guara-outdoor.com\/faq\/"},"modified":"2022-04-04T12:25:07","modified_gmt":"2022-04-04T10:25:07","slug":"faq","status":"publish","type":"page","link":"https:\/\/www.guara-outdoor.com\/es\/faq\/","title":{"rendered":"FAQ"},"content":{"rendered":"<h1>Preguntas frecuentes<\/h1>\n<h2>Tama\u00f1os<\/h2>\n<p><strong>\u00bfC\u00f3mo elegir el tama\u00f1o de mis art\u00edculos?<\/strong><\/p>\n<p>Consulte la tabla \u00ab\u00a0<a href=\"https:\/\/www.guara-outdoor.com\/es\/guia-de-tallas\/\">guia de tallas<\/a>\u00a0\u00bb y siga las instrucciones. Enlace<\/p>\n<h2>Mantenimiento \/ Servicio<\/h2>\n<p><strong><em>\u00bfCu\u00e1l es la garant\u00eda para los art\u00edculos GUARA?<\/em><\/strong><\/p>\n<p>Los art\u00edculos Guara est\u00e1n garantizados, en las condiciones indicadas en la \u00ab\u00a0<a href=\"https:\/\/www.guara-outdoor.com\/es\/garantia\/\">garant\u00eda\u00a0<\/a>\u00bb.<\/p>\n<h2>Env\u00edos<\/h2>\n<p><em><strong>\u00bfQu\u00e9 pasa si no he recibido mi pedido?<\/strong><\/em><\/p>\n<p>Si usted no ha recibido su pedido despu\u00e9s de 10 d\u00edas, usted puede ir a la \u00ab\u00a0<a href=\"https:\/\/www.guara-outdoor.com\/es\/mi-cuenta\/\">seguimiento de pedidos\u00a0<\/a>\u00bb o ponerse en contacto con el\u00a0<a href=\"https:\/\/www.guara-outdoor.com\/es\/contactar\/\">servicelient@guara-outdoor.com.<\/a><\/p>\n<h2>Localizador de tiendas<\/h2>\n<p><em><strong>\u00bfD\u00f3nde puedo encontrar un art\u00edculo GUARA?<\/strong><\/em><br \/>\nUna lista de los puntos de venta asociados de la p\u00e1gina de inicio si no haga\u00a0<a href=\"https:\/\/www.guara-outdoor.com\/es\/encuentranos-en-la-tienda\/\">clic aqu\u00ed<\/a>. Enlaces<\/p>\n<h2>Expedicion y sponsors<\/h2>\n<p><em><strong>Ya est\u00e1 listo para ir de \u00abexpedici\u00f3n\u00bb y ser\u00eda patrocinado por GUARA. \u00bfC\u00f3mo proceder?<\/strong><\/em><br \/>\nPuede enviar un archivo con GUARA y estudiaremos detenidamente.<\/p>\n<h2>Profesional<\/h2>\n<p><em><strong>\u00bfHay un espacio para los profesionales?<\/strong><\/em><\/p>\n<p>Consulte la pesta\u00f1a \u00ab <a href=\"https:\/\/www.guara-outdoor.com\/es\/barranquismo-profesional\/\">barranquismo professional\u00a0<\/a>\u00bb y registrarse con el fin de conocer nuestras tarifas profesionales.<\/p>\n<h2>Contacto<\/h2>\n<p><em><strong>\u00bfC\u00f3mo puedo seguir las noticias \u00abGUARA\u00bb?<\/strong><\/em><br \/>\nPuede encontrarnos en<\/p>\n<ul>\n<li><a href=\"https:\/\/www.facebook.com\/guaraoutdoorexpert\/\" target=\"_blank\" rel=\"noopener\">Facebook<\/a><\/li>\n<li><a href=\"https:\/\/www.youtube.com\/channel\/UC2Fyj_pblQcpoPrRMUx50eA\" target=\"_blank\" rel=\"noopener\">Youtube<\/a><\/li>\n<li><a href=\"https:\/\/www.pinterest.fr\/guara0661\/pins\/\" target=\"_blank\" rel=\"noopener\">Pinterest<\/a><\/li>\n<li><a href=\"https:\/\/twitter.com\/Guara_Outdoor\" target=\"_blank\" rel=\"noopener\">Twitter<\/a><\/li>\n<\/ul>\n","protected":false},"excerpt":{"rendered":"<p>Preguntas frecuentes Tama\u00f1os \u00bfC\u00f3mo elegir el tama\u00f1o de mis art\u00edculos? Consulte la tabla \u00ab\u00a0guia de tallas\u00a0\u00bb y siga las instrucciones. Enlace Mantenimiento \/ Servicio \u00bfCu\u00e1l es la garant\u00eda para los art\u00edculos GUARA? Los art\u00edculos Guara est\u00e1n garantizados, en las condiciones<\/p>\n","protected":false},"author":1,"featured_media":0,"parent":0,"menu_order":0,"comment_status":"closed","ping_status":"closed","template":"","meta":{"footnotes":""},"class_list":["post-494","page","type-page","status-publish","hentry"],"acf":[],"yoast_head":"<!-- This site is optimized with the Yoast SEO plugin v27.0 - https:\/\/yoast.com\/product\/yoast-seo-wordpress\/ -->\n<title>FAQ - Guara Outdoor<\/title>\n<meta name=\"robots\" content=\"index, follow, max-snippet:-1, max-image-preview:large, max-video-preview:-1\" \/>\n<link rel=\"canonical\" href=\"https:\/\/www.guara-outdoor.com\/es\/faq\/\" \/>\n<meta property=\"og:locale\" content=\"es_ES\" \/>\n<meta property=\"og:type\" content=\"article\" \/>\n<meta property=\"og:title\" content=\"FAQ - Guara Outdoor\" \/>\n<meta property=\"og:description\" content=\"Preguntas frecuentes Tama\u00f1os \u00bfC\u00f3mo elegir el tama\u00f1o de mis art\u00edculos? Consulte la tabla \u00ab\u00a0guia de tallas\u00a0\u00bb y siga las instrucciones. Enlace Mantenimiento \/ Servicio \u00bfCu\u00e1l es la garant\u00eda para los art\u00edculos GUARA? Los art\u00edculos Guara est\u00e1n garantizados, en las condiciones\" \/>\n<meta property=\"og:url\" content=\"https:\/\/www.guara-outdoor.com\/es\/faq\/\" \/>\n<meta property=\"og:site_name\" content=\"Guara Outdoor\" \/>\n<meta property=\"article:modified_time\" content=\"2022-04-04T10:25:07+00:00\" \/>\n<meta name=\"twitter:card\" content=\"summary_large_image\" \/>\n<meta name=\"twitter:label1\" content=\"Tiempo de lectura\" \/>\n\t<meta name=\"twitter:data1\" content=\"1 minuto\" \/>\n<script type=\"application\/ld+json\" class=\"yoast-schema-graph\">{\"@context\":\"https:\/\/schema.org\",\"@graph\":[{\"@type\":\"WebPage\",\"@id\":\"https:\/\/www.guara-outdoor.com\/es\/faq\/\",\"url\":\"https:\/\/www.guara-outdoor.com\/es\/faq\/\",\"name\":\"FAQ - Guara Outdoor\",\"isPartOf\":{\"@id\":\"https:\/\/www.guara-outdoor.com\/es\/#website\"},\"datePublished\":\"2017-07-25T09:35:23+00:00\",\"dateModified\":\"2022-04-04T10:25:07+00:00\",\"breadcrumb\":{\"@id\":\"https:\/\/www.guara-outdoor.com\/es\/faq\/#breadcrumb\"},\"inLanguage\":\"es\",\"potentialAction\":[{\"@type\":\"ReadAction\",\"target\":[\"https:\/\/www.guara-outdoor.com\/es\/faq\/\"]}]},{\"@type\":\"BreadcrumbList\",\"@id\":\"https:\/\/www.guara-outdoor.com\/es\/faq\/#breadcrumb\",\"itemListElement\":[{\"@type\":\"ListItem\",\"position\":1,\"name\":\"Accueil\",\"item\":\"https:\/\/www.guara-outdoor.com\/es\/\"},{\"@type\":\"ListItem\",\"position\":2,\"name\":\"FAQ\"}]},{\"@type\":\"WebSite\",\"@id\":\"https:\/\/www.guara-outdoor.com\/es\/#website\",\"url\":\"https:\/\/www.guara-outdoor.com\/es\/\",\"name\":\"Guara Outdoor\",\"description\":\"made for adventure\",\"potentialAction\":[{\"@type\":\"SearchAction\",\"target\":{\"@type\":\"EntryPoint\",\"urlTemplate\":\"https:\/\/www.guara-outdoor.com\/es\/?s={search_term_string}\"},\"query-input\":{\"@type\":\"PropertyValueSpecification\",\"valueRequired\":true,\"valueName\":\"search_term_string\"}}],\"inLanguage\":\"es\"}]}<\/script>\n<!-- \/ Yoast SEO plugin. -->","yoast_head_json":{"title":"FAQ - Guara Outdoor","robots":{"index":"index","follow":"follow","max-snippet":"max-snippet:-1","max-image-preview":"max-image-preview:large","max-video-preview":"max-video-preview:-1"},"canonical":"https:\/\/www.guara-outdoor.com\/es\/faq\/","og_locale":"es_ES","og_type":"article","og_title":"FAQ - Guara Outdoor","og_description":"Preguntas frecuentes Tama\u00f1os \u00bfC\u00f3mo elegir el tama\u00f1o de mis art\u00edculos? Consulte la tabla \u00ab\u00a0guia de tallas\u00a0\u00bb y siga las instrucciones. Enlace Mantenimiento \/ Servicio \u00bfCu\u00e1l es la garant\u00eda para los art\u00edculos GUARA? Los art\u00edculos Guara est\u00e1n garantizados, en las condiciones","og_url":"https:\/\/www.guara-outdoor.com\/es\/faq\/","og_site_name":"Guara Outdoor","article_modified_time":"2022-04-04T10:25:07+00:00","twitter_card":"summary_large_image","twitter_misc":{"Tiempo de lectura":"1 minuto"},"schema":{"@context":"https:\/\/schema.org","@graph":[{"@type":"WebPage","@id":"https:\/\/www.guara-outdoor.com\/es\/faq\/","url":"https:\/\/www.guara-outdoor.com\/es\/faq\/","name":"FAQ - Guara Outdoor","isPartOf":{"@id":"https:\/\/www.guara-outdoor.com\/es\/#website"},"datePublished":"2017-07-25T09:35:23+00:00","dateModified":"2022-04-04T10:25:07+00:00","breadcrumb":{"@id":"https:\/\/www.guara-outdoor.com\/es\/faq\/#breadcrumb"},"inLanguage":"es","potentialAction":[{"@type":"ReadAction","target":["https:\/\/www.guara-outdoor.com\/es\/faq\/"]}]},{"@type":"BreadcrumbList","@id":"https:\/\/www.guara-outdoor.com\/es\/faq\/#breadcrumb","itemListElement":[{"@type":"ListItem","position":1,"name":"Accueil","item":"https:\/\/www.guara-outdoor.com\/es\/"},{"@type":"ListItem","position":2,"name":"FAQ"}]},{"@type":"WebSite","@id":"https:\/\/www.guara-outdoor.com\/es\/#website","url":"https:\/\/www.guara-outdoor.com\/es\/","name":"Guara Outdoor","description":"made for adventure","potentialAction":[{"@type":"SearchAction","target":{"@type":"EntryPoint","urlTemplate":"https:\/\/www.guara-outdoor.com\/es\/?s={search_term_string}"},"query-input":{"@type":"PropertyValueSpecification","valueRequired":true,"valueName":"search_term_string"}}],"inLanguage":"es"}]}},"_links":{"self":[{"href":"https:\/\/www.guara-outdoor.com\/es\/wp-json\/wp\/v2\/pages\/494","targetHints":{"allow":["GET"]}}],"collection":[{"href":"https:\/\/www.guara-outdoor.com\/es\/wp-json\/wp\/v2\/pages"}],"about":[{"href":"https:\/\/www.guara-outdoor.com\/es\/wp-json\/wp\/v2\/types\/page"}],"author":[{"embeddable":true,"href":"https:\/\/www.guara-outdoor.com\/es\/wp-json\/wp\/v2\/users\/1"}],"replies":[{"embeddable":true,"href":"https:\/\/www.guara-outdoor.com\/es\/wp-json\/wp\/v2\/comments?post=494"}],"version-history":[{"count":14,"href":"https:\/\/www.guara-outdoor.com\/es\/wp-json\/wp\/v2\/pages\/494\/revisions"}],"predecessor-version":[{"id":1548,"href":"https:\/\/www.guara-outdoor.com\/es\/wp-json\/wp\/v2\/pages\/494\/revisions\/1548"}],"wp:attachment":[{"href":"https:\/\/www.guara-outdoor.com\/es\/wp-json\/wp\/v2\/media?parent=494"}],"curies":[{"name":"wp","href":"https:\/\/api.w.org\/{rel}","templated":true}]}}