{"id":1086,"date":"2018-01-04T14:22:02","date_gmt":"2018-01-04T13:22:02","guid":{"rendered":"https:\/\/www.guara-outdoor.com\/nos-partenaires\/"},"modified":"2022-04-04T12:00:29","modified_gmt":"2022-04-04T10:00:29","slug":"nuestros-asociados","status":"publish","type":"page","link":"https:\/\/www.guara-outdoor.com\/es\/nuestros-asociados\/","title":{"rendered":"Nuestros asociados"},"content":{"rendered":"<h1>Nuestros asociados<\/h1>\n<p style=\"text-align: left\">Los productos han sido seleccionados por los profesionales del barranquismo porque corresponden a los criterios rigurosos de utilizaci\u00f3n de su profesi\u00f3n.\u00a0Guara\u00a0es el fabricante de equipos privilegiado de los gu\u00edas y le propone toda una gama de productos espec\u00edficos y t\u00e9cnicos, en neopreno, kevlar, poliuretano \u2026 Conf\u00edan en nosotros:<\/p>\n<p><a href=\"https:\/\/www.entreterreeteau.com\"><img decoding=\"async\" class=\"alignnone wp-image-1513\" src=\"https:\/\/www.guara-outdoor.com\/wp-content\/uploads\/2018\/01\/terre_eau_rectangle-1.jpg\" alt=\"\" width=\"133\" height=\"117\" srcset=\"https:\/\/www.guara-outdoor.com\/wp-content\/uploads\/2018\/01\/terre_eau_rectangle-1.jpg 1000w, https:\/\/www.guara-outdoor.com\/wp-content\/uploads\/2018\/01\/terre_eau_rectangle-1-400x352.jpg 400w\" sizes=\"(max-width: 133px) 100vw, 133px\" \/>\u00a0\u00a0\u00a0<\/a><a href=\"http:\/\/explo.fr\/canyon-ardeche\/\"><img decoding=\"async\" class=\"alignnone wp-image-1718\" src=\"https:\/\/www.guara-outdoor.com\/wp-content\/uploads\/2018\/07\/logo-explo.jpg\" alt=\"\" width=\"154\" height=\"119\" srcset=\"https:\/\/www.guara-outdoor.com\/wp-content\/uploads\/2018\/07\/logo-explo.jpg 1181w, https:\/\/www.guara-outdoor.com\/wp-content\/uploads\/2018\/07\/logo-explo-400x311.jpg 400w, https:\/\/www.guara-outdoor.com\/wp-content\/uploads\/2018\/07\/logo-explo-300x233.jpg 300w, https:\/\/www.guara-outdoor.com\/wp-content\/uploads\/2018\/07\/logo-explo-768x597.jpg 768w, https:\/\/www.guara-outdoor.com\/wp-content\/uploads\/2018\/07\/logo-explo-1024x796.jpg 1024w\" sizes=\"(max-width: 154px) 100vw, 154px\" \/><\/a><a href=\"https:\/\/www.entreterreeteau.com\">\u00a0\u00a0\u00a0<\/a><a href=\"http:\/\/cap-oupakap-nature.fr\/\"><img decoding=\"async\" class=\"alignnone wp-image-1706 \" src=\"https:\/\/www.guara-outdoor.com\/wp-content\/uploads\/2018\/07\/cap-oupakap-nature-scaled.jpg\" alt=\"\" width=\"142\" height=\"129\" \/>\u00a0\u00a0\u00a0<\/a><a href=\"https:\/\/www.kathaayatraa.fr\/\"><img loading=\"lazy\" decoding=\"async\" class=\"alignnone wp-image-1699 size-full\" src=\"https:\/\/www.guara-outdoor.com\/wp-content\/uploads\/2018\/07\/kathaayatraa.jpg\" alt=\"\" width=\"278\" height=\"81\" \/><\/a><\/p>\n","protected":false},"excerpt":{"rendered":"<p>Nuestros asociados Los productos han sido seleccionados por los profesionales del barranquismo porque corresponden a los criterios rigurosos de utilizaci\u00f3n de su profesi\u00f3n.\u00a0Guara\u00a0es el fabricante de equipos privilegiado de los gu\u00edas y le propone toda una gama de productos espec\u00edficos<\/p>\n","protected":false},"author":1,"featured_media":0,"parent":0,"menu_order":0,"comment_status":"closed","ping_status":"closed","template":"","meta":{"footnotes":""},"class_list":["post-1086","page","type-page","status-publish","hentry"],"acf":[],"yoast_head":"<!-- This site is optimized with the Yoast SEO plugin v27.0 - https:\/\/yoast.com\/product\/yoast-seo-wordpress\/ -->\n<title>Nuestros asociados profesionales 100% canyon GUARA-Outdoor<\/title>\n<meta name=\"description\" content=\"Les produits ont \u00e9t\u00e9 s\u00e9lectionn\u00e9s par les professionnels du canyoning car ils correspondent aux crit\u00e8res rigoureux d&#039; utilisation de leur m\u00e9tier. Guara-Outdoor est l&#039;\u00e9quipementier privil\u00e9gi\u00e9 des Guides et vous propose toute une gamme de produits sp\u00e9cifiques et techniques, en n\u00e9opr\u00e8ne, kevlar, polyur\u00e9thane...\" \/>\n<meta name=\"robots\" content=\"index, follow, max-snippet:-1, max-image-preview:large, max-video-preview:-1\" \/>\n<link rel=\"canonical\" href=\"https:\/\/www.guara-outdoor.com\/es\/nuestros-asociados\/\" \/>\n<meta property=\"og:locale\" content=\"es_ES\" \/>\n<meta property=\"og:type\" content=\"article\" \/>\n<meta property=\"og:title\" content=\"Nuestros asociados profesionales 100% canyon GUARA-Outdoor\" \/>\n<meta property=\"og:description\" content=\"Les produits ont \u00e9t\u00e9 s\u00e9lectionn\u00e9s par les professionnels du canyoning car ils correspondent aux crit\u00e8res rigoureux d&#039; utilisation de leur m\u00e9tier. Guara-Outdoor est l&#039;\u00e9quipementier privil\u00e9gi\u00e9 des Guides et vous propose toute une gamme de produits sp\u00e9cifiques et techniques, en n\u00e9opr\u00e8ne, kevlar, polyur\u00e9thane...\" \/>\n<meta property=\"og:url\" content=\"https:\/\/www.guara-outdoor.com\/es\/nuestros-asociados\/\" \/>\n<meta property=\"og:site_name\" content=\"Guara Outdoor\" \/>\n<meta property=\"article:modified_time\" content=\"2022-04-04T10:00:29+00:00\" \/>\n<meta property=\"og:image\" content=\"https:\/\/www.guara-outdoor.com\/wp-content\/uploads\/2018\/01\/terre_eau_rectangle-1.jpg\" \/>\n<meta name=\"twitter:card\" content=\"summary_large_image\" \/>\n<meta name=\"twitter:label1\" content=\"Tiempo de lectura\" \/>\n\t<meta name=\"twitter:data1\" content=\"2 minutos\" \/>\n<script type=\"application\/ld+json\" class=\"yoast-schema-graph\">{\"@context\":\"https:\/\/schema.org\",\"@graph\":[{\"@type\":\"WebPage\",\"@id\":\"https:\/\/www.guara-outdoor.com\/es\/nuestros-asociados\/\",\"url\":\"https:\/\/www.guara-outdoor.com\/es\/nuestros-asociados\/\",\"name\":\"Nuestros asociados profesionales 100% canyon GUARA-Outdoor\",\"isPartOf\":{\"@id\":\"https:\/\/www.guara-outdoor.com\/es\/#website\"},\"primaryImageOfPage\":{\"@id\":\"https:\/\/www.guara-outdoor.com\/es\/nuestros-asociados\/#primaryimage\"},\"image\":{\"@id\":\"https:\/\/www.guara-outdoor.com\/es\/nuestros-asociados\/#primaryimage\"},\"thumbnailUrl\":\"https:\/\/www.guara-outdoor.com\/wp-content\/uploads\/2018\/01\/terre_eau_rectangle-1.jpg\",\"datePublished\":\"2018-01-04T13:22:02+00:00\",\"dateModified\":\"2022-04-04T10:00:29+00:00\",\"description\":\"Les produits ont \u00e9t\u00e9 s\u00e9lectionn\u00e9s par les professionnels du canyoning car ils correspondent aux crit\u00e8res rigoureux d' utilisation de leur m\u00e9tier. Guara-Outdoor est l'\u00e9quipementier privil\u00e9gi\u00e9 des Guides et vous propose toute une gamme de produits sp\u00e9cifiques et techniques, en n\u00e9opr\u00e8ne, kevlar, polyur\u00e9thane...\",\"breadcrumb\":{\"@id\":\"https:\/\/www.guara-outdoor.com\/es\/nuestros-asociados\/#breadcrumb\"},\"inLanguage\":\"es\",\"potentialAction\":[{\"@type\":\"ReadAction\",\"target\":[\"https:\/\/www.guara-outdoor.com\/es\/nuestros-asociados\/\"]}]},{\"@type\":\"ImageObject\",\"inLanguage\":\"es\",\"@id\":\"https:\/\/www.guara-outdoor.com\/es\/nuestros-asociados\/#primaryimage\",\"url\":\"https:\/\/www.guara-outdoor.com\/wp-content\/uploads\/2018\/01\/terre_eau_rectangle-1.jpg\",\"contentUrl\":\"https:\/\/www.guara-outdoor.com\/wp-content\/uploads\/2018\/01\/terre_eau_rectangle-1.jpg\"},{\"@type\":\"BreadcrumbList\",\"@id\":\"https:\/\/www.guara-outdoor.com\/es\/nuestros-asociados\/#breadcrumb\",\"itemListElement\":[{\"@type\":\"ListItem\",\"position\":1,\"name\":\"Accueil\",\"item\":\"https:\/\/www.guara-outdoor.com\/es\/\"},{\"@type\":\"ListItem\",\"position\":2,\"name\":\"Nuestros asociados\"}]},{\"@type\":\"WebSite\",\"@id\":\"https:\/\/www.guara-outdoor.com\/es\/#website\",\"url\":\"https:\/\/www.guara-outdoor.com\/es\/\",\"name\":\"Guara Outdoor\",\"description\":\"made for adventure\",\"potentialAction\":[{\"@type\":\"SearchAction\",\"target\":{\"@type\":\"EntryPoint\",\"urlTemplate\":\"https:\/\/www.guara-outdoor.com\/es\/?s={search_term_string}\"},\"query-input\":{\"@type\":\"PropertyValueSpecification\",\"valueRequired\":true,\"valueName\":\"search_term_string\"}}],\"inLanguage\":\"es\"}]}<\/script>\n<!-- \/ Yoast SEO plugin. -->","yoast_head_json":{"title":"Nuestros asociados profesionales 100% canyon GUARA-Outdoor","description":"Les produits ont \u00e9t\u00e9 s\u00e9lectionn\u00e9s par les professionnels du canyoning car ils correspondent aux crit\u00e8res rigoureux d' utilisation de leur m\u00e9tier. Guara-Outdoor est l'\u00e9quipementier privil\u00e9gi\u00e9 des Guides et vous propose toute une gamme de produits sp\u00e9cifiques et techniques, en n\u00e9opr\u00e8ne, kevlar, polyur\u00e9thane...","robots":{"index":"index","follow":"follow","max-snippet":"max-snippet:-1","max-image-preview":"max-image-preview:large","max-video-preview":"max-video-preview:-1"},"canonical":"https:\/\/www.guara-outdoor.com\/es\/nuestros-asociados\/","og_locale":"es_ES","og_type":"article","og_title":"Nuestros asociados profesionales 100% canyon GUARA-Outdoor","og_description":"Les produits ont \u00e9t\u00e9 s\u00e9lectionn\u00e9s par les professionnels du canyoning car ils correspondent aux crit\u00e8res rigoureux d' utilisation de leur m\u00e9tier. Guara-Outdoor est l'\u00e9quipementier privil\u00e9gi\u00e9 des Guides et vous propose toute une gamme de produits sp\u00e9cifiques et techniques, en n\u00e9opr\u00e8ne, kevlar, polyur\u00e9thane...","og_url":"https:\/\/www.guara-outdoor.com\/es\/nuestros-asociados\/","og_site_name":"Guara Outdoor","article_modified_time":"2022-04-04T10:00:29+00:00","og_image":[{"url":"https:\/\/www.guara-outdoor.com\/wp-content\/uploads\/2018\/01\/terre_eau_rectangle-1.jpg","type":"","width":"","height":""}],"twitter_card":"summary_large_image","twitter_misc":{"Tiempo de lectura":"2 minutos"},"schema":{"@context":"https:\/\/schema.org","@graph":[{"@type":"WebPage","@id":"https:\/\/www.guara-outdoor.com\/es\/nuestros-asociados\/","url":"https:\/\/www.guara-outdoor.com\/es\/nuestros-asociados\/","name":"Nuestros asociados profesionales 100% canyon GUARA-Outdoor","isPartOf":{"@id":"https:\/\/www.guara-outdoor.com\/es\/#website"},"primaryImageOfPage":{"@id":"https:\/\/www.guara-outdoor.com\/es\/nuestros-asociados\/#primaryimage"},"image":{"@id":"https:\/\/www.guara-outdoor.com\/es\/nuestros-asociados\/#primaryimage"},"thumbnailUrl":"https:\/\/www.guara-outdoor.com\/wp-content\/uploads\/2018\/01\/terre_eau_rectangle-1.jpg","datePublished":"2018-01-04T13:22:02+00:00","dateModified":"2022-04-04T10:00:29+00:00","description":"Les produits ont \u00e9t\u00e9 s\u00e9lectionn\u00e9s par les professionnels du canyoning car ils correspondent aux crit\u00e8res rigoureux d' utilisation de leur m\u00e9tier. Guara-Outdoor est l'\u00e9quipementier privil\u00e9gi\u00e9 des Guides et vous propose toute une gamme de produits sp\u00e9cifiques et techniques, en n\u00e9opr\u00e8ne, kevlar, polyur\u00e9thane...","breadcrumb":{"@id":"https:\/\/www.guara-outdoor.com\/es\/nuestros-asociados\/#breadcrumb"},"inLanguage":"es","potentialAction":[{"@type":"ReadAction","target":["https:\/\/www.guara-outdoor.com\/es\/nuestros-asociados\/"]}]},{"@type":"ImageObject","inLanguage":"es","@id":"https:\/\/www.guara-outdoor.com\/es\/nuestros-asociados\/#primaryimage","url":"https:\/\/www.guara-outdoor.com\/wp-content\/uploads\/2018\/01\/terre_eau_rectangle-1.jpg","contentUrl":"https:\/\/www.guara-outdoor.com\/wp-content\/uploads\/2018\/01\/terre_eau_rectangle-1.jpg"},{"@type":"BreadcrumbList","@id":"https:\/\/www.guara-outdoor.com\/es\/nuestros-asociados\/#breadcrumb","itemListElement":[{"@type":"ListItem","position":1,"name":"Accueil","item":"https:\/\/www.guara-outdoor.com\/es\/"},{"@type":"ListItem","position":2,"name":"Nuestros asociados"}]},{"@type":"WebSite","@id":"https:\/\/www.guara-outdoor.com\/es\/#website","url":"https:\/\/www.guara-outdoor.com\/es\/","name":"Guara Outdoor","description":"made for adventure","potentialAction":[{"@type":"SearchAction","target":{"@type":"EntryPoint","urlTemplate":"https:\/\/www.guara-outdoor.com\/es\/?s={search_term_string}"},"query-input":{"@type":"PropertyValueSpecification","valueRequired":true,"valueName":"search_term_string"}}],"inLanguage":"es"}]}},"_links":{"self":[{"href":"https:\/\/www.guara-outdoor.com\/es\/wp-json\/wp\/v2\/pages\/1086","targetHints":{"allow":["GET"]}}],"collection":[{"href":"https:\/\/www.guara-outdoor.com\/es\/wp-json\/wp\/v2\/pages"}],"about":[{"href":"https:\/\/www.guara-outdoor.com\/es\/wp-json\/wp\/v2\/types\/page"}],"author":[{"embeddable":true,"href":"https:\/\/www.guara-outdoor.com\/es\/wp-json\/wp\/v2\/users\/1"}],"replies":[{"embeddable":true,"href":"https:\/\/www.guara-outdoor.com\/es\/wp-json\/wp\/v2\/comments?post=1086"}],"version-history":[{"count":7,"href":"https:\/\/www.guara-outdoor.com\/es\/wp-json\/wp\/v2\/pages\/1086\/revisions"}],"predecessor-version":[{"id":13778,"href":"https:\/\/www.guara-outdoor.com\/es\/wp-json\/wp\/v2\/pages\/1086\/revisions\/13778"}],"wp:attachment":[{"href":"https:\/\/www.guara-outdoor.com\/es\/wp-json\/wp\/v2\/media?parent=1086"}],"curies":[{"name":"wp","href":"https:\/\/api.w.org\/{rel}","templated":true}]}}