{"id":1080,"date":"2017-07-25T11:31:47","date_gmt":"2017-07-25T09:31:47","guid":{"rendered":"https:\/\/www.guara-outdoor.com\/guide-des-tailles\/"},"modified":"2018-01-16T09:47:00","modified_gmt":"2018-01-16T08:47:00","slug":"guia-de-tallas","status":"publish","type":"page","link":"https:\/\/www.guara-outdoor.com\/es\/guia-de-tallas\/","title":{"rendered":"Gu\u00eda de tallas"},"content":{"rendered":"<h1>Gu\u00eda de tallas<\/h1>\n\n<table id=\"tablepress-5\" class=\"tablepress tablepress-id-5 tbody-has-connected-cells\">\n<thead>\n<tr class=\"row-1\">\n\t<th colspan=\"4\" class=\"column-1\">Trajes neopreno<\/th>\n<\/tr>\n<\/thead>\n<tbody class=\"row-striping\">\n<tr class=\"row-2\">\n\t<td class=\"column-1\">Peso<\/td><td class=\"column-2\">Altura<\/td><td class=\"column-3\"><\/td><td class=\"column-4\"><\/td>\n<\/tr>\n<tr class=\"row-3\">\n\t<td colspan=\"4\" class=\"column-1\">Ni\u00f1o<\/td>\n<\/tr>\n<tr class=\"row-4\">\n\t<td class=\"column-1\">de 25 \u00e0 35 kg<\/td><td class=\"column-2\">1,25m<\/td><td class=\"column-3\"><\/td><td class=\"column-4\">T 8 a\u00f1os<\/td>\n<\/tr>\n<tr class=\"row-5\">\n\t<td class=\"column-1\">de 30 \u00e0 42 kg<\/td><td class=\"column-2\">1,33m<\/td><td class=\"column-3\"><\/td><td class=\"column-4\">T 10 a\u00f1os<\/td>\n<\/tr>\n<tr class=\"row-6\">\n\t<td class=\"column-1\">de 35 \u00e0 50 kg<\/td><td class=\"column-2\">1,40m<\/td><td class=\"column-3\">2XS<\/td><td class=\"column-4\">T 12 a\u00f1os<\/td>\n<\/tr>\n<tr class=\"row-7\">\n\t<td colspan=\"4\" class=\"column-1\">Adulto<\/td>\n<\/tr>\n<tr class=\"row-8\">\n\t<td class=\"column-1\">de 45 \u00e0 55 kg<\/td><td class=\"column-2\">de 1,50m \u00e0 1,60m<\/td><td class=\"column-3\">XS<\/td><td class=\"column-4\">T 0<\/td>\n<\/tr>\n<tr class=\"row-9\">\n\t<td class=\"column-1\">de 52 \u00e0 60 kg<\/td><td class=\"column-2\">de 1,55m \u00e0 1,65m<\/td><td class=\"column-3\">S<\/td><td class=\"column-4\">T 1<\/td>\n<\/tr>\n<tr class=\"row-10\">\n\t<td class=\"column-1\">de 60 \u00e0 72 kg<\/td><td class=\"column-2\">de 1,65m \u00e0 1,75m<\/td><td class=\"column-3\">M<\/td><td class=\"column-4\">T 2<\/td>\n<\/tr>\n<tr class=\"row-11\">\n\t<td class=\"column-1\">de 70 \u00e0 85 kg<\/td><td class=\"column-2\">de 1,75m \u00e0 1,85m<\/td><td class=\"column-3\">L<\/td><td class=\"column-4\">T 3<\/td>\n<\/tr>\n<tr class=\"row-12\">\n\t<td class=\"column-1\">de 80 \u00e0 90 kg<\/td><td class=\"column-2\">de 1,80m \u00e0 1,85m<\/td><td class=\"column-3\">XL<\/td><td class=\"column-4\">T 4<\/td>\n<\/tr>\n<tr class=\"row-13\">\n\t<td class=\"column-1\">de 90 \u00e0 105 kg<\/td><td class=\"column-2\">de 1,85m \u00e0 1, 90m<\/td><td class=\"column-3\">XXL<\/td><td class=\"column-4\">T 5<\/td>\n<\/tr>\n<tr class=\"row-14\">\n\t<td class=\"column-1\">de 105 \u00e0 115 kg<\/td><td class=\"column-2\">de 1,90m \u00e0 1,95m<\/td><td class=\"column-3\">3XL<\/td><td class=\"column-4\">T 6<\/td>\n<\/tr>\n<tr class=\"row-15\">\n\t<td class=\"column-1\">de 115 \u00e0 125 kg<\/td><td class=\"column-2\">de 1,95m \u00e0 2,00m<\/td><td class=\"column-3\">4XL<\/td><td class=\"column-4\">T 7<\/td>\n<\/tr>\n<\/tbody>\n<\/table>\n<!-- #tablepress-5 from cache -->\n<p>&nbsp;<\/p>\n\n<table id=\"tablepress-6\" class=\"tablepress tablepress-id-6\">\n<thead>\n<tr class=\"row-1\">\n\t<th colspan=\"3\" class=\"column-1\">Calcet\u00edn neopreno<\/th>\n<\/tr>\n<\/thead>\n<tbody class=\"row-striping row-hover\">\n<tr class=\"row-2\">\n\t<td class=\"column-1\">31\/32<\/td><td class=\"column-2\">3XS<\/td><td class=\"column-3\">12 a\u00f1os<\/td>\n<\/tr>\n<tr class=\"row-3\">\n\t<td class=\"column-1\">33\/34<\/td><td class=\"column-2\">2XS<\/td><td class=\"column-3\">14 a\u00f1os<\/td>\n<\/tr>\n<tr class=\"row-4\">\n\t<td class=\"column-1\">35\/36<\/td><td class=\"column-2\">XS<\/td><td class=\"column-3\">0<\/td>\n<\/tr>\n<tr class=\"row-5\">\n\t<td class=\"column-1\">37\/38<\/td><td class=\"column-2\">S<\/td><td class=\"column-3\">1<\/td>\n<\/tr>\n<tr class=\"row-6\">\n\t<td class=\"column-1\">39\/40<\/td><td class=\"column-2\">M<\/td><td class=\"column-3\">2<\/td>\n<\/tr>\n<tr class=\"row-7\">\n\t<td class=\"column-1\">41\/42<\/td><td class=\"column-2\">L<\/td><td class=\"column-3\">3<\/td>\n<\/tr>\n<tr class=\"row-8\">\n\t<td class=\"column-1\">43\/44<\/td><td class=\"column-2\">XL<\/td><td class=\"column-3\">4<\/td>\n<\/tr>\n<tr class=\"row-9\">\n\t<td class=\"column-1\">45\/46<\/td><td class=\"column-2\">XXL<\/td><td class=\"column-3\">5<\/td>\n<\/tr>\n<tr class=\"row-10\">\n\t<td class=\"column-1\">47\/48<\/td><td class=\"column-2\">3XL<\/td><td class=\"column-3\">6<\/td>\n<\/tr>\n<\/tbody>\n<\/table>\n<!-- #tablepress-6 from cache -->\n","protected":false},"excerpt":{"rendered":"<p>Gu\u00eda de tallas &nbsp;<\/p>\n","protected":false},"author":1,"featured_media":0,"parent":0,"menu_order":0,"comment_status":"closed","ping_status":"closed","template":"","meta":{"footnotes":""},"class_list":["post-1080","page","type-page","status-publish","hentry"],"acf":[],"yoast_head":"<!-- This site is optimized with the Yoast SEO plugin v27.0 - https:\/\/yoast.com\/product\/yoast-seo-wordpress\/ -->\n<title>Le Guide pour bien choisir sa taille GUARA-Outdoor<\/title>\n<meta name=\"description\" content=\"Grille des tailles GUARA. COMMENT CHOISIR LA BONNE TAILLE ? Pour \u00eatre s\u00fbr de commander la bonne taille, voici un guide pour vous aider au mieux dans votre choix en fonction de votre morphologie. Qu&#039;ils s&#039;agissent d&#039;une combinaison n\u00e9opr\u00e8ne 5,5 mm &quot;Taurinya + Galamus&quot;, ou de chaussons n\u00e9opr\u00e8ne &quot;Cady&quot; en 3mm.\" \/>\n<meta name=\"robots\" content=\"index, follow, max-snippet:-1, max-image-preview:large, max-video-preview:-1\" \/>\n<link rel=\"canonical\" href=\"https:\/\/www.guara-outdoor.com\/es\/guia-de-tallas\/\" \/>\n<meta property=\"og:locale\" content=\"es_ES\" \/>\n<meta property=\"og:type\" content=\"article\" \/>\n<meta property=\"og:title\" content=\"Le Guide pour bien choisir sa taille GUARA-Outdoor\" \/>\n<meta property=\"og:description\" content=\"Grille des tailles GUARA. COMMENT CHOISIR LA BONNE TAILLE ? Pour \u00eatre s\u00fbr de commander la bonne taille, voici un guide pour vous aider au mieux dans votre choix en fonction de votre morphologie. Qu&#039;ils s&#039;agissent d&#039;une combinaison n\u00e9opr\u00e8ne 5,5 mm &quot;Taurinya + Galamus&quot;, ou de chaussons n\u00e9opr\u00e8ne &quot;Cady&quot; en 3mm.\" \/>\n<meta property=\"og:url\" content=\"https:\/\/www.guara-outdoor.com\/es\/guia-de-tallas\/\" \/>\n<meta property=\"og:site_name\" content=\"Guara Outdoor\" \/>\n<meta property=\"article:modified_time\" content=\"2018-01-16T08:47:00+00:00\" \/>\n<meta name=\"twitter:card\" content=\"summary_large_image\" \/>\n<script type=\"application\/ld+json\" class=\"yoast-schema-graph\">{\"@context\":\"https:\/\/schema.org\",\"@graph\":[{\"@type\":\"WebPage\",\"@id\":\"https:\/\/www.guara-outdoor.com\/es\/guia-de-tallas\/\",\"url\":\"https:\/\/www.guara-outdoor.com\/es\/guia-de-tallas\/\",\"name\":\"Le Guide pour bien choisir sa taille GUARA-Outdoor\",\"isPartOf\":{\"@id\":\"https:\/\/www.guara-outdoor.com\/es\/#website\"},\"datePublished\":\"2017-07-25T09:31:47+00:00\",\"dateModified\":\"2018-01-16T08:47:00+00:00\",\"description\":\"Grille des tailles GUARA. COMMENT CHOISIR LA BONNE TAILLE ? Pour \u00eatre s\u00fbr de commander la bonne taille, voici un guide pour vous aider au mieux dans votre choix en fonction de votre morphologie. Qu'ils s'agissent d'une combinaison n\u00e9opr\u00e8ne 5,5 mm \\\"Taurinya + Galamus\\\", ou de chaussons n\u00e9opr\u00e8ne \\\"Cady\\\" en 3mm.\",\"breadcrumb\":{\"@id\":\"https:\/\/www.guara-outdoor.com\/es\/guia-de-tallas\/#breadcrumb\"},\"inLanguage\":\"es\",\"potentialAction\":[{\"@type\":\"ReadAction\",\"target\":[\"https:\/\/www.guara-outdoor.com\/es\/guia-de-tallas\/\"]}]},{\"@type\":\"BreadcrumbList\",\"@id\":\"https:\/\/www.guara-outdoor.com\/es\/guia-de-tallas\/#breadcrumb\",\"itemListElement\":[{\"@type\":\"ListItem\",\"position\":1,\"name\":\"Accueil\",\"item\":\"https:\/\/www.guara-outdoor.com\/es\/\"},{\"@type\":\"ListItem\",\"position\":2,\"name\":\"Gu\u00eda de tallas\"}]},{\"@type\":\"WebSite\",\"@id\":\"https:\/\/www.guara-outdoor.com\/es\/#website\",\"url\":\"https:\/\/www.guara-outdoor.com\/es\/\",\"name\":\"Guara Outdoor\",\"description\":\"made for adventure\",\"potentialAction\":[{\"@type\":\"SearchAction\",\"target\":{\"@type\":\"EntryPoint\",\"urlTemplate\":\"https:\/\/www.guara-outdoor.com\/es\/?s={search_term_string}\"},\"query-input\":{\"@type\":\"PropertyValueSpecification\",\"valueRequired\":true,\"valueName\":\"search_term_string\"}}],\"inLanguage\":\"es\"}]}<\/script>\n<!-- \/ Yoast SEO plugin. -->","yoast_head_json":{"title":"Le Guide pour bien choisir sa taille GUARA-Outdoor","description":"Grille des tailles GUARA. COMMENT CHOISIR LA BONNE TAILLE ? Pour \u00eatre s\u00fbr de commander la bonne taille, voici un guide pour vous aider au mieux dans votre choix en fonction de votre morphologie. Qu'ils s'agissent d'une combinaison n\u00e9opr\u00e8ne 5,5 mm \"Taurinya + Galamus\", ou de chaussons n\u00e9opr\u00e8ne \"Cady\" en 3mm.","robots":{"index":"index","follow":"follow","max-snippet":"max-snippet:-1","max-image-preview":"max-image-preview:large","max-video-preview":"max-video-preview:-1"},"canonical":"https:\/\/www.guara-outdoor.com\/es\/guia-de-tallas\/","og_locale":"es_ES","og_type":"article","og_title":"Le Guide pour bien choisir sa taille GUARA-Outdoor","og_description":"Grille des tailles GUARA. COMMENT CHOISIR LA BONNE TAILLE ? Pour \u00eatre s\u00fbr de commander la bonne taille, voici un guide pour vous aider au mieux dans votre choix en fonction de votre morphologie. Qu'ils s'agissent d'une combinaison n\u00e9opr\u00e8ne 5,5 mm \"Taurinya + Galamus\", ou de chaussons n\u00e9opr\u00e8ne \"Cady\" en 3mm.","og_url":"https:\/\/www.guara-outdoor.com\/es\/guia-de-tallas\/","og_site_name":"Guara Outdoor","article_modified_time":"2018-01-16T08:47:00+00:00","twitter_card":"summary_large_image","schema":{"@context":"https:\/\/schema.org","@graph":[{"@type":"WebPage","@id":"https:\/\/www.guara-outdoor.com\/es\/guia-de-tallas\/","url":"https:\/\/www.guara-outdoor.com\/es\/guia-de-tallas\/","name":"Le Guide pour bien choisir sa taille GUARA-Outdoor","isPartOf":{"@id":"https:\/\/www.guara-outdoor.com\/es\/#website"},"datePublished":"2017-07-25T09:31:47+00:00","dateModified":"2018-01-16T08:47:00+00:00","description":"Grille des tailles GUARA. COMMENT CHOISIR LA BONNE TAILLE ? Pour \u00eatre s\u00fbr de commander la bonne taille, voici un guide pour vous aider au mieux dans votre choix en fonction de votre morphologie. Qu'ils s'agissent d'une combinaison n\u00e9opr\u00e8ne 5,5 mm \"Taurinya + Galamus\", ou de chaussons n\u00e9opr\u00e8ne \"Cady\" en 3mm.","breadcrumb":{"@id":"https:\/\/www.guara-outdoor.com\/es\/guia-de-tallas\/#breadcrumb"},"inLanguage":"es","potentialAction":[{"@type":"ReadAction","target":["https:\/\/www.guara-outdoor.com\/es\/guia-de-tallas\/"]}]},{"@type":"BreadcrumbList","@id":"https:\/\/www.guara-outdoor.com\/es\/guia-de-tallas\/#breadcrumb","itemListElement":[{"@type":"ListItem","position":1,"name":"Accueil","item":"https:\/\/www.guara-outdoor.com\/es\/"},{"@type":"ListItem","position":2,"name":"Gu\u00eda de tallas"}]},{"@type":"WebSite","@id":"https:\/\/www.guara-outdoor.com\/es\/#website","url":"https:\/\/www.guara-outdoor.com\/es\/","name":"Guara Outdoor","description":"made for adventure","potentialAction":[{"@type":"SearchAction","target":{"@type":"EntryPoint","urlTemplate":"https:\/\/www.guara-outdoor.com\/es\/?s={search_term_string}"},"query-input":{"@type":"PropertyValueSpecification","valueRequired":true,"valueName":"search_term_string"}}],"inLanguage":"es"}]}},"_links":{"self":[{"href":"https:\/\/www.guara-outdoor.com\/es\/wp-json\/wp\/v2\/pages\/1080","targetHints":{"allow":["GET"]}}],"collection":[{"href":"https:\/\/www.guara-outdoor.com\/es\/wp-json\/wp\/v2\/pages"}],"about":[{"href":"https:\/\/www.guara-outdoor.com\/es\/wp-json\/wp\/v2\/types\/page"}],"author":[{"embeddable":true,"href":"https:\/\/www.guara-outdoor.com\/es\/wp-json\/wp\/v2\/users\/1"}],"replies":[{"embeddable":true,"href":"https:\/\/www.guara-outdoor.com\/es\/wp-json\/wp\/v2\/comments?post=1080"}],"version-history":[{"count":2,"href":"https:\/\/www.guara-outdoor.com\/es\/wp-json\/wp\/v2\/pages\/1080\/revisions"}],"predecessor-version":[{"id":1221,"href":"https:\/\/www.guara-outdoor.com\/es\/wp-json\/wp\/v2\/pages\/1080\/revisions\/1221"}],"wp:attachment":[{"href":"https:\/\/www.guara-outdoor.com\/es\/wp-json\/wp\/v2\/media?parent=1080"}],"curies":[{"name":"wp","href":"https:\/\/api.w.org\/{rel}","templated":true}]}}