{"id":4602,"date":"2019-09-11T11:25:44","date_gmt":"2019-09-11T09:25:44","guid":{"rendered":"https:\/\/www.guara-outdoor.com\/produits\/topoguide-carte-hautes-pyrenees\/"},"modified":"2019-09-11T11:25:44","modified_gmt":"2019-09-11T09:25:44","slug":"topoguide-carte-hautes-pyrenees","status":"publish","type":"product","link":"https:\/\/www.guara-outdoor.com\/en\/produit\/topoguide-carte-hautes-pyrenees\/","title":{"rendered":"Topoguide-carte Hautes-Pyr\u00e9n\u00e9es"},"content":{"rendered":"<div id=\"tw-target-text-container\" class=\"tw-ta-container tw-nfl\">\n<p dir=\"ltr\">In frensh and spanish language.<\/p>\n<p id=\"tw-target-text\" class=\"tw-data-text tw-text-large tw-ta\" dir=\"ltr\"><span lang=\"en\">This map locates 85 canyons located in the Hautes-Pyr\u00e9n\u00e9es, with access routes, accommodation and all the useful information<\/span><\/p>\n<\/div>\n","protected":false},"excerpt":{"rendered":"<p><span lang=\"en\">This map locates 85 canyons located in the Hautes-Pyr\u00e9n\u00e9es, with access routes, accommodation and all the useful information<\/span><\/p>\n","protected":false},"featured_media":3888,"template":"","meta":[],"product_brand":[],"product_cat":[204],"product_tag":[196,215,209],"class_list":{"0":"post-4602","1":"product","2":"type-product","3":"status-publish","4":"has-post-thumbnail","6":"product_cat-bookshop-en","7":"product_tag-canyon-en","8":"product_tag-map","9":"product_tag-topoguide-en","11":"first","12":"outofstock","13":"taxable","14":"shipping-taxable","15":"purchasable","16":"product-type-simple"},"acf":[],"yoast_head":"<!-- This site is optimized with the Yoast SEO plugin v27.0 - https:\/\/yoast.com\/product\/yoast-seo-wordpress\/ -->\n<title>Topoguide-carte Hautes-Pyr\u00e9n\u00e9es - Guara Outdoor<\/title>\n<meta name=\"robots\" content=\"index, follow, max-snippet:-1, max-image-preview:large, max-video-preview:-1\" \/>\n<link rel=\"canonical\" href=\"https:\/\/www.guara-outdoor.com\/en\/produit\/topoguide-carte-hautes-pyrenees\/\" \/>\n<meta property=\"og:locale\" content=\"en_US\" \/>\n<meta property=\"og:type\" content=\"article\" \/>\n<meta property=\"og:title\" content=\"Topoguide-carte Hautes-Pyr\u00e9n\u00e9es - Guara Outdoor\" \/>\n<meta property=\"og:description\" content=\"This map locates 85 canyons located in the Hautes-Pyr\u00e9n\u00e9es, with access routes, accommodation and all the useful information\" \/>\n<meta property=\"og:url\" content=\"https:\/\/www.guara-outdoor.com\/en\/produit\/topoguide-carte-hautes-pyrenees\/\" \/>\n<meta property=\"og:site_name\" content=\"Guara Outdoor\" \/>\n<meta property=\"og:image\" content=\"https:\/\/www.guara-outdoor.com\/wp-content\/uploads\/2019\/09\/carte-hautes-pyrenees-scaled.jpg\" \/>\n\t<meta property=\"og:image:width\" content=\"2282\" \/>\n\t<meta property=\"og:image:height\" content=\"2560\" \/>\n\t<meta property=\"og:image:type\" content=\"image\/jpeg\" \/>\n<meta name=\"twitter:card\" content=\"summary_large_image\" \/>\n<script type=\"application\/ld+json\" class=\"yoast-schema-graph\">{\"@context\":\"https:\/\/schema.org\",\"@graph\":[{\"@type\":\"WebPage\",\"@id\":\"https:\/\/www.guara-outdoor.com\/en\/produit\/topoguide-carte-hautes-pyrenees\/\",\"url\":\"https:\/\/www.guara-outdoor.com\/en\/produit\/topoguide-carte-hautes-pyrenees\/\",\"name\":\"Topoguide-carte Hautes-Pyr\u00e9n\u00e9es - Guara Outdoor\",\"isPartOf\":{\"@id\":\"https:\/\/www.guara-outdoor.com\/en\/#website\"},\"primaryImageOfPage\":{\"@id\":\"https:\/\/www.guara-outdoor.com\/en\/produit\/topoguide-carte-hautes-pyrenees\/#primaryimage\"},\"image\":{\"@id\":\"https:\/\/www.guara-outdoor.com\/en\/produit\/topoguide-carte-hautes-pyrenees\/#primaryimage\"},\"thumbnailUrl\":\"https:\/\/www.guara-outdoor.com\/wp-content\/uploads\/2019\/09\/carte-hautes-pyrenees-scaled.jpg\",\"datePublished\":\"2019-09-11T09:25:44+00:00\",\"breadcrumb\":{\"@id\":\"https:\/\/www.guara-outdoor.com\/en\/produit\/topoguide-carte-hautes-pyrenees\/#breadcrumb\"},\"inLanguage\":\"en-US\",\"potentialAction\":[{\"@type\":\"ReadAction\",\"target\":[\"https:\/\/www.guara-outdoor.com\/en\/produit\/topoguide-carte-hautes-pyrenees\/\"]}]},{\"@type\":\"ImageObject\",\"inLanguage\":\"en-US\",\"@id\":\"https:\/\/www.guara-outdoor.com\/en\/produit\/topoguide-carte-hautes-pyrenees\/#primaryimage\",\"url\":\"https:\/\/www.guara-outdoor.com\/wp-content\/uploads\/2019\/09\/carte-hautes-pyrenees-scaled.jpg\",\"contentUrl\":\"https:\/\/www.guara-outdoor.com\/wp-content\/uploads\/2019\/09\/carte-hautes-pyrenees-scaled.jpg\",\"width\":2282,\"height\":2560,\"caption\":\"dav\"},{\"@type\":\"BreadcrumbList\",\"@id\":\"https:\/\/www.guara-outdoor.com\/en\/produit\/topoguide-carte-hautes-pyrenees\/#breadcrumb\",\"itemListElement\":[{\"@type\":\"ListItem\",\"position\":1,\"name\":\"Accueil\",\"item\":\"https:\/\/www.guara-outdoor.com\/en\/\"},{\"@type\":\"ListItem\",\"position\":2,\"name\":\"Produits\",\"item\":\"https:\/\/www.guara-outdoor.com\/produits2\/\"},{\"@type\":\"ListItem\",\"position\":3,\"name\":\"Bookshop\",\"item\":\"https:\/\/www.guara-outdoor.com\/en\/product\/bookshop-en\/\"},{\"@type\":\"ListItem\",\"position\":4,\"name\":\"Topoguide-carte Hautes-Pyr\u00e9n\u00e9es\"}]},{\"@type\":\"WebSite\",\"@id\":\"https:\/\/www.guara-outdoor.com\/en\/#website\",\"url\":\"https:\/\/www.guara-outdoor.com\/en\/\",\"name\":\"Guara Outdoor\",\"description\":\"made for adventure\",\"potentialAction\":[{\"@type\":\"SearchAction\",\"target\":{\"@type\":\"EntryPoint\",\"urlTemplate\":\"https:\/\/www.guara-outdoor.com\/en\/?s={search_term_string}\"},\"query-input\":{\"@type\":\"PropertyValueSpecification\",\"valueRequired\":true,\"valueName\":\"search_term_string\"}}],\"inLanguage\":\"en-US\"}]}<\/script>\n<!-- \/ Yoast SEO plugin. -->","yoast_head_json":{"title":"Topoguide-carte Hautes-Pyr\u00e9n\u00e9es - Guara Outdoor","robots":{"index":"index","follow":"follow","max-snippet":"max-snippet:-1","max-image-preview":"max-image-preview:large","max-video-preview":"max-video-preview:-1"},"canonical":"https:\/\/www.guara-outdoor.com\/en\/produit\/topoguide-carte-hautes-pyrenees\/","og_locale":"en_US","og_type":"article","og_title":"Topoguide-carte Hautes-Pyr\u00e9n\u00e9es - Guara Outdoor","og_description":"This map locates 85 canyons located in the Hautes-Pyr\u00e9n\u00e9es, with access routes, accommodation and all the useful information","og_url":"https:\/\/www.guara-outdoor.com\/en\/produit\/topoguide-carte-hautes-pyrenees\/","og_site_name":"Guara Outdoor","og_image":[{"width":2282,"height":2560,"url":"https:\/\/www.guara-outdoor.com\/wp-content\/uploads\/2019\/09\/carte-hautes-pyrenees-scaled.jpg","type":"image\/jpeg"}],"twitter_card":"summary_large_image","schema":{"@context":"https:\/\/schema.org","@graph":[{"@type":"WebPage","@id":"https:\/\/www.guara-outdoor.com\/en\/produit\/topoguide-carte-hautes-pyrenees\/","url":"https:\/\/www.guara-outdoor.com\/en\/produit\/topoguide-carte-hautes-pyrenees\/","name":"Topoguide-carte Hautes-Pyr\u00e9n\u00e9es - Guara Outdoor","isPartOf":{"@id":"https:\/\/www.guara-outdoor.com\/en\/#website"},"primaryImageOfPage":{"@id":"https:\/\/www.guara-outdoor.com\/en\/produit\/topoguide-carte-hautes-pyrenees\/#primaryimage"},"image":{"@id":"https:\/\/www.guara-outdoor.com\/en\/produit\/topoguide-carte-hautes-pyrenees\/#primaryimage"},"thumbnailUrl":"https:\/\/www.guara-outdoor.com\/wp-content\/uploads\/2019\/09\/carte-hautes-pyrenees-scaled.jpg","datePublished":"2019-09-11T09:25:44+00:00","breadcrumb":{"@id":"https:\/\/www.guara-outdoor.com\/en\/produit\/topoguide-carte-hautes-pyrenees\/#breadcrumb"},"inLanguage":"en-US","potentialAction":[{"@type":"ReadAction","target":["https:\/\/www.guara-outdoor.com\/en\/produit\/topoguide-carte-hautes-pyrenees\/"]}]},{"@type":"ImageObject","inLanguage":"en-US","@id":"https:\/\/www.guara-outdoor.com\/en\/produit\/topoguide-carte-hautes-pyrenees\/#primaryimage","url":"https:\/\/www.guara-outdoor.com\/wp-content\/uploads\/2019\/09\/carte-hautes-pyrenees-scaled.jpg","contentUrl":"https:\/\/www.guara-outdoor.com\/wp-content\/uploads\/2019\/09\/carte-hautes-pyrenees-scaled.jpg","width":2282,"height":2560,"caption":"dav"},{"@type":"BreadcrumbList","@id":"https:\/\/www.guara-outdoor.com\/en\/produit\/topoguide-carte-hautes-pyrenees\/#breadcrumb","itemListElement":[{"@type":"ListItem","position":1,"name":"Accueil","item":"https:\/\/www.guara-outdoor.com\/en\/"},{"@type":"ListItem","position":2,"name":"Produits","item":"https:\/\/www.guara-outdoor.com\/produits2\/"},{"@type":"ListItem","position":3,"name":"Bookshop","item":"https:\/\/www.guara-outdoor.com\/en\/product\/bookshop-en\/"},{"@type":"ListItem","position":4,"name":"Topoguide-carte Hautes-Pyr\u00e9n\u00e9es"}]},{"@type":"WebSite","@id":"https:\/\/www.guara-outdoor.com\/en\/#website","url":"https:\/\/www.guara-outdoor.com\/en\/","name":"Guara Outdoor","description":"made for adventure","potentialAction":[{"@type":"SearchAction","target":{"@type":"EntryPoint","urlTemplate":"https:\/\/www.guara-outdoor.com\/en\/?s={search_term_string}"},"query-input":{"@type":"PropertyValueSpecification","valueRequired":true,"valueName":"search_term_string"}}],"inLanguage":"en-US"}]}},"_links":{"self":[{"href":"https:\/\/www.guara-outdoor.com\/en\/wp-json\/wp\/v2\/product\/4602","targetHints":{"allow":["GET"]}}],"collection":[{"href":"https:\/\/www.guara-outdoor.com\/en\/wp-json\/wp\/v2\/product"}],"about":[{"href":"https:\/\/www.guara-outdoor.com\/en\/wp-json\/wp\/v2\/types\/product"}],"wp:featuredmedia":[{"embeddable":true,"href":"https:\/\/www.guara-outdoor.com\/en\/wp-json\/wp\/v2\/media\/3888"}],"wp:attachment":[{"href":"https:\/\/www.guara-outdoor.com\/en\/wp-json\/wp\/v2\/media?parent=4602"}],"wp:term":[{"taxonomy":"product_brand","embeddable":true,"href":"https:\/\/www.guara-outdoor.com\/en\/wp-json\/wp\/v2\/product_brand?post=4602"},{"taxonomy":"product_cat","embeddable":true,"href":"https:\/\/www.guara-outdoor.com\/en\/wp-json\/wp\/v2\/product_cat?post=4602"},{"taxonomy":"product_tag","embeddable":true,"href":"https:\/\/www.guara-outdoor.com\/en\/wp-json\/wp\/v2\/product_tag?post=4602"}],"curies":[{"name":"wp","href":"https:\/\/api.w.org\/{rel}","templated":true}]}}