{"id":539,"date":"2017-10-12T15:39:26","date_gmt":"2017-10-12T13:39:26","guid":{"rendered":"https:\/\/www.guara-outdoor.com\/conditions-generales-de-ventes\/"},"modified":"2018-01-10T15:11:22","modified_gmt":"2018-01-10T14:11:22","slug":"terms","status":"publish","type":"page","link":"https:\/\/www.guara-outdoor.com\/en\/terms\/","title":{"rendered":"Terms"},"content":{"rendered":"<h2>01-Objet<\/h2>\n<p>Les pr\u00e9sentes conditions g\u00e9n\u00e9rales de ventes r\u00e9alis\u00e9es entre la soci\u00e9t\u00e9 GUARA, soci\u00e9t\u00e9 par actions simplifi\u00e9es unipersonnel (SASU) au capital de 15 000\u20ac inscrite au registre du commerce de Perpignan sous le num\u00e9ro 830263257 dont le si\u00e8ge social est situ\u00e9 LIEU DIT LE VILLAGE 66500 NOH\u00c8DES- FRANCE &#8211; num\u00e9ro TVA intracommunautaire FR18830263257 et tout consommateur au sens des dispositions du code de la consommation, \u00e2g\u00e9 d\u2019au moins 18 ans et dot\u00e9 de la capacit\u00e9 juridique \u00e0 l\u2019occasion d\u2019une commande pass\u00e9e par t\u00e9l\u00e9phone, par courrier ou via le site internet www.www.guara-outdoor.com.<\/p>\n<p>Toute passation de commande vaut l\u2019acceptation des prix et des Conditions G\u00e9n\u00e9rales de Vente dans leur version endigu\u00e9e au moment de la commande.<\/p>\n<p>La soci\u00e9t\u00e9 GUARA reste libre d\u2019enrichir, modifier, corriger ou supprimer tout ou une partie des Conditions G\u00e9n\u00e9rales de Vente<\/p>\n<p>Service Client<br \/>\nGuara<br \/>\nLieu dit \u00ab le village \u00bb<br \/>\n66500 Noh\u00e8des<br \/>\nFrance<\/p>\n<p>&nbsp;<\/p>\n<h2>02-Caract\u00e9ristiques des produits- Validit\u00e9 des offres<\/h2>\n<p>Les produits propos\u00e9s \u00e0 la vente sont d\u00e9crits dans les descriptifs pr\u00e9sents sur chaque fiche produit.<\/p>\n<p>Les photographies pr\u00e9sentent une vue globale de chaque produit. Certaines alt\u00e9rations concernant les couleurs peuvent appara\u00eetre en raison du support informatique. Un guide des tailles est disponible sur le site de vente en ligne. Les produits vendus par la soci\u00e9t\u00e9 GUARA sont conformes \u00e0 la r\u00e9glementation en vigueur.<\/p>\n<p>Les promotions commerciales sur les produits vendus ne sont pas permanentes. Les dates de validit\u00e9 et conditions des offres propos\u00e9es aux clients sont\u00a0 mentionn\u00e9es sur le site. Ces offres sont \u00e9galement valables sous r\u00e9serve de la disponibilit\u00e9 des articles.<\/p>\n<p>En cas de non disponibilit\u00e9 ou de rupture de stock, le client sera inform\u00e9 dans le meilleur des d\u00e9lais.<\/p>\n<h2>03-commandes<\/h2>\n<p>Le client passe la commande soit par t\u00e9l\u00e9phone, soit par courrier ou sur le site de vente en ligne.<\/p>\n<p>t\u00e9l\u00e9phone: +33 (0) 612828120 de 9h \u00e0 12h et de 14h \u00e0 18h.<\/p>\n<p>courrier: lieu dit \u00ab le village \u00bb<br \/>\n66500 Noh\u00e8des<\/p>\n<p>site de vente en ligne: www.guara-outoor.com<\/p>\n<p>Toute commande figurant sur le site internet de vente en ligne suppose l\u2019adh\u00e9sion aux pr\u00e9sentes Conditions G\u00e9n\u00e9rales de Vente. Toute confirmation de commande entra\u00eene votre adh\u00e9sion pleine et enti\u00e8re aux pr\u00e9sentes Conditions G\u00e9n\u00e9rales de Vente, sans exception ni r\u00e9serve.<\/p>\n<p>L\u2019ensemble des donn\u00e9es fournies et la confirmation enregistr\u00e9e vaudront preuve de la transaction. Vous devez en avoir parfaite connaissance.<br \/>\nUn r\u00e9capitulatif des informations de votre commande et des pr\u00e9sentes Conditions G\u00e9n\u00e9rales de Vente, vous sera communiqu\u00e9 via l\u2019adresse e-mail de la confirmation de votre commande.<\/p>\n<h2>04-Prix- Paiement<\/h2>\n<p>Les prix des produits sont en euros toutes taxes comprises (TVA et autres taxes applicables au jour de la commande), sauf indication contraire et hors frais de traitement et d\u2019exp\u00e9dition.<\/p>\n<p>Tarifs professionnels:<br \/>\nLe prix inclut la TVA au taux pertinent et est bas\u00e9 sur la juridiction du pays de la livraison au client final. Les destinations DOM TOM et hors de l\u2019union europ\u00e9enne b\u00e9n\u00e9ficient de la vente hors taxes. La TVA disparait de la commande lors du choix de votre zone de livraison. La TVA et autres taxes locales dues \u00e0 l\u2019importation de la marchandise sont \u00e0 la charge du destinataire.<\/p>\n<p>La soci\u00e9t\u00e9 GUARA se r\u00e9serve le droit de modifier ses prix \u00e0 tout moment, mais le produit sera factur\u00e9 sur la base du tarif en vigueur au moment de la validation de la commande et sous r\u00e9serve de disponibilit\u00e9.<br \/>\nLes produits demeurent la propri\u00e9t\u00e9 de la soci\u00e9t\u00e9 GUARA jusqu\u2019au paiement complet du prix.<br \/>\nAttention: d\u00e8s que vous prenez possession physiquement des produits command\u00e9s, les risques de perte ou d\u2019endommagement des produits sont transf\u00e9r\u00e9s!<br \/>\nLe client peut payer sa commande par carte bleue, ch\u00e8que bancaire ou virement bancaire.<\/p>\n<h2>05-Livraison- R\u00e9clamation<\/h2>\n<p>Les produits sont livr\u00e9s \u00e0 l\u2019adresse de livraison indiqu\u00e9e au cours du processus de commande, dans le d\u00e9lai indiqu\u00e9 sur la page de validation de la commande.<br \/>\nEn cas de retard d\u2019exp\u00e9dition, un mail vous sera adress\u00e9 pour vous informer d\u2019une \u00e9ventuelle cons\u00e9quence sur le d\u00e9lai de livraison qui vous sera indiqu\u00e9.<br \/>\nConform\u00e9ment aux dispositions l\u00e9gales, en cas de retard de livraison vous b\u00e9n\u00e9ficiez de la possibilit\u00e9 d\u2019annuler la commande dans les conditions et modalit\u00e9s d\u00e9finies \u00e0 l\u2019article L 138-2 du Code de la Consommation. Si entre temps vous recevez le produit nous proc\u00e9dons \u00e0 son remboursement et aux frais l\u2019acheminement dans les conditions de l\u2019article L 138-3 du Code de la Consommation.<\/p>\n<p>En cas de livraison par un transporteur, la soci\u00e9t\u00e9 GUARA ne peut \u00eatre tenue pour responsable du retard de livraison d\u00fb exclusivement \u00e0 une indisponibilit\u00e9 du client apr\u00e8s plusieurs propositions de rendez-vous.<br \/>\nGuara ne pourra \u00eatre tenue pour responsable des retards \u00e9ventuels li\u00e9s \u00e0 des \u00e9v\u00e9nements ind\u00e9pendants \u00e0 sa volont\u00e9 tels que des gr\u00e8ves. De tels \u00e9v\u00e9nements n\u2019ouvrent aucun droit au client de refuser les produits ou de r\u00e9clamer des dommages et int\u00e9r\u00eats.<\/p>\n<h2>06-Droit de r\u00e9tractation- \u00c9change et remboursement<\/h2>\n<p>Conform\u00e9ment aux dispositions de l\u2019article L 121-21 du Code de la Consommation, vous disposez d\u2019un d\u00e9lai de 30 jours \u00e0 compter de la r\u00e9ception de vos produits pour exercer votre droit de r\u00e9tractation sans avoir \u00e0 justifier de motifs ni \u00e0 payer de p\u00e9nalit\u00e9. Les retours sont \u00e0 effectuer dans leurs \u00e9tats d\u2019origines et complets (emballages, accessoires, notices). Les produits ne doivent pas avoir \u00e9t\u00e9 utilis\u00e9s. Dans ce cadre, votre responsabilit\u00e9 est engag\u00e9e. Tout dommage subi par le produit \u00e0 cette occasion peut \u00eatre de nature \u00e0 faire l\u2019\u00e9chec au droit de r\u00e9tractation.<br \/>\nLes frais de retour sont \u00e0 la charge du client.<br \/>\nEn cas d\u2019exercice du droit de r\u00e9tractation, la soci\u00e9t\u00e9 Guara proc\u00e9dera au remboursement des sommes vers\u00e9es, dans un d\u00e9lais de 14 jours suivant la notification de votre demande et via le m\u00eame moyen de paiement que celui utilis\u00e9 lors de la commande.<\/p>\n<h2>07-Garanties<\/h2>\n<p>Tous nos produits b\u00e9n\u00e9ficient de la garantie l\u00e9gale de conformit\u00e9 et de la garantie des vices cach\u00e9s, pr\u00e9vues par les articles 1641 et suivants du Code Civil. En cas de non-conformit\u00e9 d&#8217;un produit vendu, il pourra \u00eatre retourn\u00e9, \u00e9chang\u00e9 ou rembours\u00e9.<br \/>\nToutes les r\u00e9clamations, demandes d&#8217;\u00e9change ou de remboursement doivent s&#8217;effectuer soit par mail ou par courrier dans le d\u00e9lai de 30 jours de la livraison.<br \/>\nLes produits doivent nous \u00eatre retourn\u00e9s dans l&#8217;\u00e9tat dans lequel vous les avez re\u00e7us avec l&#8217;ensemble des \u00e9l\u00e9ments (accessoires, emballage, notice&#8230;). Les frais d&#8217;envoi vous seront rembours\u00e9s sur la base du tarif factur\u00e9 et les frais de retour vous seront rembours\u00e9s sur pr\u00e9sentation des justificatifs.<br \/>\nLes dispositions de cet Article ne vous emp\u00eachent pas de b\u00e9n\u00e9ficier du droit de r\u00e9tractation pr\u00e9vu \u00e0 l&#8217;article 6.<\/p>\n<h2>08-Responsabilit\u00e9<\/h2>\n<p>Les produits propos\u00e9s sont conformes \u00e0 la l\u00e9gislation fran\u00e7aise en vigueur. La responsabilit\u00e9 de la soci\u00e9t\u00e9 GUARA ne saurait \u00eatre engag\u00e9e en cas de non-respect de la l\u00e9gislation du pays o\u00f9 le produit est livr\u00e9. Il vous appartient de v\u00e9rifier aupr\u00e8s des autorit\u00e9s locales les possibilit\u00e9s d&#8217;importation ou d&#8217;utilisation des produits ou services que vous envisagez de commander.<br \/>\nPar ailleurs, la soci\u00e9t\u00e9 GUARA ne saurait \u00eatre tenue pour responsable des dommages r\u00e9sultant d&#8217;une mauvaise utilisation du produit achet\u00e9.<br \/>\nMalgr\u00e9 tous les soins apport\u00e9s pour la constitution et la mise \u00e0 jour du site de vente en ligne, des erreurs, inexactitudes ou omissions peuvent subsister ainsi que des probl\u00e8mes de connexion au site de vente en ligne ou d\u2019interruption dans la connexion.<br \/>\nLa soci\u00e9t\u00e9 GUARA d\u00e9cline toute responsabilit\u00e9 quant aux dommages directs ou indirects qui pourraient en r\u00e9sulter.<br \/>\nPar les liens hyper-textes, vous avez la possibilit\u00e9 de consulter d\u2019autres sites. La soci\u00e9t\u00e9 GUARA ne peut \u00eatre tenue pour responsable des contenus des sites auxquels il est envoy\u00e9 et sur lesquels elle n\u2019a aucun contr\u00f4le.<\/p>\n<h2>09-Propri\u00e9t\u00e9 intellectuelle<\/h2>\n<p>Tous les \u00e9l\u00e9ments du site www.guara-outdoor.com sont et restent la propri\u00e9t\u00e9 intellectuelle et exclusive de la soci\u00e9t\u00e9 GUARA. Nul n&#8217;est autoris\u00e9 \u00e0 reproduire, exploiter, rediffuser, ou utiliser \u00e0 quelque titre que ce soit, m\u00eame partiellement, des \u00e9l\u00e9ments du site qu&#8217;ils soient logiciels, visuels ou sonores. Tout lien simple ou par hyper-texte est strictement interdit sans un accord \u00e9crit expr\u00e8s de la soci\u00e9t\u00e9 GUARA.<\/p>\n<h2>10-Donn\u00e9es personnelles<\/h2>\n<p>La soci\u00e9t\u00e9 GUARA se r\u00e9serve le droit de collecter les informations nominatives et les donn\u00e9es personnelles vous concernant. Elles sont n\u00e9cessaires \u00e0 la gestion de votre commande, ainsi qu&#8217;\u00e0 l&#8217;am\u00e9lioration des services et des informations que nous vous adressons.\u00a0 Elles peuvent aussi \u00eatre transmises aux soci\u00e9t\u00e9s qui contribuent \u00e0 ces relations, telles que celles charg\u00e9es de l&#8217;ex\u00e9cution des services et commandes pour leur gestion, ex\u00e9cution, traitement et paiement.<br \/>\nCes informations et donn\u00e9es sont \u00e9galement conserv\u00e9es \u00e0 des fins de s\u00e9curit\u00e9, afin de respecter les obligations l\u00e9gales et r\u00e9glementaires.<br \/>\nConform\u00e9ment \u00e0 la loi du 6 janvier 1978, vous disposez d&#8217;un droit d&#8217;acc\u00e8s, de rectification et d&#8217;opposition aux informations nominatives et aux donn\u00e9es personnelles vous concernant, directement sur le site Internet.<\/p>\n<h2>11-Litiges<\/h2>\n<p>La langue du pr\u00e9sent contrat est la langue fran\u00e7aise. Les pr\u00e9sentes conditions de vente sont soumises \u00e0 la loi fran\u00e7aise. En cas de litige, les tribunaux fran\u00e7ais seront les seuls comp\u00e9tents.<br \/>\nLa commission de l\u2019UE met \u00e0 disposition une plate-forme sur internet concernant le r\u00e8glement en ligne des litiges sous le lien suivant: http:\/\/ec.europa.eu\/consumers\/odr<br \/>\nCette plate-forme sert de point de contact pour la r\u00e9solution extrajudiciaire des litiges r\u00e9sultant des achats en ligne ou des contrats de prestations de service dans lesquels un consommateur est impliqu\u00e9. Le fournisseur n\u2019est pas tenu de ni disposer \u00e0 participer \u00e0 la proc\u00e9dure de conciliation en cas de litige avec les consommateurs au titre de la loi relative au r\u00e8glement des litiges de consommation.<br \/>\nNotre adresse e-mail est: serviceclient@guara-outdoor.com<\/p>\n<p>Conform\u00e9ment aux dispositions du code de la consommation un r\u00e8glement amiable s\u2019applique aussi pour des litiges de consommation trans-frontaliers. Si le client veut recourir au service d\u2019une telle m\u00e9diation, il peut consulter le site internet de la commission d\u2019\u00e9valuation et de contr\u00f4le de la m\u00e9diation de la consommation ( http:\/\/www.economie.gouv.fr\/mediation-conso\/commission )<br \/>\nCe site internet fournit notamment les coordonn\u00e9es du centre europ\u00e9en des consommateurs France et des indications relatives aux modalit\u00e9s de l\u2019assistance dont le consommateur peut b\u00e9n\u00e9ficier en vue du r\u00e8glement extrajudiciaire de tels litiges trans-frontaliers. Si le client veut recourir au service de m\u00e9diation lors d\u2019un litige avec le vendeur, il doit l\u2019adresser pr\u00e9alablement par \u00e9crit au vendeur. Le service du m\u00e9diateur ne peut \u00eatre saisi que lorsqu\u2019un accord avec le vendeur n\u2019a pas abouti.<\/p>\n<h2>12-Archivage Preuve<\/h2>\n<p>La soci\u00e9t\u00e9 Guara archivera les bons de commandes et les factures sur un support fiable et durable constituant une copie fid\u00e8le conform\u00e9ment aux dispositions de l&#8217;article 1348 du Code civil. Les registres informatis\u00e9s de la soci\u00e9t\u00e9 Guara seront consid\u00e9r\u00e9s par toutes les parties concern\u00e9es comme preuve des communications, commandes, paiements et transactions intervenus entre les parties.<\/p>\n","protected":false},"excerpt":{"rendered":"<p>01-Objet Les pr\u00e9sentes conditions g\u00e9n\u00e9rales de ventes r\u00e9alis\u00e9es entre la soci\u00e9t\u00e9 GUARA, soci\u00e9t\u00e9 par actions simplifi\u00e9es unipersonnel (SASU) au capital de 15 000\u20ac inscrite au registre du commerce de Perpignan sous le num\u00e9ro 830263257 dont le si\u00e8ge social est situ\u00e9<\/p>\n","protected":false},"author":1,"featured_media":0,"parent":0,"menu_order":0,"comment_status":"closed","ping_status":"closed","template":"","meta":{"footnotes":""},"class_list":["post-539","page","type-page","status-publish","hentry"],"acf":[],"yoast_head":"<!-- This site is optimized with the Yoast SEO plugin v27.0 - https:\/\/yoast.com\/product\/yoast-seo-wordpress\/ -->\n<title>Terms - Guara Outdoor<\/title>\n<meta name=\"robots\" content=\"index, follow, max-snippet:-1, max-image-preview:large, max-video-preview:-1\" \/>\n<link rel=\"canonical\" href=\"https:\/\/www.guara-outdoor.com\/en\/terms\/\" \/>\n<meta property=\"og:locale\" content=\"en_US\" \/>\n<meta property=\"og:type\" content=\"article\" \/>\n<meta property=\"og:title\" content=\"Terms - Guara Outdoor\" \/>\n<meta property=\"og:description\" content=\"01-Objet Les pr\u00e9sentes conditions g\u00e9n\u00e9rales de ventes r\u00e9alis\u00e9es entre la soci\u00e9t\u00e9 GUARA, soci\u00e9t\u00e9 par actions simplifi\u00e9es unipersonnel (SASU) au capital de 15 000\u20ac inscrite au registre du commerce de Perpignan sous le num\u00e9ro 830263257 dont le si\u00e8ge social est situ\u00e9\" \/>\n<meta property=\"og:url\" content=\"https:\/\/www.guara-outdoor.com\/en\/terms\/\" \/>\n<meta property=\"og:site_name\" content=\"Guara Outdoor\" \/>\n<meta property=\"article:modified_time\" content=\"2018-01-10T14:11:22+00:00\" \/>\n<meta name=\"twitter:card\" content=\"summary_large_image\" \/>\n<meta name=\"twitter:label1\" content=\"Est. reading time\" \/>\n\t<meta name=\"twitter:data1\" content=\"10 minutes\" \/>\n<script type=\"application\/ld+json\" class=\"yoast-schema-graph\">{\"@context\":\"https:\/\/schema.org\",\"@graph\":[{\"@type\":\"WebPage\",\"@id\":\"https:\/\/www.guara-outdoor.com\/en\/terms\/\",\"url\":\"https:\/\/www.guara-outdoor.com\/en\/terms\/\",\"name\":\"Terms - Guara Outdoor\",\"isPartOf\":{\"@id\":\"https:\/\/www.guara-outdoor.com\/en\/#website\"},\"datePublished\":\"2017-10-12T13:39:26+00:00\",\"dateModified\":\"2018-01-10T14:11:22+00:00\",\"breadcrumb\":{\"@id\":\"https:\/\/www.guara-outdoor.com\/en\/terms\/#breadcrumb\"},\"inLanguage\":\"en-US\",\"potentialAction\":[{\"@type\":\"ReadAction\",\"target\":[\"https:\/\/www.guara-outdoor.com\/en\/terms\/\"]}]},{\"@type\":\"BreadcrumbList\",\"@id\":\"https:\/\/www.guara-outdoor.com\/en\/terms\/#breadcrumb\",\"itemListElement\":[{\"@type\":\"ListItem\",\"position\":1,\"name\":\"Accueil\",\"item\":\"https:\/\/www.guara-outdoor.com\/en\/\"},{\"@type\":\"ListItem\",\"position\":2,\"name\":\"Terms\"}]},{\"@type\":\"WebSite\",\"@id\":\"https:\/\/www.guara-outdoor.com\/en\/#website\",\"url\":\"https:\/\/www.guara-outdoor.com\/en\/\",\"name\":\"Guara Outdoor\",\"description\":\"made for adventure\",\"potentialAction\":[{\"@type\":\"SearchAction\",\"target\":{\"@type\":\"EntryPoint\",\"urlTemplate\":\"https:\/\/www.guara-outdoor.com\/en\/?s={search_term_string}\"},\"query-input\":{\"@type\":\"PropertyValueSpecification\",\"valueRequired\":true,\"valueName\":\"search_term_string\"}}],\"inLanguage\":\"en-US\"}]}<\/script>\n<!-- \/ Yoast SEO plugin. -->","yoast_head_json":{"title":"Terms - Guara Outdoor","robots":{"index":"index","follow":"follow","max-snippet":"max-snippet:-1","max-image-preview":"max-image-preview:large","max-video-preview":"max-video-preview:-1"},"canonical":"https:\/\/www.guara-outdoor.com\/en\/terms\/","og_locale":"en_US","og_type":"article","og_title":"Terms - Guara Outdoor","og_description":"01-Objet Les pr\u00e9sentes conditions g\u00e9n\u00e9rales de ventes r\u00e9alis\u00e9es entre la soci\u00e9t\u00e9 GUARA, soci\u00e9t\u00e9 par actions simplifi\u00e9es unipersonnel (SASU) au capital de 15 000\u20ac inscrite au registre du commerce de Perpignan sous le num\u00e9ro 830263257 dont le si\u00e8ge social est situ\u00e9","og_url":"https:\/\/www.guara-outdoor.com\/en\/terms\/","og_site_name":"Guara Outdoor","article_modified_time":"2018-01-10T14:11:22+00:00","twitter_card":"summary_large_image","twitter_misc":{"Est. reading time":"10 minutes"},"schema":{"@context":"https:\/\/schema.org","@graph":[{"@type":"WebPage","@id":"https:\/\/www.guara-outdoor.com\/en\/terms\/","url":"https:\/\/www.guara-outdoor.com\/en\/terms\/","name":"Terms - Guara Outdoor","isPartOf":{"@id":"https:\/\/www.guara-outdoor.com\/en\/#website"},"datePublished":"2017-10-12T13:39:26+00:00","dateModified":"2018-01-10T14:11:22+00:00","breadcrumb":{"@id":"https:\/\/www.guara-outdoor.com\/en\/terms\/#breadcrumb"},"inLanguage":"en-US","potentialAction":[{"@type":"ReadAction","target":["https:\/\/www.guara-outdoor.com\/en\/terms\/"]}]},{"@type":"BreadcrumbList","@id":"https:\/\/www.guara-outdoor.com\/en\/terms\/#breadcrumb","itemListElement":[{"@type":"ListItem","position":1,"name":"Accueil","item":"https:\/\/www.guara-outdoor.com\/en\/"},{"@type":"ListItem","position":2,"name":"Terms"}]},{"@type":"WebSite","@id":"https:\/\/www.guara-outdoor.com\/en\/#website","url":"https:\/\/www.guara-outdoor.com\/en\/","name":"Guara Outdoor","description":"made for adventure","potentialAction":[{"@type":"SearchAction","target":{"@type":"EntryPoint","urlTemplate":"https:\/\/www.guara-outdoor.com\/en\/?s={search_term_string}"},"query-input":{"@type":"PropertyValueSpecification","valueRequired":true,"valueName":"search_term_string"}}],"inLanguage":"en-US"}]}},"_links":{"self":[{"href":"https:\/\/www.guara-outdoor.com\/en\/wp-json\/wp\/v2\/pages\/539","targetHints":{"allow":["GET"]}}],"collection":[{"href":"https:\/\/www.guara-outdoor.com\/en\/wp-json\/wp\/v2\/pages"}],"about":[{"href":"https:\/\/www.guara-outdoor.com\/en\/wp-json\/wp\/v2\/types\/page"}],"author":[{"embeddable":true,"href":"https:\/\/www.guara-outdoor.com\/en\/wp-json\/wp\/v2\/users\/1"}],"replies":[{"embeddable":true,"href":"https:\/\/www.guara-outdoor.com\/en\/wp-json\/wp\/v2\/comments?post=539"}],"version-history":[{"count":3,"href":"https:\/\/www.guara-outdoor.com\/en\/wp-json\/wp\/v2\/pages\/539\/revisions"}],"predecessor-version":[{"id":1064,"href":"https:\/\/www.guara-outdoor.com\/en\/wp-json\/wp\/v2\/pages\/539\/revisions\/1064"}],"wp:attachment":[{"href":"https:\/\/www.guara-outdoor.com\/en\/wp-json\/wp\/v2\/media?parent=539"}],"curies":[{"name":"wp","href":"https:\/\/api.w.org\/{rel}","templated":true}]}}