{"id":1078,"date":"2017-07-25T11:31:47","date_gmt":"2017-07-25T09:31:47","guid":{"rendered":"https:\/\/www.guara-outdoor.com\/guide-des-tailles\/"},"modified":"2018-01-10T15:17:43","modified_gmt":"2018-01-10T14:17:43","slug":"size-guide","status":"publish","type":"page","link":"https:\/\/www.guara-outdoor.com\/en\/size-guide\/","title":{"rendered":"Size guide"},"content":{"rendered":"<h1>Size guide<\/h1>\n\n<table id=\"tablepress-3\" class=\"tablepress tablepress-id-3 tbody-has-connected-cells\">\n<thead>\n<tr class=\"row-1\">\n\t<th colspan=\"4\" class=\"column-1\">Neoprene wetsuits<\/th>\n<\/tr>\n<\/thead>\n<tbody class=\"row-striping\">\n<tr class=\"row-2\">\n\t<td class=\"column-1\">Weight<\/td><td class=\"column-2\">Height<\/td><td class=\"column-3\"><\/td><td class=\"column-4\"><\/td>\n<\/tr>\n<tr class=\"row-3\">\n\t<td colspan=\"4\" class=\"column-1\">Kids<\/td>\n<\/tr>\n<tr class=\"row-4\">\n\t<td class=\"column-1\">from 25 to 35 kg<\/td><td class=\"column-2\">1,25m<\/td><td class=\"column-3\"><\/td><td class=\"column-4\">S 8 years<\/td>\n<\/tr>\n<tr class=\"row-5\">\n\t<td class=\"column-1\">from 30 to 42 kg<\/td><td class=\"column-2\">1,33m<\/td><td class=\"column-3\"><\/td><td class=\"column-4\">S 10 year<\/td>\n<\/tr>\n<tr class=\"row-6\">\n\t<td class=\"column-1\">from 35 to 50 kg<\/td><td class=\"column-2\">1,40m<\/td><td class=\"column-3\">2XS<\/td><td class=\"column-4\">S 12 year<\/td>\n<\/tr>\n<tr class=\"row-7\">\n\t<td colspan=\"4\" class=\"column-1\">Adult<\/td>\n<\/tr>\n<tr class=\"row-8\">\n\t<td class=\"column-1\">from 45 to 55 kg<\/td><td class=\"column-2\">from 1,50m to 1,60m<\/td><td class=\"column-3\">XS<\/td><td class=\"column-4\">S 0<\/td>\n<\/tr>\n<tr class=\"row-9\">\n\t<td class=\"column-1\">from 52 to 60 kg<\/td><td class=\"column-2\">from 1,55m to 1,65m<\/td><td class=\"column-3\">S<\/td><td class=\"column-4\">S 1<\/td>\n<\/tr>\n<tr class=\"row-10\">\n\t<td class=\"column-1\">from 60 to 72 kg<\/td><td class=\"column-2\">from 1,65m to 1,75m<\/td><td class=\"column-3\">M<\/td><td class=\"column-4\">S 2<\/td>\n<\/tr>\n<tr class=\"row-11\">\n\t<td class=\"column-1\">from 70 to 85 kg<\/td><td class=\"column-2\">from 1,75m to 1,85m<\/td><td class=\"column-3\">L<\/td><td class=\"column-4\">S 3<\/td>\n<\/tr>\n<tr class=\"row-12\">\n\t<td class=\"column-1\">from 80 to 90 kg<\/td><td class=\"column-2\">from 1,80m to 1,85m<\/td><td class=\"column-3\">XL<\/td><td class=\"column-4\">S 4<\/td>\n<\/tr>\n<tr class=\"row-13\">\n\t<td class=\"column-1\">from 90 to 105 kg<\/td><td class=\"column-2\">from 1,85m to 1, 90m<\/td><td class=\"column-3\">XXL<\/td><td class=\"column-4\">S 5<\/td>\n<\/tr>\n<tr class=\"row-14\">\n\t<td class=\"column-1\">from 105 to 115 kg<\/td><td class=\"column-2\">from 1,90m to 1,95m<\/td><td class=\"column-3\">3XL<\/td><td class=\"column-4\">S 6<\/td>\n<\/tr>\n<tr class=\"row-15\">\n\t<td class=\"column-1\">from 115 to 125 kg<\/td><td class=\"column-2\">from 1,95m to 2,00m<\/td><td class=\"column-3\">4XL<\/td><td class=\"column-4\">S 7<\/td>\n<\/tr>\n<\/tbody>\n<\/table>\n<!-- #tablepress-3 from cache -->\n<p>&nbsp;<\/p>\n\n<table id=\"tablepress-4\" class=\"tablepress tablepress-id-4\">\n<thead>\n<tr class=\"row-1\">\n\t<th colspan=\"3\" class=\"column-1\">Neoprene socks<\/th>\n<\/tr>\n<\/thead>\n<tbody class=\"row-striping row-hover\">\n<tr class=\"row-2\">\n\t<td class=\"column-1\">31\/32<\/td><td class=\"column-2\">3XS<\/td><td class=\"column-3\">12 years<\/td>\n<\/tr>\n<tr class=\"row-3\">\n\t<td class=\"column-1\">33\/34<\/td><td class=\"column-2\">2XS<\/td><td class=\"column-3\">14 years<\/td>\n<\/tr>\n<tr class=\"row-4\">\n\t<td class=\"column-1\">35\/36<\/td><td class=\"column-2\">XS<\/td><td class=\"column-3\">0<\/td>\n<\/tr>\n<tr class=\"row-5\">\n\t<td class=\"column-1\">37\/38<\/td><td class=\"column-2\">S<\/td><td class=\"column-3\">1<\/td>\n<\/tr>\n<tr class=\"row-6\">\n\t<td class=\"column-1\">39\/40<\/td><td class=\"column-2\">M<\/td><td class=\"column-3\">2<\/td>\n<\/tr>\n<tr class=\"row-7\">\n\t<td class=\"column-1\">41\/42<\/td><td class=\"column-2\">L<\/td><td class=\"column-3\">3<\/td>\n<\/tr>\n<tr class=\"row-8\">\n\t<td class=\"column-1\">43\/44<\/td><td class=\"column-2\">XL<\/td><td class=\"column-3\">4<\/td>\n<\/tr>\n<tr class=\"row-9\">\n\t<td class=\"column-1\">45\/46<\/td><td class=\"column-2\">XXL<\/td><td class=\"column-3\">5<\/td>\n<\/tr>\n<tr class=\"row-10\">\n\t<td class=\"column-1\">47\/48<\/td><td class=\"column-2\">3XL<\/td><td class=\"column-3\">6<\/td>\n<\/tr>\n<\/tbody>\n<\/table>\n<!-- #tablepress-4 from cache -->\n","protected":false},"excerpt":{"rendered":"<p>Size guide &nbsp;<\/p>\n","protected":false},"author":1,"featured_media":0,"parent":0,"menu_order":0,"comment_status":"closed","ping_status":"closed","template":"","meta":{"footnotes":""},"class_list":["post-1078","page","type-page","status-publish","hentry"],"acf":[],"yoast_head":"<!-- This site is optimized with the Yoast SEO plugin v27.0 - https:\/\/yoast.com\/product\/yoast-seo-wordpress\/ -->\n<title>Le Guide pour bien choisir sa taille GUARA-Outdoor<\/title>\n<meta name=\"description\" content=\"Grille des tailles GUARA. COMMENT CHOISIR LA BONNE TAILLE ? Pour \u00eatre s\u00fbr de commander la bonne taille, voici un guide pour vous aider au mieux dans votre choix en fonction de votre morphologie. Qu&#039;ils s&#039;agissent d&#039;une combinaison n\u00e9opr\u00e8ne 5,5 mm &quot;Taurinya + Galamus&quot;, ou de chaussons n\u00e9opr\u00e8ne &quot;Cady&quot; en 3mm.\" \/>\n<meta name=\"robots\" content=\"index, follow, max-snippet:-1, max-image-preview:large, max-video-preview:-1\" \/>\n<link rel=\"canonical\" href=\"https:\/\/www.guara-outdoor.com\/en\/size-guide\/\" \/>\n<meta property=\"og:locale\" content=\"en_US\" \/>\n<meta property=\"og:type\" content=\"article\" \/>\n<meta property=\"og:title\" content=\"Le Guide pour bien choisir sa taille GUARA-Outdoor\" \/>\n<meta property=\"og:description\" content=\"Grille des tailles GUARA. COMMENT CHOISIR LA BONNE TAILLE ? Pour \u00eatre s\u00fbr de commander la bonne taille, voici un guide pour vous aider au mieux dans votre choix en fonction de votre morphologie. Qu&#039;ils s&#039;agissent d&#039;une combinaison n\u00e9opr\u00e8ne 5,5 mm &quot;Taurinya + Galamus&quot;, ou de chaussons n\u00e9opr\u00e8ne &quot;Cady&quot; en 3mm.\" \/>\n<meta property=\"og:url\" content=\"https:\/\/www.guara-outdoor.com\/en\/size-guide\/\" \/>\n<meta property=\"og:site_name\" content=\"Guara Outdoor\" \/>\n<meta property=\"article:modified_time\" content=\"2018-01-10T14:17:43+00:00\" \/>\n<meta name=\"twitter:card\" content=\"summary_large_image\" \/>\n<script type=\"application\/ld+json\" class=\"yoast-schema-graph\">{\"@context\":\"https:\/\/schema.org\",\"@graph\":[{\"@type\":\"WebPage\",\"@id\":\"https:\/\/www.guara-outdoor.com\/en\/size-guide\/\",\"url\":\"https:\/\/www.guara-outdoor.com\/en\/size-guide\/\",\"name\":\"Le Guide pour bien choisir sa taille GUARA-Outdoor\",\"isPartOf\":{\"@id\":\"https:\/\/www.guara-outdoor.com\/en\/#website\"},\"datePublished\":\"2017-07-25T09:31:47+00:00\",\"dateModified\":\"2018-01-10T14:17:43+00:00\",\"description\":\"Grille des tailles GUARA. COMMENT CHOISIR LA BONNE TAILLE ? Pour \u00eatre s\u00fbr de commander la bonne taille, voici un guide pour vous aider au mieux dans votre choix en fonction de votre morphologie. Qu'ils s'agissent d'une combinaison n\u00e9opr\u00e8ne 5,5 mm \\\"Taurinya + Galamus\\\", ou de chaussons n\u00e9opr\u00e8ne \\\"Cady\\\" en 3mm.\",\"breadcrumb\":{\"@id\":\"https:\/\/www.guara-outdoor.com\/en\/size-guide\/#breadcrumb\"},\"inLanguage\":\"en-US\",\"potentialAction\":[{\"@type\":\"ReadAction\",\"target\":[\"https:\/\/www.guara-outdoor.com\/en\/size-guide\/\"]}]},{\"@type\":\"BreadcrumbList\",\"@id\":\"https:\/\/www.guara-outdoor.com\/en\/size-guide\/#breadcrumb\",\"itemListElement\":[{\"@type\":\"ListItem\",\"position\":1,\"name\":\"Accueil\",\"item\":\"https:\/\/www.guara-outdoor.com\/en\/\"},{\"@type\":\"ListItem\",\"position\":2,\"name\":\"Size guide\"}]},{\"@type\":\"WebSite\",\"@id\":\"https:\/\/www.guara-outdoor.com\/en\/#website\",\"url\":\"https:\/\/www.guara-outdoor.com\/en\/\",\"name\":\"Guara Outdoor\",\"description\":\"made for adventure\",\"potentialAction\":[{\"@type\":\"SearchAction\",\"target\":{\"@type\":\"EntryPoint\",\"urlTemplate\":\"https:\/\/www.guara-outdoor.com\/en\/?s={search_term_string}\"},\"query-input\":{\"@type\":\"PropertyValueSpecification\",\"valueRequired\":true,\"valueName\":\"search_term_string\"}}],\"inLanguage\":\"en-US\"}]}<\/script>\n<!-- \/ Yoast SEO plugin. -->","yoast_head_json":{"title":"Le Guide pour bien choisir sa taille GUARA-Outdoor","description":"Grille des tailles GUARA. COMMENT CHOISIR LA BONNE TAILLE ? Pour \u00eatre s\u00fbr de commander la bonne taille, voici un guide pour vous aider au mieux dans votre choix en fonction de votre morphologie. Qu'ils s'agissent d'une combinaison n\u00e9opr\u00e8ne 5,5 mm \"Taurinya + Galamus\", ou de chaussons n\u00e9opr\u00e8ne \"Cady\" en 3mm.","robots":{"index":"index","follow":"follow","max-snippet":"max-snippet:-1","max-image-preview":"max-image-preview:large","max-video-preview":"max-video-preview:-1"},"canonical":"https:\/\/www.guara-outdoor.com\/en\/size-guide\/","og_locale":"en_US","og_type":"article","og_title":"Le Guide pour bien choisir sa taille GUARA-Outdoor","og_description":"Grille des tailles GUARA. COMMENT CHOISIR LA BONNE TAILLE ? Pour \u00eatre s\u00fbr de commander la bonne taille, voici un guide pour vous aider au mieux dans votre choix en fonction de votre morphologie. Qu'ils s'agissent d'une combinaison n\u00e9opr\u00e8ne 5,5 mm \"Taurinya + Galamus\", ou de chaussons n\u00e9opr\u00e8ne \"Cady\" en 3mm.","og_url":"https:\/\/www.guara-outdoor.com\/en\/size-guide\/","og_site_name":"Guara Outdoor","article_modified_time":"2018-01-10T14:17:43+00:00","twitter_card":"summary_large_image","schema":{"@context":"https:\/\/schema.org","@graph":[{"@type":"WebPage","@id":"https:\/\/www.guara-outdoor.com\/en\/size-guide\/","url":"https:\/\/www.guara-outdoor.com\/en\/size-guide\/","name":"Le Guide pour bien choisir sa taille GUARA-Outdoor","isPartOf":{"@id":"https:\/\/www.guara-outdoor.com\/en\/#website"},"datePublished":"2017-07-25T09:31:47+00:00","dateModified":"2018-01-10T14:17:43+00:00","description":"Grille des tailles GUARA. COMMENT CHOISIR LA BONNE TAILLE ? Pour \u00eatre s\u00fbr de commander la bonne taille, voici un guide pour vous aider au mieux dans votre choix en fonction de votre morphologie. Qu'ils s'agissent d'une combinaison n\u00e9opr\u00e8ne 5,5 mm \"Taurinya + Galamus\", ou de chaussons n\u00e9opr\u00e8ne \"Cady\" en 3mm.","breadcrumb":{"@id":"https:\/\/www.guara-outdoor.com\/en\/size-guide\/#breadcrumb"},"inLanguage":"en-US","potentialAction":[{"@type":"ReadAction","target":["https:\/\/www.guara-outdoor.com\/en\/size-guide\/"]}]},{"@type":"BreadcrumbList","@id":"https:\/\/www.guara-outdoor.com\/en\/size-guide\/#breadcrumb","itemListElement":[{"@type":"ListItem","position":1,"name":"Accueil","item":"https:\/\/www.guara-outdoor.com\/en\/"},{"@type":"ListItem","position":2,"name":"Size guide"}]},{"@type":"WebSite","@id":"https:\/\/www.guara-outdoor.com\/en\/#website","url":"https:\/\/www.guara-outdoor.com\/en\/","name":"Guara Outdoor","description":"made for adventure","potentialAction":[{"@type":"SearchAction","target":{"@type":"EntryPoint","urlTemplate":"https:\/\/www.guara-outdoor.com\/en\/?s={search_term_string}"},"query-input":{"@type":"PropertyValueSpecification","valueRequired":true,"valueName":"search_term_string"}}],"inLanguage":"en-US"}]}},"_links":{"self":[{"href":"https:\/\/www.guara-outdoor.com\/en\/wp-json\/wp\/v2\/pages\/1078","targetHints":{"allow":["GET"]}}],"collection":[{"href":"https:\/\/www.guara-outdoor.com\/en\/wp-json\/wp\/v2\/pages"}],"about":[{"href":"https:\/\/www.guara-outdoor.com\/en\/wp-json\/wp\/v2\/types\/page"}],"author":[{"embeddable":true,"href":"https:\/\/www.guara-outdoor.com\/en\/wp-json\/wp\/v2\/users\/1"}],"replies":[{"embeddable":true,"href":"https:\/\/www.guara-outdoor.com\/en\/wp-json\/wp\/v2\/comments?post=1078"}],"version-history":[{"count":1,"href":"https:\/\/www.guara-outdoor.com\/en\/wp-json\/wp\/v2\/pages\/1078\/revisions"}],"predecessor-version":[{"id":1081,"href":"https:\/\/www.guara-outdoor.com\/en\/wp-json\/wp\/v2\/pages\/1078\/revisions\/1081"}],"wp:attachment":[{"href":"https:\/\/www.guara-outdoor.com\/en\/wp-json\/wp\/v2\/media?parent=1078"}],"curies":[{"name":"wp","href":"https:\/\/api.w.org\/{rel}","templated":true}]}}